{"id":86,"date":"2014-07-16T18:12:04","date_gmt":"2014-07-16T18:12:04","guid":{"rendered":"http:\/\/vangrimdecorpssecrets.com\/?page_id=86"},"modified":"2022-09-15T12:46:46","modified_gmt":"2022-09-15T12:46:46","slug":"publications","status":"publish","type":"page","link":"https:\/\/vangrimdecorpssecrets.com\/en\/oeuvres\/repertoire\/publications\/","title":{"rendered":"Publications"},"content":{"rendered":"<p><\/p>\n<p class=\"p1\"><span class=\"s1\"><a href=\"https:\/\/www.amazon.ca\/gp\/switch-language\/product\/0969989881\/ref=cs_switchlang?ie=UTF8&amp;language=fr_CA\">Catalogue d\u2019exposition et recueil d\u2019essais<\/a> autour de la cr\u00e9ation-exposition <a href=\"http:\/\/vangrimdecorpssecrets.com\/oeuvres-virtuelles\/le-corps-en-questions\/\">Le corps en\u00a0<\/a><\/span><span class=\"s1\"><a href=\"http:\/\/vangrimdecorpssecrets.com\/oeuvres-virtuelles\/le-corps-en-questions\/\">question(s)<\/a>, publication de l\u2019Universit\u00e9 de l\u2019Albert en collaboration avec le Conseil de recherche\u00a0<\/span><span class=\"s1\">en sciences humaines du Canada, \u00e9diteurs : Cristian Berco, Sean Caulfield et Isabelle Van\u00a0<\/span><span class=\"s1\">Grimde.\u00a0<\/span><\/p>\n<p class=\"p1\"><span class=\"s1\">Publication de S\u00e9paration de la main, prises de notes \u00e0 partir du spectacle Bodies to Bodies &#8211; Les\u00a0<\/span><span class=\"s1\">chemins de traverse Metz par Isabelle van Grimde. Dessins: Agn\u00e8s Gorchkoff. Textes: G\u00e9rard\u00a0<\/span><span class=\"s1\">Mayen.<\/span><\/p>\n<p class=\"p1\"><span class=\"s1\">Ce qui nous \u00e9chappe et qui me fascine, chapitre dans La danse au Qu\u00e9bec, Cahiers du\u00a0<\/span><span class=\"s1\">Concertgebouw, publi\u00e9 par Borgerhoff&amp;Lamberigts, Gand, Belgique, 2008.<\/span><\/p>\n<p class=\"p1\"><span class=\"s1\">Essais et r\u00e9flexions sur Perspectives Montr\u00e9al, des textes de l\u2019auteure Guylaine Massoutre (Pour\u00a0<\/span><span class=\"s1\">une pens\u00e9e des rythmes dans une soci\u00e9t\u00e9 o\u00f9 il serait possible de vivre distincts, ensemble) et de\u00a0<\/span><span class=\"s1\">la metteure en sc\u00e8ne Martine Beaulnes (R\u00e9flexions sur le travail de Perspectives), publication\u00a0<\/span><span class=\"s1\">Van Grimde Corps Secrets, \u00e9ditrice : Isabelle Van Grimde, Montr\u00e9al, 2007.<\/span><\/p>\n<p class=\"p1\"><span class=\"s1\">Why do we dance, essai publi\u00e9 dans la revue d\u2019art Ballettanz, Berlin, Octobre 2005.<\/span><\/p>\n<p><\/p>","protected":false},"excerpt":{"rendered":"<p>Catalogue d\u2019exposition et recueil d\u2019essais autour de la cr\u00e9ation-exposition Le corps en\u00a0question(s), publication de l\u2019Universit\u00e9 de l\u2019Albert en collaboration avec le Conseil de recherche\u00a0en sciences humaines du Canada, \u00e9diteurs : Cristian Berco, Sean Caulfield et Isabelle Van\u00a0Grimde.\u00a0 Publication de S\u00e9paration de la main, prises de notes \u00e0 partir du spectacle Bodies to Bodies &#8211; Les\u00a0chemins&hellip;<\/p>\n","protected":false},"author":1,"featured_media":0,"parent":80,"menu_order":107,"comment_status":"closed","ping_status":"closed","template":"","meta":{"footnotes":""},"class_list":["post-86","page","type-page","status-publish","hentry","description-off"],"_links":{"self":[{"href":"https:\/\/vangrimdecorpssecrets.com\/en\/wp-json\/wp\/v2\/pages\/86","targetHints":{"allow":["GET"]}}],"collection":[{"href":"https:\/\/vangrimdecorpssecrets.com\/en\/wp-json\/wp\/v2\/pages"}],"about":[{"href":"https:\/\/vangrimdecorpssecrets.com\/en\/wp-json\/wp\/v2\/types\/page"}],"author":[{"embeddable":true,"href":"https:\/\/vangrimdecorpssecrets.com\/en\/wp-json\/wp\/v2\/users\/1"}],"replies":[{"embeddable":true,"href":"https:\/\/vangrimdecorpssecrets.com\/en\/wp-json\/wp\/v2\/comments?post=86"}],"version-history":[{"count":2,"href":"https:\/\/vangrimdecorpssecrets.com\/en\/wp-json\/wp\/v2\/pages\/86\/revisions"}],"predecessor-version":[{"id":1591,"href":"https:\/\/vangrimdecorpssecrets.com\/en\/wp-json\/wp\/v2\/pages\/86\/revisions\/1591"}],"up":[{"embeddable":true,"href":"https:\/\/vangrimdecorpssecrets.com\/en\/wp-json\/wp\/v2\/pages\/80"}],"wp:attachment":[{"href":"https:\/\/vangrimdecorpssecrets.com\/en\/wp-json\/wp\/v2\/media?parent=86"}],"curies":[{"name":"wp","href":"https:\/\/api.w.org\/{rel}","templated":true}]}}