{"id":820,"date":"2016-03-15T17:03:30","date_gmt":"2016-03-15T21:03:30","guid":{"rendered":"http:\/\/vangrimdecorpssecrets.com\/?page_id=820"},"modified":"2022-09-15T12:46:11","modified_gmt":"2022-09-15T12:46:11","slug":"photos","status":"publish","type":"page","link":"https:\/\/vangrimdecorpssecrets.com\/en\/oeuvres\/symphonie-5-1\/photos\/","title":{"rendered":"Photos"},"content":{"rendered":"\n\t\t\t<style type='text\/css'>\n\t\t\t\t#gallery-1 {\n\t\t\t\t\tmargin: auto;\n\t\t\t\t}\n\t\t\t\t#gallery-1 .gallery-item {\n\t\t\t\t\tfloat: left;\n\t\t\t\t\tmargin-top: 10px;\n\t\t\t\t\ttext-align: center;\n\t\t\t\t\twidth: 33%;\n\t\t\t\t}\n\t\t\t\t#gallery-1 img {\n\t\t\t\t\tborder: 2px solid #cfcfcf;\n\t\t\t\t}\n\t\t\t\t#gallery-1 .gallery-caption {\n\t\t\t\t\tmargin-left: 0;\n\t\t\t\t}\n\t\t\t\t\/* see gallery_shortcode() in wp-includes\/media.php *\/\n\t\t\t<\/style>\n\t\t<div id='gallery-1' class='dt-gallery-container gallery galleryid-820 gallery-columns-3 gallery-size-medium'><dl class='gallery-item'>\n\t\t\t\t<dt class='gallery-icon landscape'>\n\t\t\t\t\t<a class=\"rollover rollover-zoom dt-pswp-item\" title=\"Symphonie 5.1-38\" data-dt-img-description=\"\" data-large_image_width=\"5184\" data-large_image_height=\"3456\"href='https:\/\/vangrimdecorpssecrets.com\/wp-content\/uploads\/2016\/03\/Symphonie-5.1-38.jpg'><img loading=\"lazy\" decoding=\"async\" width=\"300\" height=\"200\" src=\"https:\/\/vangrimdecorpssecrets.com\/wp-content\/uploads\/2016\/03\/Symphonie-5.1-38-300x200.jpg\" class=\"attachment-medium size-medium\" alt=\"\" aria-describedby=\"gallery-1-821\" srcset=\"https:\/\/vangrimdecorpssecrets.com\/wp-content\/uploads\/2016\/03\/Symphonie-5.1-38-300x200.jpg 300w, https:\/\/vangrimdecorpssecrets.com\/wp-content\/uploads\/2016\/03\/Symphonie-5.1-38-768x512.jpg 768w, https:\/\/vangrimdecorpssecrets.com\/wp-content\/uploads\/2016\/03\/Symphonie-5.1-38-1024x683.jpg 1024w\" sizes=\"auto, (max-width: 300px) 100vw, 300px\" \/><\/a>\n\t\t\t\t<\/dt>\n\t\t\t\t\t<dd class='wp-caption-text gallery-caption' id='gallery-1-821'>\n\t\t\t\t\tPhoto : J. Delapierre &#8211; Interpr\u00e8te \/ Performer : M.\u00c8 Lafontaine\n\t\t\t\t\t<\/dd><\/dl><dl class='gallery-item'>\n\t\t\t\t<dt class='gallery-icon landscape'>\n\t\t\t\t\t<a class=\"rollover rollover-zoom dt-pswp-item\" title=\"Symphonie 5.1\" data-dt-img-description=\"\" data-large_image_width=\"4096\" data-large_image_height=\"2154\"href='https:\/\/vangrimdecorpssecrets.com\/wp-content\/uploads\/2016\/03\/Photo-3_Je\u0301ro\u0302me-Delapierre.jpg'><img loading=\"lazy\" decoding=\"async\" width=\"300\" height=\"158\" src=\"https:\/\/vangrimdecorpssecrets.com\/wp-content\/uploads\/2016\/03\/Photo-3_Je\u0301ro\u0302me-Delapierre-300x158.jpg\" class=\"attachment-medium size-medium\" alt=\"\" aria-describedby=\"gallery-1-823\" srcset=\"https:\/\/vangrimdecorpssecrets.com\/wp-content\/uploads\/2016\/03\/Photo-3_Je\u0301ro\u0302me-Delapierre-300x158.jpg 300w, https:\/\/vangrimdecorpssecrets.com\/wp-content\/uploads\/2016\/03\/Photo-3_Je\u0301ro\u0302me-Delapierre-768x404.jpg 768w, https:\/\/vangrimdecorpssecrets.com\/wp-content\/uploads\/2016\/03\/Photo-3_Je\u0301ro\u0302me-Delapierre-1024x539.jpg 1024w\" sizes=\"auto, (max-width: 300px) 100vw, 300px\" \/><\/a>\n\t\t\t\t<\/dt>\n\t\t\t\t\t<dd class='wp-caption-text gallery-caption' id='gallery-1-823'>\n\t\t\t\t\tPhoto : J\u00e9r\u00f4me Delapierre \/ Interpr\u00e8te \/ Performer : Georges-Nicolas Tremblay\n\t\t\t\t\t<\/dd><\/dl><dl class='gallery-item'>\n\t\t\t\t<dt class='gallery-icon landscape'>\n\t\t\t\t\t<a class=\"rollover rollover-zoom dt-pswp-item\" title=\"Photo 4_Je\u0301ro\u0302me Delapierre\" data-dt-img-description=\"\" data-large_image_width=\"4096\" data-large_image_height=\"2154\"href='https:\/\/vangrimdecorpssecrets.com\/wp-content\/uploads\/2016\/03\/Photo-4_Je\u0301ro\u0302me-Delapierre.jpg'><img loading=\"lazy\" decoding=\"async\" width=\"300\" height=\"158\" src=\"https:\/\/vangrimdecorpssecrets.com\/wp-content\/uploads\/2016\/03\/Photo-4_Je\u0301ro\u0302me-Delapierre-300x158.jpg\" class=\"attachment-medium size-medium\" alt=\"\" aria-describedby=\"gallery-1-824\" srcset=\"https:\/\/vangrimdecorpssecrets.com\/wp-content\/uploads\/2016\/03\/Photo-4_Je\u0301ro\u0302me-Delapierre-300x158.jpg 300w, https:\/\/vangrimdecorpssecrets.com\/wp-content\/uploads\/2016\/03\/Photo-4_Je\u0301ro\u0302me-Delapierre-768x404.jpg 768w, https:\/\/vangrimdecorpssecrets.com\/wp-content\/uploads\/2016\/03\/Photo-4_Je\u0301ro\u0302me-Delapierre-1024x539.jpg 1024w\" sizes=\"auto, (max-width: 300px) 100vw, 300px\" \/><\/a>\n\t\t\t\t<\/dt>\n\t\t\t\t\t<dd class='wp-caption-text gallery-caption' id='gallery-1-824'>\n\t\t\t\t\tPhoto : J. Delapierre \/ Interpr\u00e8tes \/ Performers : G-N Tremblay, M-\u00c8 Lafontaine, M.Robitaille, S.Maurice\n\t\t\t\t\t<\/dd><\/dl><br style=\"clear: both\" \/><dl class='gallery-item'>\n\t\t\t\t<dt class='gallery-icon landscape'>\n\t\t\t\t\t<a class=\"rollover rollover-zoom dt-pswp-item\" title=\"Photo 5_Je\u0301ro\u0302me Delapierre\" data-dt-img-description=\"\" data-large_image_width=\"4096\" data-large_image_height=\"2154\"href='https:\/\/vangrimdecorpssecrets.com\/wp-content\/uploads\/2016\/03\/Photo-5_Je\u0301ro\u0302me-Delapierre.jpg'><img loading=\"lazy\" decoding=\"async\" width=\"300\" height=\"158\" src=\"https:\/\/vangrimdecorpssecrets.com\/wp-content\/uploads\/2016\/03\/Photo-5_Je\u0301ro\u0302me-Delapierre-300x158.jpg\" class=\"attachment-medium size-medium\" alt=\"\" aria-describedby=\"gallery-1-825\" srcset=\"https:\/\/vangrimdecorpssecrets.com\/wp-content\/uploads\/2016\/03\/Photo-5_Je\u0301ro\u0302me-Delapierre-300x158.jpg 300w, https:\/\/vangrimdecorpssecrets.com\/wp-content\/uploads\/2016\/03\/Photo-5_Je\u0301ro\u0302me-Delapierre-768x404.jpg 768w, https:\/\/vangrimdecorpssecrets.com\/wp-content\/uploads\/2016\/03\/Photo-5_Je\u0301ro\u0302me-Delapierre-1024x539.jpg 1024w\" sizes=\"auto, (max-width: 300px) 100vw, 300px\" \/><\/a>\n\t\t\t\t<\/dt>\n\t\t\t\t\t<dd class='wp-caption-text gallery-caption' id='gallery-1-825'>\n\t\t\t\t\tPhoto : J\u00e9r\u00f4me Delapierre \/ Interpr\u00e8te \/ Performer : Georges-Nicolas Tremblay\n\t\t\t\t\t<\/dd><\/dl><dl class='gallery-item'>\n\t\t\t\t<dt class='gallery-icon landscape'>\n\t\t\t\t\t<a class=\"rollover rollover-zoom dt-pswp-item\" title=\"Photo 2_Je\u0301ro\u0302me Delapierre\" data-dt-img-description=\"\" data-large_image_width=\"4096\" data-large_image_height=\"2154\"href='https:\/\/vangrimdecorpssecrets.com\/wp-content\/uploads\/2016\/03\/Photo-2_Je\u0301ro\u0302me-Delapierre-1-e1458764626966.jpg'><img loading=\"lazy\" decoding=\"async\" width=\"300\" height=\"158\" src=\"https:\/\/vangrimdecorpssecrets.com\/wp-content\/uploads\/2016\/03\/Photo-2_Je\u0301ro\u0302me-Delapierre-1-e1458764626966-300x158.jpg\" class=\"attachment-medium size-medium\" alt=\"\" aria-describedby=\"gallery-1-826\" srcset=\"https:\/\/vangrimdecorpssecrets.com\/wp-content\/uploads\/2016\/03\/Photo-2_Je\u0301ro\u0302me-Delapierre-1-e1458764626966-300x158.jpg 300w, https:\/\/vangrimdecorpssecrets.com\/wp-content\/uploads\/2016\/03\/Photo-2_Je\u0301ro\u0302me-Delapierre-1-e1458764626966-768x404.jpg 768w, https:\/\/vangrimdecorpssecrets.com\/wp-content\/uploads\/2016\/03\/Photo-2_Je\u0301ro\u0302me-Delapierre-1-e1458764626966-1024x539.jpg 1024w\" sizes=\"auto, (max-width: 300px) 100vw, 300px\" \/><\/a>\n\t\t\t\t<\/dt>\n\t\t\t\t\t<dd class='wp-caption-text gallery-caption' id='gallery-1-826'>\n\t\t\t\t\tPhoto : J. Delapierre \/ Interpr\u00e8tes \/ Performers : M.Robitaille, S.Maurice\n\t\t\t\t\t<\/dd><\/dl><dl class='gallery-item'>\n\t\t\t\t<dt class='gallery-icon landscape'>\n\t\t\t\t\t<a class=\"rollover rollover-zoom dt-pswp-item\" title=\"VGCS_Symphonie5.1_25122016_0055 photo\u00a9Michael Slobodian\" data-dt-img-description=\"\" data-large_image_width=\"3600\" data-large_image_height=\"2400\"href='https:\/\/vangrimdecorpssecrets.com\/wp-content\/uploads\/2016\/03\/VGCS_Symphonie5.1_25122016_0055-photo\u00a9Michael-Slobodian.jpg'><img loading=\"lazy\" decoding=\"async\" width=\"300\" height=\"200\" src=\"https:\/\/vangrimdecorpssecrets.com\/wp-content\/uploads\/2016\/03\/VGCS_Symphonie5.1_25122016_0055-photo\u00a9Michael-Slobodian-300x200.jpg\" class=\"attachment-medium size-medium\" alt=\"\" aria-describedby=\"gallery-1-828\" srcset=\"https:\/\/vangrimdecorpssecrets.com\/wp-content\/uploads\/2016\/03\/VGCS_Symphonie5.1_25122016_0055-photo\u00a9Michael-Slobodian-300x200.jpg 300w, https:\/\/vangrimdecorpssecrets.com\/wp-content\/uploads\/2016\/03\/VGCS_Symphonie5.1_25122016_0055-photo\u00a9Michael-Slobodian-768x512.jpg 768w, https:\/\/vangrimdecorpssecrets.com\/wp-content\/uploads\/2016\/03\/VGCS_Symphonie5.1_25122016_0055-photo\u00a9Michael-Slobodian-1024x683.jpg 1024w\" sizes=\"auto, (max-width: 300px) 100vw, 300px\" \/><\/a>\n\t\t\t\t<\/dt>\n\t\t\t\t\t<dd class='wp-caption-text gallery-caption' id='gallery-1-828'>\n\t\t\t\t\tPhoto : Michael Slobodian \/ Interpr\u00e8te &#8211; Performer : M.Robitaille\n\t\t\t\t\t<\/dd><\/dl><br style=\"clear: both\" \/><dl class='gallery-item'>\n\t\t\t\t<dt class='gallery-icon landscape'>\n\t\t\t\t\t<a class=\"rollover rollover-zoom dt-pswp-item\" title=\"VGCS_Symphonie5.1_25122016_00112 photo\u00a9Michael Slobodian_v2\" data-dt-img-description=\"\" data-large_image_width=\"1200\" data-large_image_height=\"800\"href='https:\/\/vangrimdecorpssecrets.com\/wp-content\/uploads\/2016\/03\/VGCS_Symphonie5.1_25122016_00112-photo\u00a9Michael-Slobodian_v2-e1466433449709.jpg'><img loading=\"lazy\" decoding=\"async\" width=\"300\" height=\"200\" src=\"https:\/\/vangrimdecorpssecrets.com\/wp-content\/uploads\/2016\/03\/VGCS_Symphonie5.1_25122016_00112-photo\u00a9Michael-Slobodian_v2-300x200.jpg\" class=\"attachment-medium size-medium\" alt=\"\" aria-describedby=\"gallery-1-829\" srcset=\"https:\/\/vangrimdecorpssecrets.com\/wp-content\/uploads\/2016\/03\/VGCS_Symphonie5.1_25122016_00112-photo\u00a9Michael-Slobodian_v2-300x200.jpg 300w, https:\/\/vangrimdecorpssecrets.com\/wp-content\/uploads\/2016\/03\/VGCS_Symphonie5.1_25122016_00112-photo\u00a9Michael-Slobodian_v2-768x512.jpg 768w, https:\/\/vangrimdecorpssecrets.com\/wp-content\/uploads\/2016\/03\/VGCS_Symphonie5.1_25122016_00112-photo\u00a9Michael-Slobodian_v2-1024x683.jpg 1024w, https:\/\/vangrimdecorpssecrets.com\/wp-content\/uploads\/2016\/03\/VGCS_Symphonie5.1_25122016_00112-photo\u00a9Michael-Slobodian_v2-e1466433449709.jpg 1200w\" sizes=\"auto, (max-width: 300px) 100vw, 300px\" \/><\/a>\n\t\t\t\t<\/dt>\n\t\t\t\t\t<dd class='wp-caption-text gallery-caption' id='gallery-1-829'>\n\t\t\t\t\tPhoto : Michael Slobodian \/ Interpr\u00e8te &#8211; Performer : M.\u00c8 Lafontaine, G-N Tremblay\n\t\t\t\t\t<\/dd><\/dl><dl class='gallery-item'>\n\t\t\t\t<dt class='gallery-icon landscape'>\n\t\t\t\t\t<a class=\"rollover rollover-zoom dt-pswp-item\" title=\"VGCS_Symphonie5.1_25122016_0030 photo\u00a9Michael Slobodian\" data-dt-img-description=\"\" data-large_image_width=\"3600\" data-large_image_height=\"2400\"href='https:\/\/vangrimdecorpssecrets.com\/wp-content\/uploads\/2016\/03\/VGCS_Symphonie5.1_25122016_0030-photo\u00a9Michael-Slobodian-1.jpg'><img loading=\"lazy\" decoding=\"async\" width=\"300\" height=\"200\" src=\"https:\/\/vangrimdecorpssecrets.com\/wp-content\/uploads\/2016\/03\/VGCS_Symphonie5.1_25122016_0030-photo\u00a9Michael-Slobodian-1-300x200.jpg\" class=\"attachment-medium size-medium\" alt=\"\" aria-describedby=\"gallery-1-830\" srcset=\"https:\/\/vangrimdecorpssecrets.com\/wp-content\/uploads\/2016\/03\/VGCS_Symphonie5.1_25122016_0030-photo\u00a9Michael-Slobodian-1-300x200.jpg 300w, https:\/\/vangrimdecorpssecrets.com\/wp-content\/uploads\/2016\/03\/VGCS_Symphonie5.1_25122016_0030-photo\u00a9Michael-Slobodian-1-768x512.jpg 768w, https:\/\/vangrimdecorpssecrets.com\/wp-content\/uploads\/2016\/03\/VGCS_Symphonie5.1_25122016_0030-photo\u00a9Michael-Slobodian-1-1024x683.jpg 1024w\" sizes=\"auto, (max-width: 300px) 100vw, 300px\" \/><\/a>\n\t\t\t\t<\/dt>\n\t\t\t\t\t<dd class='wp-caption-text gallery-caption' id='gallery-1-830'>\n\t\t\t\t\tPhoto : Michael Slobodian \/ Interpr\u00e8te \/ Performers : M.\u00c8 Lafontaine, G-N Tremblay\n\t\t\t\t\t<\/dd><\/dl>\n\t\t\t\t<br style='clear: both' \/>\n\t\t\t<\/div>\n\n","protected":false},"excerpt":{"rendered":"<p>Photo : J. Delapierre &#8211; Interpr\u00e8te \/ Performer : M.\u00c8 Lafontaine Photo : J\u00e9r\u00f4me Delapierre \/ Interpr\u00e8te \/ Performer : Georges-Nicolas Tremblay Photo : J. Delapierre \/ Interpr\u00e8tes \/ Performers : G-N Tremblay, M-\u00c8 Lafontaine, M.Robitaille, S.Maurice Photo : J\u00e9r\u00f4me Delapierre \/ Interpr\u00e8te \/ Performer : Georges-Nicolas Tremblay Photo : J. Delapierre \/ Interpr\u00e8tes \/&hellip;<\/p>\n","protected":false},"author":2,"featured_media":0,"parent":814,"menu_order":3,"comment_status":"closed","ping_status":"closed","template":"","meta":{"footnotes":""},"class_list":["post-820","page","type-page","status-publish","hentry","description-off"],"_links":{"self":[{"href":"https:\/\/vangrimdecorpssecrets.com\/en\/wp-json\/wp\/v2\/pages\/820","targetHints":{"allow":["GET"]}}],"collection":[{"href":"https:\/\/vangrimdecorpssecrets.com\/en\/wp-json\/wp\/v2\/pages"}],"about":[{"href":"https:\/\/vangrimdecorpssecrets.com\/en\/wp-json\/wp\/v2\/types\/page"}],"author":[{"embeddable":true,"href":"https:\/\/vangrimdecorpssecrets.com\/en\/wp-json\/wp\/v2\/users\/2"}],"replies":[{"embeddable":true,"href":"https:\/\/vangrimdecorpssecrets.com\/en\/wp-json\/wp\/v2\/comments?post=820"}],"version-history":[{"count":1,"href":"https:\/\/vangrimdecorpssecrets.com\/en\/wp-json\/wp\/v2\/pages\/820\/revisions"}],"predecessor-version":[{"id":1469,"href":"https:\/\/vangrimdecorpssecrets.com\/en\/wp-json\/wp\/v2\/pages\/820\/revisions\/1469"}],"up":[{"embeddable":true,"href":"https:\/\/vangrimdecorpssecrets.com\/en\/wp-json\/wp\/v2\/pages\/814"}],"wp:attachment":[{"href":"https:\/\/vangrimdecorpssecrets.com\/en\/wp-json\/wp\/v2\/media?parent=820"}],"curies":[{"name":"wp","href":"https:\/\/api.w.org\/{rel}","templated":true}]}}