{"id":816,"date":"2016-03-15T16:29:04","date_gmt":"2016-03-15T20:29:04","guid":{"rendered":"http:\/\/vangrimdecorpssecrets.com\/?page_id=816"},"modified":"2022-09-15T12:46:11","modified_gmt":"2022-09-15T12:46:11","slug":"a-propos","status":"publish","type":"page","link":"https:\/\/vangrimdecorpssecrets.com\/en\/oeuvres\/symphonie-5-1\/a-propos\/","title":{"rendered":"About"},"content":{"rendered":"<p><img loading=\"lazy\" decoding=\"async\" class=\" wp-image-824\" src=\"http:\/\/vangrimdecorpssecrets.com\/wp-content\/uploads\/2016\/03\/Photo-4_Je\u0301ro\u0302me-Delapierre-300x158.jpg\" alt=\"Photo : J. Delapierre \/ Interpr\u00e8tes \/ Performers : G-N Tremblay, M-\u00c8 Lafontaine, M.Robitaille, S.Maurice\" width=\"959\" height=\"505\" srcset=\"https:\/\/vangrimdecorpssecrets.com\/wp-content\/uploads\/2016\/03\/Photo-4_Je\u0301ro\u0302me-Delapierre-300x158.jpg 300w, https:\/\/vangrimdecorpssecrets.com\/wp-content\/uploads\/2016\/03\/Photo-4_Je\u0301ro\u0302me-Delapierre-768x404.jpg 768w, https:\/\/vangrimdecorpssecrets.com\/wp-content\/uploads\/2016\/03\/Photo-4_Je\u0301ro\u0302me-Delapierre-1024x539.jpg 1024w\" sizes=\"auto, (max-width: 959px) 100vw, 959px\" \/><\/p>\n<h3>Symphonie 5.1<\/h3>\n<p>In an era of increasing virtualization, Isabelle Van Grimde immerses her dancers into an interactive visual environment orchestrated by live music. Here the choreographer ex- plores questions of identity fluctuation, perceptions and the future body. A thousand and one stories overlap, forming the framework of a dreamlike and eerily poetic work.<\/p>\n<p><img loading=\"lazy\" decoding=\"async\" class=\"alignnone wp-image-843\" src=\"http:\/\/vangrimdecorpssecrets.com\/wp-content\/uploads\/2016\/03\/Symphonie-5.1-15-300x200.jpg\" alt=\"\" width=\"960\" height=\"640\" srcset=\"https:\/\/vangrimdecorpssecrets.com\/wp-content\/uploads\/2016\/03\/Symphonie-5.1-15-300x200.jpg 300w, https:\/\/vangrimdecorpssecrets.com\/wp-content\/uploads\/2016\/03\/Symphonie-5.1-15-768x512.jpg 768w, https:\/\/vangrimdecorpssecrets.com\/wp-content\/uploads\/2016\/03\/Symphonie-5.1-15-1024x683.jpg 1024w\" sizes=\"auto, (max-width: 960px) 100vw, 960px\" \/><\/p>\n<p><strong>Two young dancers from the \u00c9cole sup\u00e9rieure de ballet du Qu\u00e9bec<\/strong><\/p>\n<p>For this production, Isabelle Van Grimde invited two young dancers, students from the \u00c9cole sup\u00e9rieure de ballet du Qu\u00e9bec: Sama\u00ebl Maurice (aged 12) and Maya Robitaille (aged 14). Their presence reveals other aspects of the choreographer\u2019s gestural language, provides another perspective on the dancing body, and other identification possibilities for the audience.<\/p>\n<p><strong>An atmospheric and enveloping sound environment<\/strong><\/p>\n<p>Composing a symphonic work in a choreographic context was the challenge facing Tim Brady and Thom Gossage in creating the musical environment for Symphonie 5.1. The result is a composition for guitar and percussion, an open work with structured improvisation.<\/p>\n<p><strong>An immersive and interactive visual environment <\/strong><\/p>\n<p>Generated primarily in real time, the dreamlike landscapes by artist J\u00e9r\u00f4me Delapierre capture the essence of the ever-increasing virtual world in which we live. Combining an infrared motion-capture system and a technology as unobtrusive as it is complex, the interactive design propels the choreographic language, while the visuals lend the dancers a second skin.<\/p>\n<p>&nbsp;<\/p>\n<h3>Artistic Team :<\/h3>\n<p><strong>Artistic direction and choreography<\/strong><\/p>\n<p>Isabelle Van Grimde<\/p>\n<p><strong>Created with and performed by<\/strong><\/p>\n<p>Marie-\u00c8ve Lafontaine or Sophie Breton, Sama\u00ebl Maurice, Maya Robitaille, Georges-Nicolas Tremblay<\/p>\n<p><strong>Live music composed and performed by<\/strong><\/p>\n<p>Tim Brady, Thom Gossage<\/p>\n<p><strong>Video, Interaction and Stage Design<\/strong><\/p>\n<p>J\u00e9r\u00f4me Delapierre<\/p>\n<p><strong>Choreographer\u2019s assistants<\/strong><\/p>\n<p>Marie-\u00c8ve Lafontaine, Sophie Breton<\/p>\n<p><strong>Technical Director<\/strong><\/p>\n<p>\u00c9milie B\u00e9rub\u00e9-Dionne<\/p>\n<p><strong>Sound Engineer<\/strong><\/p>\n<p>Bernard Grenon<\/p>\n<p><strong>Production<\/strong><\/p>\n<p>Van Grimde Corps Secrets<\/p>\n<p><strong>In co-production with<\/strong><\/p>\n<p>Agora de la danse, Bradyworks, Brian Webb Dance Company, \u00c9cole sup\u00e9rieure de ballet du Qu\u00e9bec.<\/p>\n<p>&nbsp;<\/p>\n<h3>For more information :<\/h3>\n<p><a href=\"http:\/\/vangrimdecorpssecrets.com\/nouvelles-technologies\/symphonie-5-1\/a-propos\/vgcs_symphonie_dossierdepresse2016_eng\/\" target=\"_blank\" rel=\"attachment wp-att-869 noopener noreferrer\">Press kit &#8211; Symphonie 5.1<\/a><\/p>\n<p><a href=\"http:\/\/vangrimdecorpssecrets.com\/nouvelles-technologies\/symphonie-5-1\/a-propos\/cp_symphonie5-1_va\/\" rel=\"attachment wp-att-870\">Press release &#8211; Agora &#8211; Janvier 2016<\/a><\/p>","protected":false},"excerpt":{"rendered":"<p>Symphonie 5.1 In an era of increasing virtualization, Isabelle Van Grimde immerses her dancers into an interactive visual environment orchestrated by live music. Here the choreographer ex- plores questions of identity fluctuation, perceptions and the future body. A thousand and one stories overlap, forming the framework of a dreamlike and eerily poetic work. Two young&hellip;<\/p>\n","protected":false},"author":2,"featured_media":0,"parent":814,"menu_order":2,"comment_status":"closed","ping_status":"closed","template":"","meta":{"footnotes":""},"class_list":["post-816","page","type-page","status-publish","hentry","description-off"],"_links":{"self":[{"href":"https:\/\/vangrimdecorpssecrets.com\/en\/wp-json\/wp\/v2\/pages\/816","targetHints":{"allow":["GET"]}}],"collection":[{"href":"https:\/\/vangrimdecorpssecrets.com\/en\/wp-json\/wp\/v2\/pages"}],"about":[{"href":"https:\/\/vangrimdecorpssecrets.com\/en\/wp-json\/wp\/v2\/types\/page"}],"author":[{"embeddable":true,"href":"https:\/\/vangrimdecorpssecrets.com\/en\/wp-json\/wp\/v2\/users\/2"}],"replies":[{"embeddable":true,"href":"https:\/\/vangrimdecorpssecrets.com\/en\/wp-json\/wp\/v2\/comments?post=816"}],"version-history":[{"count":3,"href":"https:\/\/vangrimdecorpssecrets.com\/en\/wp-json\/wp\/v2\/pages\/816\/revisions"}],"predecessor-version":[{"id":1358,"href":"https:\/\/vangrimdecorpssecrets.com\/en\/wp-json\/wp\/v2\/pages\/816\/revisions\/1358"}],"up":[{"embeddable":true,"href":"https:\/\/vangrimdecorpssecrets.com\/en\/wp-json\/wp\/v2\/pages\/814"}],"wp:attachment":[{"href":"https:\/\/vangrimdecorpssecrets.com\/en\/wp-json\/wp\/v2\/media?parent=816"}],"curies":[{"name":"wp","href":"https:\/\/api.w.org\/{rel}","templated":true}]}}