{"id":3419,"date":"2024-05-14T19:46:12","date_gmt":"2024-05-14T19:46:12","guid":{"rendered":"https:\/\/vangrimdecorpssecrets.com\/?page_id=3419"},"modified":"2026-01-21T16:47:13","modified_gmt":"2026-01-21T16:47:13","slug":"messis","status":"publish","type":"page","link":"https:\/\/vangrimdecorpssecrets.com\/en\/oeuvres\/messis\/","title":{"rendered":"Messis"},"content":{"rendered":"<p><img loading=\"lazy\" decoding=\"async\" class=\"aligncenter wp-image-3423 size-large\" src=\"https:\/\/vangrimdecorpssecrets.com\/wp-content\/uploads\/2024\/05\/vgcs-messis-photo-3-1024x436.png\" alt=\"\" width=\"1024\" height=\"436\" srcset=\"https:\/\/vangrimdecorpssecrets.com\/wp-content\/uploads\/2024\/05\/vgcs-messis-photo-3-1024x436.png 1024w, https:\/\/vangrimdecorpssecrets.com\/wp-content\/uploads\/2024\/05\/vgcs-messis-photo-3-300x128.png 300w, https:\/\/vangrimdecorpssecrets.com\/wp-content\/uploads\/2024\/05\/vgcs-messis-photo-3-768x327.png 768w, https:\/\/vangrimdecorpssecrets.com\/wp-content\/uploads\/2024\/05\/vgcs-messis-photo-3.png 1422w\" sizes=\"auto, (max-width: 1024px) 100vw, 1024px\" \/><\/p>\n<p>&nbsp;<\/p>\n<p>In <i>Messis<\/i> (Latin for \u201charvest\u201d), we discover a near future where, faced with the impossibility of being in touch with a nature that\u2019s been destroyed, and with individuals physically separated from each other by waves of pandemic illnesses, a new generation of humans seeks to find connection, meaning, and intimacy through a sacrificial ritual allowing them to join the metaverse.<\/p>\n<p style=\"text-align: left;\"><strong><a href=\"https:\/\/messis.vangrimdecorpssecrets.com\/\">Discover<em> Messis<\/em><\/a><\/strong><\/p>\n<p>A three-episode webseries created in collaboration with DAVAI, Messis unveils its immersive universe on an interactive platform of the same name, created in collaboration with AKUFEN. The platform offers a behind-the-scenes look at Messis, including never-before-seen choreographic sequences with interchangeable soundtracks, podcasts and essays with artists and researchers, as well as inspiring articles that explore the transdisciplinary reflections behind the project.<\/p>\n<p>&nbsp;<\/p>\n<div style=\"padding: 56.25% 0 0 0; position: relative;\"><iframe style=\"position: absolute; top: 0; left: 0; width: 100%; height: 100%;\" title=\"Messis - Official Trailer\" src=\"https:\/\/player.vimeo.com\/video\/746711615?badge=0&amp;autopause=0&amp;player_id=0&amp;app_id=58479\" frameborder=\"0\"><\/iframe><\/div>\n<p><script src=\"https:\/\/player.vimeo.com\/api\/player.js\"><\/script><\/p>\n<h4>Webs\u00e9rie <em>Messis<\/em><\/h4>\n<p>Une cr\u00e9ation et production de Van Grimde Corps Secrets en collaboration avec DAVAI<\/p>\n<p>Direction de cr\u00e9ation et chor\u00e9graphies: Isabelle Van Grimde<br \/>\nSc\u00e9nario et r\u00e9alisation: Branscombe &amp; Rob<br \/>\n\u00c0 partir des id\u00e9es et des recherches de Van Grimde Corps Secrets et de ses chercheurs associ\u00e9s.<br \/>\nMusique: Thom Gossage<\/p>\n<p><strong>Distribution<\/strong><br \/>\nRoan: Gabrielle Roy<br \/>\nAiden: Evelynn Yan<br \/>\nFinley: Sophie Breton<br \/>\nInterpr\u00e8tes: F\u00e9lix Cossette, Sabrina Dupuis, Ch\u00e9line Lacroix, Chi Long, Emmanuelle Martin, Marine Rixhon<br \/>\nVoix de Roan: Victoria Diamond<br \/>\nVoix d\u2019Aiden: Laroie<br \/>\nVoix de Finley: June Moon<\/p>\n<p>\u00c9quipe de production de Van Grimde Corps Secrets<br \/>\nDirectrice de production: Ilo\u00e9 Fran\u00e7on<br \/>\nAssistante de la chor\u00e9graphe: Sophie Breton<br \/>\nAssistante de la directrice de production: Roxane Krief<\/p>\n<p>La webs\u00e9rie a \u00e9t\u00e9 d\u00e9velopp\u00e9e gr\u00e2ce \u00e0 l&#8217;Initiative d\u2019innovation num\u00e9rique ponctuelle Pr\u00e9sent Num\u00e9rique du Conseil des arts du Canada et \u00e0 la Mesure Exploration et d\u00e9ploiement num\u00e9rique du Conseil des arts et des lettres du Qu\u00e9bec.<\/p>\n<h4><em>Messis <\/em>Platform<\/h4>\n<p>A creation of Van Grimde Corps Secrets in collaboration with AKUFEN<\/p>\n<p>Artistic direction: Isabelle Van Grimde<br \/>\nProject management: Ilo\u00e9 Fran\u00e7on<br \/>\nMusic: Thom Gossage<br \/>\nSound design: Thom Gossage &amp; AKUFEN<br \/>\nTexts and translation: Fabienne Marier<br \/>\nDesign and programming: AKUFEN<br \/>\n<em>Fallen<\/em> and <em>Exhausted Figure<\/em> 3D works: Maril\u00e8ne Oliver<br \/>\nCommunications: Roxane Krief<br \/>\nPress relations: Avec Sheila<\/p>\n<p>The platform was developed thanks to the Mesure Exploration et D\u00e9ploiement Num\u00e9rique of the Conseil des arts et des lettres du Qu\u00e9bec.<\/p>\n<p><a href=\"https:\/\/vangrimdecorpssecrets.com\/wp-content\/uploads\/2026\/01\/Copie-de-Rapport-media_Messis_Van-Grimde-Corps-Secrets-1.pdf\" target=\"_blank\" rel=\"noopener\">Press reviews-Messis<\/a><\/p>","protected":false},"excerpt":{"rendered":"<p>&nbsp; In Messis (Latin for \u201charvest\u201d), we discover a near future where, faced with the impossibility of being in touch with a nature that\u2019s been destroyed, and with individuals physically separated from each other by waves of pandemic illnesses, a new generation of humans seeks to find connection, meaning, and intimacy through a sacrificial ritual&hellip;<\/p>\n","protected":false},"author":2,"featured_media":3423,"parent":1575,"menu_order":-25,"comment_status":"closed","ping_status":"closed","template":"","meta":{"footnotes":""},"class_list":["post-3419","page","type-page","status-publish","has-post-thumbnail","hentry","description-off"],"_links":{"self":[{"href":"https:\/\/vangrimdecorpssecrets.com\/en\/wp-json\/wp\/v2\/pages\/3419","targetHints":{"allow":["GET"]}}],"collection":[{"href":"https:\/\/vangrimdecorpssecrets.com\/en\/wp-json\/wp\/v2\/pages"}],"about":[{"href":"https:\/\/vangrimdecorpssecrets.com\/en\/wp-json\/wp\/v2\/types\/page"}],"author":[{"embeddable":true,"href":"https:\/\/vangrimdecorpssecrets.com\/en\/wp-json\/wp\/v2\/users\/2"}],"replies":[{"embeddable":true,"href":"https:\/\/vangrimdecorpssecrets.com\/en\/wp-json\/wp\/v2\/comments?post=3419"}],"version-history":[{"count":11,"href":"https:\/\/vangrimdecorpssecrets.com\/en\/wp-json\/wp\/v2\/pages\/3419\/revisions"}],"predecessor-version":[{"id":3875,"href":"https:\/\/vangrimdecorpssecrets.com\/en\/wp-json\/wp\/v2\/pages\/3419\/revisions\/3875"}],"up":[{"embeddable":true,"href":"https:\/\/vangrimdecorpssecrets.com\/en\/wp-json\/wp\/v2\/pages\/1575"}],"wp:featuredmedia":[{"embeddable":true,"href":"https:\/\/vangrimdecorpssecrets.com\/en\/wp-json\/wp\/v2\/media\/3423"}],"wp:attachment":[{"href":"https:\/\/vangrimdecorpssecrets.com\/en\/wp-json\/wp\/v2\/media?parent=3419"}],"curies":[{"name":"wp","href":"https:\/\/api.w.org\/{rel}","templated":true}]}}