{"id":3381,"date":"2024-01-29T21:09:37","date_gmt":"2024-01-29T21:09:37","guid":{"rendered":"https:\/\/vangrimdecorpssecrets.com\/?page_id=3381"},"modified":"2025-07-16T14:19:31","modified_gmt":"2025-07-16T14:19:31","slug":"2024-2","status":"publish","type":"page","link":"https:\/\/vangrimdecorpssecrets.com\/en\/ccd-malvina\/2024-2\/","title":{"rendered":"2024"},"content":{"rendered":"<p><\/p>\n<p dir=\"ltr\"><img loading=\"lazy\" decoding=\"async\" class=\"alignleft wp-image-3489\" src=\"https:\/\/vangrimdecorpssecrets.com\/wp-content\/uploads\/2024\/06\/signature-malvina-300x169.png\" alt=\"\" width=\"500\" height=\"281\" srcset=\"https:\/\/vangrimdecorpssecrets.com\/wp-content\/uploads\/2024\/06\/signature-malvina-300x169.png 300w, https:\/\/vangrimdecorpssecrets.com\/wp-content\/uploads\/2024\/06\/signature-malvina-1024x576.png 1024w, https:\/\/vangrimdecorpssecrets.com\/wp-content\/uploads\/2024\/06\/signature-malvina-768x432.png 768w, https:\/\/vangrimdecorpssecrets.com\/wp-content\/uploads\/2024\/06\/signature-malvina-1536x864.png 1536w, https:\/\/vangrimdecorpssecrets.com\/wp-content\/uploads\/2024\/06\/signature-malvina.png 1920w\" sizes=\"auto, (max-width: 500px) 100vw, 500px\" \/><strong>Under the direction of Van Grimde Corps Secrets, the Malvina creation and presentation center brings together art, heritage and biodiversity in a fascinating place where nature, culture and new technologies meet!<\/strong><\/p>\n<p>&nbsp;<\/p>\n<ul>\n<li dir=\"ltr\" role=\"presentation\"><em>Malvina in the Old Days<\/em> and <em>Primal Body\/Future Body\u00a0<\/em>outdoor exhibitions<\/li>\n<li dir=\"ltr\" role=\"presentation\">Workshops with artists<\/li>\n<li dir=\"ltr\" role=\"presentation\">Cultural mediation and guided tours<\/li>\n<li dir=\"ltr\" role=\"presentation\">Workshops on biodiversity and local ecosystems<\/li>\n<li dir=\"ltr\" role=\"presentation\">Interactive digital tour, virtual reality, and much more!<\/li>\n<\/ul>\n<p>&nbsp;<\/p>\n<p dir=\"ltr\"><a href=\"https:\/\/maps.app.goo.gl\/DfSMatVD4s32AgR99\">309, chemin de Malvina, Saint-Malo (QC) J0B 2Y0<\/a><br \/>\n<a href=\"mailto:info@vangrimdecorpssecrets.com\">info@vangrimdecorpssecrets.com<\/a><br \/>\n514-844-3680<\/p>\n<p>&nbsp;<\/p>\n<h2 dir=\"ltr\">Calendar of 2024 Activities<\/h2>\n<p>&nbsp;<\/p>\n<h4>Saturday, July 6, 1:00 PM to 4:00 PM<\/h4>\n<ul>\n<li>Official opening of the 2024 program in the presence of Beno\u00eet Roy, Mayor of Saint-Malo<\/li>\n<li>Official launch of Malvina&#8217;s all-new interactive digital tour<\/li>\n<li>Guided tours of the exhibition <em>Primal Body\/Future Body<\/em> with Sylvain Dodier<\/li>\n<li>Guided tours of the exhibition <em>Malvina in the Old Days<\/em> with Genevi\u00e8ve Cr\u00eate<\/li>\n<li>Live music with the Malvina Jazz Trio: Thom Gossage on drums, John Geary on guitar and Joel Kerr on bass<\/li>\n<li>Refreshments will be served<\/li>\n<\/ul>\n<p>&nbsp;<\/p>\n<div id=\"attachment_3472\" style=\"width: 310px\" class=\"wp-caption alignright\"><img loading=\"lazy\" decoding=\"async\" aria-describedby=\"caption-attachment-3472\" class=\"size-medium wp-image-3472\" src=\"https:\/\/vangrimdecorpssecrets.com\/wp-content\/uploads\/2024\/05\/1-musiciens-photo-monick-lanza-2023-300x199.jpg\" alt=\"\" width=\"300\" height=\"199\" srcset=\"https:\/\/vangrimdecorpssecrets.com\/wp-content\/uploads\/2024\/05\/1-musiciens-photo-monick-lanza-2023-300x199.jpg 300w, https:\/\/vangrimdecorpssecrets.com\/wp-content\/uploads\/2024\/05\/1-musiciens-photo-monick-lanza-2023-1024x678.jpg 1024w, https:\/\/vangrimdecorpssecrets.com\/wp-content\/uploads\/2024\/05\/1-musiciens-photo-monick-lanza-2023-768x509.jpg 768w, https:\/\/vangrimdecorpssecrets.com\/wp-content\/uploads\/2024\/05\/1-musiciens-photo-monick-lanza-2023-1536x1017.jpg 1536w, https:\/\/vangrimdecorpssecrets.com\/wp-content\/uploads\/2024\/05\/1-musiciens-photo-monick-lanza-2023-2048x1356.jpg 2048w\" sizes=\"auto, (max-width: 300px) 100vw, 300px\" \/><p id=\"caption-attachment-3472\" class=\"wp-caption-text\">Photo: Monick Lanza<\/p><\/div>\n<h4><\/h4>\n<h4>Saturday, July 13, 1:00 PM to 5:30 PM<\/h4>\n<ul>\n<li>Guided tours of the exhibition <em>Primal Body\/ Future Body<\/em> with Sylvain Dodier<\/li>\n<li>Guided tours of the exhibition <em>Malvina in the Old Days<\/em><\/li>\n<li>Square dancing with musicians Bill Gossage, Mike Bleho and Glenn Roy, and caller Robert Goulet in the late afternoon<\/li>\n<\/ul>\n<p>&nbsp;<\/p>\n<h4>Saturday, August 17, 1:00 PM to 4:00 PM<\/h4>\n<ul>\n<li>1:00 PM: Presentation of two new works created on the Malvina site as part of the <em>Essential Connections: The Body and the Environment<\/em> project: a sound installation by artist Scott Smallwood, inspired by the sounds of Malvina, and a work by visual artist Sean Caulfield, inspired by the site&#8217;s flora and fauna.<\/li>\n<li>2:00 PM: Printmaking workshop for all ages on the theme of the human body, with artist Sean Caulfield, whose work has been exhibited worldwide (<a href=\"https:\/\/docs.google.com\/forms\/d\/e\/1FAIpQLSdaIyiumaHJinvOCHyZAQkaEvE5zoUyJJsNbd9wwthBvvclvw\/viewform?usp=sf_link\">registration required<\/a>).<\/li>\n<li>3:00 PM: Guided tours of the exhibitions <em>Primal Body\/Future Body<\/em> with Sylvain Dodier and <em>Malvina in the Old Days<\/em> with Genevi\u00e8ve Cr\u00eate.<\/li>\n<\/ul>\n<p>&nbsp;<\/p>\n<h4>Saturday, August 24, 1:00 PM to 4:00 PM<\/h4>\n<ul>\n<li>1:30 PM: Guided tour of the exhibition <em>Primal Body\/Future Body<\/em> with cultural mediator Sylvain Dodier<\/li>\n<li>2:30 PM: Unveiling of a new choreography by Isabelle Van Grimde with performer Emmanuelle Martin and musician Thom Gossage, followed by a meeting with the creator after the performance.<\/li>\n<li>3:15 PM: Guided tour of the exhibition <em>Malvina in the Old Days<\/em> with Genevi\u00e8ve Cr\u00eate<\/li>\n<\/ul>\n<p>&nbsp;<\/p>\n<h4>Saturday, September 28, 1:00 PM to 4:00 PM &#8211; Experience the Culture Days in Malvina<\/h4>\n<ul>\n<li>1:00 PM: Discover the new artworks created on-site by Sean Caulfield and Scott Smallwood as part of the <em>Essential Connections: The Body and the Environment<\/em> project<\/li>\n<li>1:30 PM: Conference on insect biodiversity with biologist Matthew Barbour, followed by a workshop on the biodiversity of the Malvina river with interdisciplinary artist Ana Rewakowicz<\/li>\n<li>3:15 PM: Guided tours of the exhibition <em>Primal Body\/Future Body<\/em> with Sylvain Dodier, and\u00a0<em>Malvina in the Old Days<\/em> with Genevi\u00e8ve Cr\u00eate<\/li>\n<\/ul>\n<p>&nbsp;<\/p>\n<p><em>Malvina&#8217;s 2024 program is made possible thanks to the support of the Municipality of Saint-Malo, the Corporation de d\u00e9veloppement de Saint-Malo, the MRC de Coaticook, Tourisme Qu\u00e9bec, the Canada Council for the Arts, the Caisse Desjardins des Verts-Sommets de l&#8217;Estrie, Ms. Genevi\u00e8ve H\u00e9bert, MNA for Saint-Fran\u00e7ois, and the Honourable Marie-Claude Bibeau, MNA for Compton-Stanstead.<\/em><\/p>\n<p><img loading=\"lazy\" decoding=\"async\" class=\"aligncenter size-large wp-image-3495\" src=\"https:\/\/vangrimdecorpssecrets.com\/wp-content\/uploads\/2024\/06\/assemblage-logos-1024x374.png\" alt=\"\" width=\"1024\" height=\"374\" srcset=\"https:\/\/vangrimdecorpssecrets.com\/wp-content\/uploads\/2024\/06\/assemblage-logos-1024x374.png 1024w, https:\/\/vangrimdecorpssecrets.com\/wp-content\/uploads\/2024\/06\/assemblage-logos-300x110.png 300w, https:\/\/vangrimdecorpssecrets.com\/wp-content\/uploads\/2024\/06\/assemblage-logos-768x281.png 768w, https:\/\/vangrimdecorpssecrets.com\/wp-content\/uploads\/2024\/06\/assemblage-logos-1536x561.png 1536w, https:\/\/vangrimdecorpssecrets.com\/wp-content\/uploads\/2024\/06\/assemblage-logos-2048x749.png 2048w\" sizes=\"auto, (max-width: 1024px) 100vw, 1024px\" \/><\/p>","protected":false},"excerpt":{"rendered":"<p>Under the direction of Van Grimde Corps Secrets, the Malvina creation and presentation center brings together art, heritage and biodiversity in a fascinating place where nature, culture and new technologies meet! &nbsp; Malvina in the Old Days and Primal Body\/Future Body\u00a0outdoor exhibitions Workshops with artists Cultural mediation and guided tours Workshops on biodiversity and local&hellip;<\/p>\n","protected":false},"author":2,"featured_media":3488,"parent":1573,"menu_order":0,"comment_status":"closed","ping_status":"closed","template":"","meta":{"footnotes":""},"class_list":["post-3381","page","type-page","status-publish","has-post-thumbnail","hentry","description-off"],"_links":{"self":[{"href":"https:\/\/vangrimdecorpssecrets.com\/en\/wp-json\/wp\/v2\/pages\/3381","targetHints":{"allow":["GET"]}}],"collection":[{"href":"https:\/\/vangrimdecorpssecrets.com\/en\/wp-json\/wp\/v2\/pages"}],"about":[{"href":"https:\/\/vangrimdecorpssecrets.com\/en\/wp-json\/wp\/v2\/types\/page"}],"author":[{"embeddable":true,"href":"https:\/\/vangrimdecorpssecrets.com\/en\/wp-json\/wp\/v2\/users\/2"}],"replies":[{"embeddable":true,"href":"https:\/\/vangrimdecorpssecrets.com\/en\/wp-json\/wp\/v2\/comments?post=3381"}],"version-history":[{"count":51,"href":"https:\/\/vangrimdecorpssecrets.com\/en\/wp-json\/wp\/v2\/pages\/3381\/revisions"}],"predecessor-version":[{"id":3727,"href":"https:\/\/vangrimdecorpssecrets.com\/en\/wp-json\/wp\/v2\/pages\/3381\/revisions\/3727"}],"up":[{"embeddable":true,"href":"https:\/\/vangrimdecorpssecrets.com\/en\/wp-json\/wp\/v2\/pages\/1573"}],"wp:featuredmedia":[{"embeddable":true,"href":"https:\/\/vangrimdecorpssecrets.com\/en\/wp-json\/wp\/v2\/media\/3488"}],"wp:attachment":[{"href":"https:\/\/vangrimdecorpssecrets.com\/en\/wp-json\/wp\/v2\/media?parent=3381"}],"curies":[{"name":"wp","href":"https:\/\/api.w.org\/{rel}","templated":true}]}}