{"id":2961,"date":"2021-03-31T15:18:07","date_gmt":"2021-03-31T15:18:07","guid":{"rendered":"https:\/\/vangrimdecorpssecrets.com\/?page_id=2961"},"modified":"2022-09-15T12:46:11","modified_gmt":"2022-09-15T12:46:11","slug":"recherche-et-essais","status":"publish","type":"page","link":"https:\/\/vangrimdecorpssecrets.com\/en\/oeuvres\/eve-2050\/recherche-et-essais\/","title":{"rendered":"Research and essays"},"content":{"rendered":"<p><span style=\"font-weight: 400;\">All essays are published in their original language.<\/span><\/p>\n<hr \/>\n<p>&nbsp;<\/p>\n<blockquote><p><span style=\"font-weight: 400;\">\u201cLes exp\u00e9rimentations que j\u2019ai conduites entre 2006 et 2017 avaient pour but de <\/span><i><span style=\"font-weight: 400;\">d\u00e9velopper une vision diff\u00e9rente et \u00e9largie du corps performatif \u00e0 travers son contact avec la technologie, une vision du corps du futur<\/span><\/i><span style=\"font-weight: 400;\">. Mon approche \u00e0 cette recherche a \u00e9t\u00e9 exp\u00e9riment\u00e9e sous l\u2019angle de la corpor\u00e9it\u00e9, soit une interpr\u00e9tation ontologique plus r\u00e9cente du corps performatif (Bernard 2001; Perrin 2006), qui propose de comprendre le corps comme une <\/span><i><span style=\"font-weight: 400;\">ouverture<\/span><\/i><span style=\"font-weight: 400;\">, un carrefour d\u2019influences et <\/span><i><span style=\"font-weight: 400;\">de relations<\/span><\/i><span style=\"font-weight: 400;\">, une <\/span><i><span style=\"font-weight: 400;\">r\u00e9alit\u00e9 mouvante <\/span><\/i><span style=\"font-weight: 400;\">faite de r\u00e9seaux d\u2019intensit\u00e9s (Deleuze &amp; Guattari 1980; Merleau-Ponty 1945; Rolnik 2006).\u201d<\/span><\/p><\/blockquote>\n<p><b>\u2013 Mutations et configuration de corps sensibles, connect\u00e9s et m\u00e9diatis\u00e9s: un augure de la danse du XXI<\/b><b>i\u00e8me <\/b><b>si\u00e8cle?<\/b><b>,<\/b> <span style=\"font-weight: 400;\"><a href=\"http:\/\/www.isabellechoiniere.com\/\" target=\"_blank\" rel=\"noopener\">Isabelle Choini\u00e8re<\/a><\/span><\/p>\n<p><a href=\"https:\/\/vangrimdecorpssecrets.com\/wp-content\/uploads\/2021\/04\/Eve2050_Isabelle-Choiniere.pdf\" target=\"_blank\" rel=\"noopener\"><span style=\"font-weight: 400;\">Lire l\u2019article ici<\/span><\/a><\/p>\n<hr \/>\n<p>&nbsp;<\/p>\n<blockquote><p><span style=\"font-weight: 400;\">\u201cHier, j\u2019ai revu un vieux film de 2013\u00a0: <\/span><i><span style=\"font-weight: 400;\">Her<\/span><\/i><span style=\"font-weight: 400;\">. Une des plus belles r\u00e9alisations de Spike Jonze avec Joaquin Phoenix dans le r\u00f4le-titre. Fabuleux\u00a0! Au sortir d\u2019une d\u00e9ception amoureuse, Theodore Twombly, le h\u00e9ros de l\u2019histoire, homme sensible et complexe, fait l\u2019acquisition d\u2019un programme informatique ultramoderne capable de s\u2019adapter \u00e0 ses \u00e9mois, \u00e0 ses d\u00e9sirs, \u00e0 ses \u00e9lans. D\u00e8s qu\u2019il lance le syst\u00e8me, il entre en relation avec la voix douce, sensuelle et troublante d\u2019une femme\u00a0qui choisira de se pr\u00e9nommer Samantha. Intelligente, intuitive, dr\u00f4le, curieuse de tout, disponible et \u00e0 l\u2019\u00e9coute de Theodore, elle accompagne ses jours et ses nuits.\u201d\u00a0<\/span><\/p><\/blockquote>\n<p><b>\u2013 MAIS LES SURSAUTS DE LA CHAIR, <\/b><a href=\"http:\/\/oic.uqam.ca\/fr\/profils\/huesca-roland\" target=\"_blank\" rel=\"noopener\"><span style=\"font-weight: 400;\">Roland Huesca<\/span><\/a><\/p>\n<p><a href=\"https:\/\/vangrimdecorpssecrets.com\/wp-content\/uploads\/2021\/04\/Eve2050_Roland-Huesca.pdf\" target=\"_blank\" rel=\"noopener\"><span style=\"font-weight: 400;\">Lire l\u2019article ici<\/span><\/a><\/p>\n<hr \/>\n<p>&nbsp;<\/p>\n<blockquote><p><span style=\"font-weight: 400;\">\u201c<\/span><span style=\"font-weight: 400;\">Chez l\u2019humain, les \u00e9tudes m\u00e9tag\u00e9nomiques ont r\u00e9v\u00e9l\u00e9 que moins de 50% des cellules qui composent notre corps sont des cellules humaines; les autres cellules sont d\u2019origine bact\u00e9rienne. Ces r\u00e9sultats soulignent que le g\u00e9nome humain n\u2019est qu\u2019un seul des nombreux g\u00e9nomes qui affectent Homo sapiens. La biologie humaine ne peut donc plus porter uniquement sur des cellules humaines. La d\u00e9couverte de ce qu\u2019on appelle le microbiome humain a r\u00e9volutionn\u00e9 la fa\u00e7on dont les scientifiques d\u00e9finissent notre esp\u00e8ce et les philosophes d\u00e9limitent les fronti\u00e8res de notre corps.<\/span><span style=\"font-weight: 400;\">\u201c<\/span><\/p><\/blockquote>\n<p><b>\u2013 Le corps invisible du microbiome humain, <\/b><span style=\"font-weight: 400;\"><a href=\"https:\/\/recherche.umontreal.ca\/nos-chercheurs\/repertoire-des-professeurs\/chercheur\/is\/in14108\/\" target=\"_blank\" rel=\"noopener\">Fran\u00e7ois-Joseph Lapointe<\/a><\/span><\/p>\n<p><a href=\"https:\/\/vangrimdecorpssecrets.com\/wp-content\/uploads\/2021\/04\/Eve2050_F-J-Lapointe.pdf\" target=\"_blank\" rel=\"noopener\"><span style=\"font-weight: 400;\">Lire l\u2019article ici<\/span><\/a><\/p>\n<hr \/>\n<p>&nbsp;<\/p>\n<blockquote><p><span style=\"font-weight: 400;\">\u201cLe cyborg a, depuis, fonctionn\u00e9 comme un de ces miroirs d\u00e9formants des f\u00eates foraines. Il est devenu une figure satur\u00e9e de st\u00e9r\u00e9otypes sur laquelle nous projetons fantasmes et anxi\u00e9t\u00e9s, peur de la machine, peur du progr\u00e8s, peur du changement, peur de l\u2019autre, et peur de nous-m\u00eames. Peut-on aujourd\u2019hui r\u00eaver \u00c8ve 2050 \u00e0 partir de la figure du cyborg ou celle-ci est-elle d\u00e9finitivement vou\u00e9e au cauchemar\u2009? Peut-on r\u00e9enchanter le cyborg\u2009?\u201d<\/span><\/p><\/blockquote>\n<p><b>\u2013 Une invention de la femme<\/b><strong>?<\/strong>, <a href=\"https:\/\/www.archivesdelacritiquedart.org\/auteur\/cuir-raphael#:~:text=Rapha%C3%ABl%20Cuir%20est%20historien%20d,la%20Renaissance%20%C3%A0%20nos%20jours.&amp;text=En%201999%2C%20il%20avait%20cr%C3%A9e,art%20sur%20internet%20(Canalweb)\" target=\"_blank\" rel=\"noopener\"><span style=\"font-weight: 400;\">Rapha\u00ebl Cuir<\/span><\/a><\/p>\n<p><a href=\"https:\/\/vangrimdecorpssecrets.com\/wp-content\/uploads\/2021\/04\/Eve2050_Raphael-Cuir.pdf\" target=\"_blank\" rel=\"noopener\"><span style=\"font-weight: 400;\">Lire l\u2019article ici<\/span><\/a><\/p>\n<hr \/>\n<p>&nbsp;<\/p>\n<blockquote><p><span style=\"font-weight: 400;\">\u201cLe chirurgien l&#8217;\u00e9coutait attentivement, plein d&#8217;empathie pour cette Eve tellement belle mais tout \u00e0 la fois tellement triste, femme transhumaniste en qu\u00eate d&#8217;humanit\u00e9, cyborg en proie \u00e0 un \u00e9trange malaise face \u00e0 cette intrusion grandissante de la technologie au c\u0153ur du &#8220;vivant&#8221;&#8221;.<\/span><\/p><\/blockquote>\n<p><b>\u2013 EVE 2050 ou une soudaine prise de conscience, <\/b><a href=\"https:\/\/www.assisesducorpstransforme.fr\/\" target=\"_blank\" rel=\"noopener\"><span style=\"font-weight: 400;\">Jacques Mateu<\/span><\/a><\/p>\n<p><a href=\"https:\/\/vangrimdecorpssecrets.com\/wp-content\/uploads\/2021\/04\/Eve2050_Jacques-Mateu.pdf\" target=\"_blank\" rel=\"noopener\"><span style=\"font-weight: 400;\">Lire l\u2019article ici<\/span><\/a><\/p>\n<hr \/>\n<p>&nbsp;<\/p>\n<blockquote><p><span style=\"font-weight: 400;\">\u201cIn the last twenty years, however, neuroscientists have built a model of a malleable and ever changing brain, adapting and shifting in accordance to its environments. Cultural neuroscientists have even showed the way various cultures across the globe create different brain patterns and structures, whether in terms of perception, emotion, or cognition.<\/span><\/p>\n<p>To historians\u2014and also to anthropologists and other social scientists\u2014the notion of a brain that is unmoored and open to change across culture and, thus, time itself (for what is truly history but the study of shifting cultures over time) has started to change how we think of the human condition.\u201d<\/p><\/blockquote>\n<p><b>\u2013 Eve 2050 Outside History<\/b><b>, <\/b><a href=\"https:\/\/www.ubishops.ca\/academic-programs\/faculty-of-arts-and-science\/humanities\/history-global-studies\/faculty\/\" target=\"_blank\" rel=\"noopener\"><span style=\"font-weight: 400;\">Cristian Berco<\/span><\/a><\/p>\n<p><a href=\"https:\/\/vangrimdecorpssecrets.com\/wp-content\/uploads\/2021\/04\/Eve2050_C-Berco.pdf\" target=\"_blank\" rel=\"noopener\"><span style=\"font-weight: 400;\">Read essay here<\/span><\/a><\/p>\n<hr \/>\n<p>&nbsp;<\/p>\n<blockquote><p><span style=\"font-weight: 400;\">\u201cThe health, economic, political, and environmental implications of climate change affect all of us. The tolls on our mental health are far reaching. They induce stress, depression, and anxiety; strain social and community relationships; and have been linked to increases in aggression, violence, and crime.\u201d<\/span><\/p><\/blockquote>\n<p><b>\u2013 On the Eve of 2050: The body, the psyche, the Anthropocene, <a href=\"https:\/\/www.bradnecyk.com\/about\" target=\"_blank\" rel=\"noopener\"><span style=\"font-weight: 400;\">Brad Necyk<\/span><\/a> <\/b><span style=\"font-weight: 400;\">and <a href=\"https:\/\/www.dyscorpia.com\/dan-harvey-eng-artist-page\" target=\"_blank\" rel=\"noopener\">Daniel Harvey<\/a><\/span><\/p>\n<p><a href=\"https:\/\/vangrimdecorpssecrets.com\/wp-content\/uploads\/2021\/04\/Eve2050_Necyk_Harvey.pdf\" target=\"_blank\" rel=\"noopener\"><span style=\"font-weight: 400;\">Read essay here<\/span><\/a><\/p>","protected":false},"excerpt":{"rendered":"<p>All essays are published in their original language. &nbsp; \u201cLes exp\u00e9rimentations que j\u2019ai conduites entre 2006 et 2017 avaient pour but de d\u00e9velopper une vision diff\u00e9rente et \u00e9largie du corps performatif \u00e0 travers son contact avec la technologie, une vision du corps du futur. Mon approche \u00e0 cette recherche a \u00e9t\u00e9 exp\u00e9riment\u00e9e sous l\u2019angle de&hellip;<\/p>\n","protected":false},"author":2,"featured_media":0,"parent":1359,"menu_order":4,"comment_status":"closed","ping_status":"closed","template":"","meta":{"footnotes":""},"class_list":["post-2961","page","type-page","status-publish","hentry","description-off"],"_links":{"self":[{"href":"https:\/\/vangrimdecorpssecrets.com\/en\/wp-json\/wp\/v2\/pages\/2961","targetHints":{"allow":["GET"]}}],"collection":[{"href":"https:\/\/vangrimdecorpssecrets.com\/en\/wp-json\/wp\/v2\/pages"}],"about":[{"href":"https:\/\/vangrimdecorpssecrets.com\/en\/wp-json\/wp\/v2\/types\/page"}],"author":[{"embeddable":true,"href":"https:\/\/vangrimdecorpssecrets.com\/en\/wp-json\/wp\/v2\/users\/2"}],"replies":[{"embeddable":true,"href":"https:\/\/vangrimdecorpssecrets.com\/en\/wp-json\/wp\/v2\/comments?post=2961"}],"version-history":[{"count":11,"href":"https:\/\/vangrimdecorpssecrets.com\/en\/wp-json\/wp\/v2\/pages\/2961\/revisions"}],"predecessor-version":[{"id":3065,"href":"https:\/\/vangrimdecorpssecrets.com\/en\/wp-json\/wp\/v2\/pages\/2961\/revisions\/3065"}],"up":[{"embeddable":true,"href":"https:\/\/vangrimdecorpssecrets.com\/en\/wp-json\/wp\/v2\/pages\/1359"}],"wp:attachment":[{"href":"https:\/\/vangrimdecorpssecrets.com\/en\/wp-json\/wp\/v2\/media?parent=2961"}],"curies":[{"name":"wp","href":"https:\/\/api.w.org\/{rel}","templated":true}]}}