{"id":2523,"date":"2020-09-22T19:12:22","date_gmt":"2020-09-22T19:12:22","guid":{"rendered":"https:\/\/vangrimdecorpssecrets.com\/?page_id=2523"},"modified":"2022-09-15T12:46:55","modified_gmt":"2022-09-15T12:46:55","slug":"residences","status":"publish","type":"page","link":"https:\/\/vangrimdecorpssecrets.com\/en\/partage-de-connaissances\/pepinieres-danse-et-numerique\/residences\/","title":{"rendered":"Residencies"},"content":{"rendered":"<p>Van Grimde Corps Secrets is launching a residency program that offers artists the opportunity to explore, in the context of their own practice, the interactions between bodies and digital technologies. Artists-in-residence will be able to choose the technological devices they would like to experiment with, in relation to their artistic objectives. The goal is to provide a space for research and free creation, along with equipment and mentoring if needed.<\/p>\n<p><em>Two 2-week residencies will be offered between February 2021 and December 2022.<\/em><\/p>\n<p>&nbsp;<\/p>\n<h5>After our call to projects, two artists were chosen for the residencies:<\/h5>\n<p style=\"text-align: left;\"><strong>Audrey Rochette, <em>Diorama<\/em><\/strong><\/p>\n<p><img loading=\"lazy\" decoding=\"async\" class=\" wp-image-2887 alignleft\" src=\"https:\/\/vangrimdecorpssecrets.com\/wp-content\/uploads\/2021\/01\/40160055-10160848746615626-4168080591842967552-o-300x300.jpg\" alt=\"\" width=\"147\" height=\"147\" srcset=\"https:\/\/vangrimdecorpssecrets.com\/wp-content\/uploads\/2021\/01\/40160055-10160848746615626-4168080591842967552-o-300x300.jpg 300w, https:\/\/vangrimdecorpssecrets.com\/wp-content\/uploads\/2021\/01\/40160055-10160848746615626-4168080591842967552-o-1024x1024.jpg 1024w, https:\/\/vangrimdecorpssecrets.com\/wp-content\/uploads\/2021\/01\/40160055-10160848746615626-4168080591842967552-o-150x150.jpg 150w, https:\/\/vangrimdecorpssecrets.com\/wp-content\/uploads\/2021\/01\/40160055-10160848746615626-4168080591842967552-o-768x768.jpg 768w, https:\/\/vangrimdecorpssecrets.com\/wp-content\/uploads\/2021\/01\/40160055-10160848746615626-4168080591842967552-o.jpg 1092w\" sizes=\"auto, (max-width: 147px) 100vw, 147px\" \/>Choreographer and performer, Audrey Rochette is interested, among other things, in the dialogical relationship between the body and technologies. Her works have been shown at Tangente, La Chapelle &#8211; Sc\u00e8nes Contemporaines, Dance Matters in Toronto and Festivaleke in Charleroi (BE). As a performer and assistant choreographer, she worked for 6 years with the company Kondition Pluriel, whose works are at the crossroads of media arts and performance. Audrey is currently a research associate for an Austrian machine learning project (Machine Movement Lab) led by Petra Gemeinboeck, Rob Saunders and Marie-Claude Poulin, as well as a research assistant to Nicole Harbonnier and Genevi\u00e8ve Dussault in Observation-Analysis of Movement. She is currently working on the creation of her new piece Diorama, an interactive and performative installation focusing on the ethics of the relationships between the living and the non-living in an ecosystem made up and composed of individual materials, technologies and organic.<\/p>\n<p><em><strong>Diorama<\/strong><\/em> is an interactive and performative installation, a reflection in practice on the place of humans in the fragile balances of the environments they occupy. A small ecosystem made under a giant modular mobile, the interactivity of a system of motion sensors reproduces the interdependence between human and environmental phenomena. The performers, matter, sound and light respond to each other and thus influence each other in this complex web of relationships between living and non-living.<\/p>\n<p><em>Artistic team: Alice Sanz, \u00c9lise Bergeron, Rosie Contant, Audr\u00e9e Juteau, Maude Ar\u00e8s, Karine Gauthier, Alexandre St-Onge, St\u00e9phane Gladyszewski, Audrey Rochette<\/em><\/p>\n<p style=\"text-align: left;\"><strong><a href=\"http:\/\/gerardxreyes.com\">Gerard X Reyes<\/a>, <em>NC2022<\/em><\/strong><\/p>\n<p><b><img loading=\"lazy\" decoding=\"async\" class=\" wp-image-2886 alignleft\" src=\"https:\/\/vangrimdecorpssecrets.com\/wp-content\/uploads\/2021\/01\/gerard-reyes-ulysse-del-drago-600x900pxjpg-300x300.jpg\" alt=\"\" width=\"147\" height=\"147\" srcset=\"https:\/\/vangrimdecorpssecrets.com\/wp-content\/uploads\/2021\/01\/gerard-reyes-ulysse-del-drago-600x900pxjpg-300x300.jpg 300w, https:\/\/vangrimdecorpssecrets.com\/wp-content\/uploads\/2021\/01\/gerard-reyes-ulysse-del-drago-600x900pxjpg-150x150.jpg 150w, https:\/\/vangrimdecorpssecrets.com\/wp-content\/uploads\/2021\/01\/gerard-reyes-ulysse-del-drago-600x900pxjpg.jpg 507w\" sizes=\"auto, (max-width: 147px) 100vw, 147px\" \/><\/b>Gerard X Reyes is a Uruguayan-Canadian dancer, choreographer, Somatic Sex Educator and Intimacy Coordinator. For the past twenty years, Reyes\u2019s artistic practice has addressed the sensual and sexual body. As a dancer, Reyes spent seven years as a member of the Compagnie Marie Chouinard (2006-07; 2009-13). He is the recipient of a Gemini Award from the Academy of Canadian Cinema and Television for Best Performance in Chouinard\u2019s <i>bODY_rEMIX. <\/i>Reyes has performed extensively for many other choreographers including J\u00e9r\u00f4me Bel, Beno\u00eet Lachambre, Bill T. Jones, Luther Brown and Amazon Leiomy Maldonado. His first solo work, &#8220;The Principle of Pleasure&#8221;, explores the themes of desire, seduction and control by melding together voguing, stripping, eccentricity and glamour. Set to original remixes of songs by pop icon Janet Jackson, the solo premiered in 2015 at La Chapelle (Montreal) and has since toured across Canada and Europe including Festival TransAm\u00e9riques (Montr\u00e9al), SummerWorks (Toronto), P*rny Days (Zurich) and Tanzfabrik (Berlin). In 2017 Reyes pioneered Montreal&#8217;s Kiki Ballroom Scene by leading weekly practices for local LGBTQ+ youth as well as producing and hosting regular Kiki Balls including balls for Canada Pride (2017) and Fiert\u00e9 Montr\u00e9al (2018). Recently, Reyes completed a certification in Sexological Bodywork via the Institute of Somatic Sexology. This certificate allows him to teach somatic sex education privately, and assist in projects as an Intimacy Coordinator for stage and film. Through this practice, he guides people towards deeper embodiment and connection with their sensual self.<\/p>\n<div>\n<p><strong><em>NC2022 :\u00a0<\/em><\/strong>&#8220;In the current hyper information era, humans are collectively obsessed with inventing new technologies that claim to facilitate the human experience by offering greater choice and less physical work. To counter this, I raise the questions:\u00a0As humans what do we already have in our underlying, collective experience that we are not using to its full potential?\u00a0Does our rational, mammalian paradigm distract us from our ancient, latent reptilian wisdom of how to survive and connect?\u00a0To respond to these questions, I am curious to step outside of the human-made world (cities) and move into nature.&#8221;<\/p>\n<\/div>\n<p><\/p>","protected":false},"excerpt":{"rendered":"<p>Van Grimde Corps Secrets is launching a residency program that offers artists the opportunity to explore, in the context of their own practice, the interactions between bodies and digital technologies. Artists-in-residence will be able to choose the technological devices they would like to experiment with, in relation to their artistic objectives. The goal is to&hellip;<\/p>\n","protected":false},"author":2,"featured_media":0,"parent":2588,"menu_order":7,"comment_status":"closed","ping_status":"closed","template":"","meta":{"footnotes":""},"class_list":["post-2523","page","type-page","status-publish","hentry","description-off"],"_links":{"self":[{"href":"https:\/\/vangrimdecorpssecrets.com\/en\/wp-json\/wp\/v2\/pages\/2523","targetHints":{"allow":["GET"]}}],"collection":[{"href":"https:\/\/vangrimdecorpssecrets.com\/en\/wp-json\/wp\/v2\/pages"}],"about":[{"href":"https:\/\/vangrimdecorpssecrets.com\/en\/wp-json\/wp\/v2\/types\/page"}],"author":[{"embeddable":true,"href":"https:\/\/vangrimdecorpssecrets.com\/en\/wp-json\/wp\/v2\/users\/2"}],"replies":[{"embeddable":true,"href":"https:\/\/vangrimdecorpssecrets.com\/en\/wp-json\/wp\/v2\/comments?post=2523"}],"version-history":[{"count":9,"href":"https:\/\/vangrimdecorpssecrets.com\/en\/wp-json\/wp\/v2\/pages\/2523\/revisions"}],"predecessor-version":[{"id":2890,"href":"https:\/\/vangrimdecorpssecrets.com\/en\/wp-json\/wp\/v2\/pages\/2523\/revisions\/2890"}],"up":[{"embeddable":true,"href":"https:\/\/vangrimdecorpssecrets.com\/en\/wp-json\/wp\/v2\/pages\/2588"}],"wp:attachment":[{"href":"https:\/\/vangrimdecorpssecrets.com\/en\/wp-json\/wp\/v2\/media?parent=2523"}],"curies":[{"name":"wp","href":"https:\/\/api.w.org\/{rel}","templated":true}]}}