{"id":194,"date":"2015-02-04T16:15:32","date_gmt":"2015-02-04T21:15:32","guid":{"rendered":"http:\/\/vangrimdecorpssecrets.com\/?page_id=194"},"modified":"2022-09-15T12:46:11","modified_gmt":"2022-09-15T12:46:11","slug":"photos","status":"publish","type":"page","link":"https:\/\/vangrimdecorpssecrets.com\/en\/oeuvres\/le-corps-en-questions-the-body-in-questions\/photos\/","title":{"rendered":"Photos"},"content":{"rendered":"<p>&nbsp;<\/p>\n\n\t\t\t<style type='text\/css'>\n\t\t\t\t#gallery-2 {\n\t\t\t\t\tmargin: auto;\n\t\t\t\t}\n\t\t\t\t#gallery-2 .gallery-item {\n\t\t\t\t\tfloat: left;\n\t\t\t\t\tmargin-top: 10px;\n\t\t\t\t\ttext-align: center;\n\t\t\t\t\twidth: 25%;\n\t\t\t\t}\n\t\t\t\t#gallery-2 img {\n\t\t\t\t\tborder: 2px solid #cfcfcf;\n\t\t\t\t}\n\t\t\t\t#gallery-2 .gallery-caption {\n\t\t\t\t\tmargin-left: 0;\n\t\t\t\t}\n\t\t\t\t\/* see gallery_shortcode() in wp-includes\/media.php *\/\n\t\t\t<\/style>\n\t\t<div id='gallery-2' class='dt-gallery-container gallery galleryid-194 gallery-columns-4 gallery-size-medium'><dl class='gallery-item'>\n\t\t\t\t<dt class='gallery-icon landscape'>\n\t\t\t\t\t<a class=\"rollover\" href='https:\/\/vangrimdecorpssecrets.com\/en\/oeuvres\/le-corps-en-questions-the-body-in-questions\/photos\/image17\/'><img loading=\"lazy\" decoding=\"async\" width=\"300\" height=\"169\" src=\"https:\/\/vangrimdecorpssecrets.com\/wp-content\/uploads\/2015\/02\/Image17-300x169.jpg\" class=\"attachment-medium size-medium\" alt=\"\" srcset=\"https:\/\/vangrimdecorpssecrets.com\/wp-content\/uploads\/2015\/02\/Image17-300x169.jpg 300w, https:\/\/vangrimdecorpssecrets.com\/wp-content\/uploads\/2015\/02\/Image17-768x432.jpg 768w, https:\/\/vangrimdecorpssecrets.com\/wp-content\/uploads\/2015\/02\/Image17-1024x576.jpg 1024w, https:\/\/vangrimdecorpssecrets.com\/wp-content\/uploads\/2015\/02\/Image17.jpg 1920w\" sizes=\"auto, (max-width: 300px) 100vw, 300px\" \/><\/a>\n\t\t\t\t<\/dt><\/dl><dl class='gallery-item'>\n\t\t\t\t<dt class='gallery-icon landscape'>\n\t\t\t\t\t<a class=\"rollover\" href='https:\/\/vangrimdecorpssecrets.com\/en\/oeuvres\/le-corps-en-questions-the-body-in-questions\/photos\/image14\/'><img loading=\"lazy\" decoding=\"async\" width=\"300\" height=\"169\" src=\"https:\/\/vangrimdecorpssecrets.com\/wp-content\/uploads\/2015\/02\/Image14-300x169.jpg\" class=\"attachment-medium size-medium\" alt=\"\" srcset=\"https:\/\/vangrimdecorpssecrets.com\/wp-content\/uploads\/2015\/02\/Image14-300x169.jpg 300w, https:\/\/vangrimdecorpssecrets.com\/wp-content\/uploads\/2015\/02\/Image14-768x432.jpg 768w, https:\/\/vangrimdecorpssecrets.com\/wp-content\/uploads\/2015\/02\/Image14-1024x576.jpg 1024w, https:\/\/vangrimdecorpssecrets.com\/wp-content\/uploads\/2015\/02\/Image14.jpg 1920w\" sizes=\"auto, (max-width: 300px) 100vw, 300px\" \/><\/a>\n\t\t\t\t<\/dt><\/dl><dl class='gallery-item'>\n\t\t\t\t<dt class='gallery-icon landscape'>\n\t\t\t\t\t<a class=\"rollover\" href='https:\/\/vangrimdecorpssecrets.com\/en\/oeuvres\/le-corps-en-questions-the-body-in-questions\/photos\/image26\/'><img loading=\"lazy\" decoding=\"async\" width=\"300\" height=\"169\" src=\"https:\/\/vangrimdecorpssecrets.com\/wp-content\/uploads\/2015\/02\/Image26-300x169.jpg\" class=\"attachment-medium size-medium\" alt=\"\" srcset=\"https:\/\/vangrimdecorpssecrets.com\/wp-content\/uploads\/2015\/02\/Image26-300x169.jpg 300w, https:\/\/vangrimdecorpssecrets.com\/wp-content\/uploads\/2015\/02\/Image26-768x432.jpg 768w, https:\/\/vangrimdecorpssecrets.com\/wp-content\/uploads\/2015\/02\/Image26-1024x576.jpg 1024w, https:\/\/vangrimdecorpssecrets.com\/wp-content\/uploads\/2015\/02\/Image26.jpg 1920w\" sizes=\"auto, (max-width: 300px) 100vw, 300px\" \/><\/a>\n\t\t\t\t<\/dt><\/dl><dl class='gallery-item'>\n\t\t\t\t<dt class='gallery-icon landscape'>\n\t\t\t\t\t<a class=\"rollover\" href='https:\/\/vangrimdecorpssecrets.com\/en\/oeuvres\/le-corps-en-questions-the-body-in-questions\/photos\/image20\/'><img loading=\"lazy\" decoding=\"async\" width=\"300\" height=\"169\" src=\"https:\/\/vangrimdecorpssecrets.com\/wp-content\/uploads\/2015\/02\/Image20-300x169.jpg\" class=\"attachment-medium size-medium\" alt=\"\" srcset=\"https:\/\/vangrimdecorpssecrets.com\/wp-content\/uploads\/2015\/02\/Image20-300x169.jpg 300w, https:\/\/vangrimdecorpssecrets.com\/wp-content\/uploads\/2015\/02\/Image20-768x432.jpg 768w, https:\/\/vangrimdecorpssecrets.com\/wp-content\/uploads\/2015\/02\/Image20-1024x576.jpg 1024w, https:\/\/vangrimdecorpssecrets.com\/wp-content\/uploads\/2015\/02\/Image20.jpg 1920w\" sizes=\"auto, (max-width: 300px) 100vw, 300px\" \/><\/a>\n\t\t\t\t<\/dt><\/dl><br style=\"clear: both\" \/><dl class='gallery-item'>\n\t\t\t\t<dt class='gallery-icon landscape'>\n\t\t\t\t\t<a class=\"rollover\" href='https:\/\/vangrimdecorpssecrets.com\/en\/oeuvres\/le-corps-en-questions-the-body-in-questions\/photos\/image7\/'><img loading=\"lazy\" decoding=\"async\" width=\"300\" height=\"169\" src=\"https:\/\/vangrimdecorpssecrets.com\/wp-content\/uploads\/2015\/02\/Image7-300x169.jpg\" class=\"attachment-medium size-medium\" alt=\"\" srcset=\"https:\/\/vangrimdecorpssecrets.com\/wp-content\/uploads\/2015\/02\/Image7-300x169.jpg 300w, https:\/\/vangrimdecorpssecrets.com\/wp-content\/uploads\/2015\/02\/Image7-768x432.jpg 768w, https:\/\/vangrimdecorpssecrets.com\/wp-content\/uploads\/2015\/02\/Image7-1024x576.jpg 1024w, https:\/\/vangrimdecorpssecrets.com\/wp-content\/uploads\/2015\/02\/Image7.jpg 1920w\" sizes=\"auto, (max-width: 300px) 100vw, 300px\" \/><\/a>\n\t\t\t\t<\/dt><\/dl><dl class='gallery-item'>\n\t\t\t\t<dt class='gallery-icon landscape'>\n\t\t\t\t\t<a class=\"rollover\" href='https:\/\/vangrimdecorpssecrets.com\/en\/oeuvres\/le-corps-en-questions-the-body-in-questions\/photos\/image24\/'><img loading=\"lazy\" decoding=\"async\" width=\"300\" height=\"169\" src=\"https:\/\/vangrimdecorpssecrets.com\/wp-content\/uploads\/2015\/02\/Image24-300x169.jpg\" class=\"attachment-medium size-medium\" alt=\"\" srcset=\"https:\/\/vangrimdecorpssecrets.com\/wp-content\/uploads\/2015\/02\/Image24-300x169.jpg 300w, https:\/\/vangrimdecorpssecrets.com\/wp-content\/uploads\/2015\/02\/Image24-768x432.jpg 768w, https:\/\/vangrimdecorpssecrets.com\/wp-content\/uploads\/2015\/02\/Image24-1024x576.jpg 1024w, https:\/\/vangrimdecorpssecrets.com\/wp-content\/uploads\/2015\/02\/Image24.jpg 1920w\" sizes=\"auto, (max-width: 300px) 100vw, 300px\" \/><\/a>\n\t\t\t\t<\/dt><\/dl><dl class='gallery-item'>\n\t\t\t\t<dt class='gallery-icon landscape'>\n\t\t\t\t\t<a class=\"rollover\" href='https:\/\/vangrimdecorpssecrets.com\/en\/oeuvres\/le-corps-en-questions-the-body-in-questions\/photos\/image15\/'><img loading=\"lazy\" decoding=\"async\" width=\"300\" height=\"169\" src=\"https:\/\/vangrimdecorpssecrets.com\/wp-content\/uploads\/2015\/02\/Image15-300x169.jpg\" class=\"attachment-medium size-medium\" alt=\"\" srcset=\"https:\/\/vangrimdecorpssecrets.com\/wp-content\/uploads\/2015\/02\/Image15-300x169.jpg 300w, https:\/\/vangrimdecorpssecrets.com\/wp-content\/uploads\/2015\/02\/Image15-768x432.jpg 768w, https:\/\/vangrimdecorpssecrets.com\/wp-content\/uploads\/2015\/02\/Image15-1024x576.jpg 1024w, https:\/\/vangrimdecorpssecrets.com\/wp-content\/uploads\/2015\/02\/Image15.jpg 1920w\" sizes=\"auto, (max-width: 300px) 100vw, 300px\" \/><\/a>\n\t\t\t\t<\/dt><\/dl><dl class='gallery-item'>\n\t\t\t\t<dt class='gallery-icon landscape'>\n\t\t\t\t\t<a class=\"rollover\" href='https:\/\/vangrimdecorpssecrets.com\/en\/oeuvres\/le-corps-en-questions-the-body-in-questions\/photos\/image27\/'><img loading=\"lazy\" decoding=\"async\" width=\"300\" height=\"169\" src=\"https:\/\/vangrimdecorpssecrets.com\/wp-content\/uploads\/2015\/02\/Image27-300x169.jpg\" class=\"attachment-medium size-medium\" alt=\"\" srcset=\"https:\/\/vangrimdecorpssecrets.com\/wp-content\/uploads\/2015\/02\/Image27-300x169.jpg 300w, https:\/\/vangrimdecorpssecrets.com\/wp-content\/uploads\/2015\/02\/Image27-768x432.jpg 768w, https:\/\/vangrimdecorpssecrets.com\/wp-content\/uploads\/2015\/02\/Image27-1024x576.jpg 1024w, https:\/\/vangrimdecorpssecrets.com\/wp-content\/uploads\/2015\/02\/Image27.jpg 1920w\" sizes=\"auto, (max-width: 300px) 100vw, 300px\" \/><\/a>\n\t\t\t\t<\/dt><\/dl><br style=\"clear: both\" \/><dl class='gallery-item'>\n\t\t\t\t<dt class='gallery-icon landscape'>\n\t\t\t\t\t<a class=\"rollover\" href='https:\/\/vangrimdecorpssecrets.com\/en\/oeuvres\/le-corps-en-questions-the-body-in-questions\/photos\/image25\/'><img loading=\"lazy\" decoding=\"async\" width=\"300\" height=\"169\" src=\"https:\/\/vangrimdecorpssecrets.com\/wp-content\/uploads\/2015\/02\/Image25-300x169.jpg\" class=\"attachment-medium size-medium\" alt=\"\" srcset=\"https:\/\/vangrimdecorpssecrets.com\/wp-content\/uploads\/2015\/02\/Image25-300x169.jpg 300w, https:\/\/vangrimdecorpssecrets.com\/wp-content\/uploads\/2015\/02\/Image25-768x432.jpg 768w, https:\/\/vangrimdecorpssecrets.com\/wp-content\/uploads\/2015\/02\/Image25-1024x576.jpg 1024w, https:\/\/vangrimdecorpssecrets.com\/wp-content\/uploads\/2015\/02\/Image25.jpg 1920w\" sizes=\"auto, (max-width: 300px) 100vw, 300px\" \/><\/a>\n\t\t\t\t<\/dt><\/dl><dl class='gallery-item'>\n\t\t\t\t<dt class='gallery-icon landscape'>\n\t\t\t\t\t<a class=\"rollover\" href='https:\/\/vangrimdecorpssecrets.com\/en\/oeuvres\/le-corps-en-questions-the-body-in-questions\/photos\/image16\/'><img loading=\"lazy\" decoding=\"async\" width=\"300\" height=\"169\" src=\"https:\/\/vangrimdecorpssecrets.com\/wp-content\/uploads\/2015\/02\/Image16-300x169.jpg\" class=\"attachment-medium size-medium\" alt=\"\" srcset=\"https:\/\/vangrimdecorpssecrets.com\/wp-content\/uploads\/2015\/02\/Image16-300x169.jpg 300w, https:\/\/vangrimdecorpssecrets.com\/wp-content\/uploads\/2015\/02\/Image16-768x432.jpg 768w, https:\/\/vangrimdecorpssecrets.com\/wp-content\/uploads\/2015\/02\/Image16-1024x576.jpg 1024w, https:\/\/vangrimdecorpssecrets.com\/wp-content\/uploads\/2015\/02\/Image16.jpg 1920w\" sizes=\"auto, (max-width: 300px) 100vw, 300px\" \/><\/a>\n\t\t\t\t<\/dt><\/dl><dl class='gallery-item'>\n\t\t\t\t<dt class='gallery-icon landscape'>\n\t\t\t\t\t<a class=\"rollover\" href='https:\/\/vangrimdecorpssecrets.com\/en\/oeuvres\/le-corps-en-questions-the-body-in-questions\/photos\/image10\/'><img loading=\"lazy\" decoding=\"async\" width=\"300\" height=\"169\" src=\"https:\/\/vangrimdecorpssecrets.com\/wp-content\/uploads\/2015\/02\/Image10-300x169.jpg\" class=\"attachment-medium size-medium\" alt=\"\" srcset=\"https:\/\/vangrimdecorpssecrets.com\/wp-content\/uploads\/2015\/02\/Image10-300x169.jpg 300w, https:\/\/vangrimdecorpssecrets.com\/wp-content\/uploads\/2015\/02\/Image10-768x432.jpg 768w, https:\/\/vangrimdecorpssecrets.com\/wp-content\/uploads\/2015\/02\/Image10-1024x576.jpg 1024w, https:\/\/vangrimdecorpssecrets.com\/wp-content\/uploads\/2015\/02\/Image10.jpg 1920w\" sizes=\"auto, (max-width: 300px) 100vw, 300px\" \/><\/a>\n\t\t\t\t<\/dt><\/dl><dl class='gallery-item'>\n\t\t\t\t<dt class='gallery-icon landscape'>\n\t\t\t\t\t<a class=\"rollover\" href='https:\/\/vangrimdecorpssecrets.com\/en\/oeuvres\/le-corps-en-questions-the-body-in-questions\/photos\/image2\/'><img loading=\"lazy\" decoding=\"async\" width=\"300\" height=\"169\" src=\"https:\/\/vangrimdecorpssecrets.com\/wp-content\/uploads\/2015\/02\/Image2-300x169.jpg\" class=\"attachment-medium size-medium\" alt=\"\" srcset=\"https:\/\/vangrimdecorpssecrets.com\/wp-content\/uploads\/2015\/02\/Image2-300x169.jpg 300w, https:\/\/vangrimdecorpssecrets.com\/wp-content\/uploads\/2015\/02\/Image2-768x432.jpg 768w, https:\/\/vangrimdecorpssecrets.com\/wp-content\/uploads\/2015\/02\/Image2-1024x576.jpg 1024w, https:\/\/vangrimdecorpssecrets.com\/wp-content\/uploads\/2015\/02\/Image2.jpg 1920w\" sizes=\"auto, (max-width: 300px) 100vw, 300px\" \/><\/a>\n\t\t\t\t<\/dt><\/dl><br style=\"clear: both\" \/><dl class='gallery-item'>\n\t\t\t\t<dt class='gallery-icon landscape'>\n\t\t\t\t\t<a class=\"rollover\" href='https:\/\/vangrimdecorpssecrets.com\/en\/oeuvres\/le-corps-en-questions-the-body-in-questions\/photos\/image19\/'><img loading=\"lazy\" decoding=\"async\" width=\"300\" height=\"169\" src=\"https:\/\/vangrimdecorpssecrets.com\/wp-content\/uploads\/2015\/02\/Image19-300x169.jpg\" class=\"attachment-medium size-medium\" alt=\"\" srcset=\"https:\/\/vangrimdecorpssecrets.com\/wp-content\/uploads\/2015\/02\/Image19-300x169.jpg 300w, https:\/\/vangrimdecorpssecrets.com\/wp-content\/uploads\/2015\/02\/Image19-768x432.jpg 768w, https:\/\/vangrimdecorpssecrets.com\/wp-content\/uploads\/2015\/02\/Image19-1024x576.jpg 1024w, https:\/\/vangrimdecorpssecrets.com\/wp-content\/uploads\/2015\/02\/Image19.jpg 1920w\" sizes=\"auto, (max-width: 300px) 100vw, 300px\" \/><\/a>\n\t\t\t\t<\/dt><\/dl><dl class='gallery-item'>\n\t\t\t\t<dt class='gallery-icon landscape'>\n\t\t\t\t\t<a class=\"rollover\" href='https:\/\/vangrimdecorpssecrets.com\/en\/oeuvres\/le-corps-en-questions-the-body-in-questions\/photos\/image6\/'><img loading=\"lazy\" decoding=\"async\" width=\"300\" height=\"169\" src=\"https:\/\/vangrimdecorpssecrets.com\/wp-content\/uploads\/2015\/02\/Image6-300x169.jpg\" class=\"attachment-medium size-medium\" alt=\"\" srcset=\"https:\/\/vangrimdecorpssecrets.com\/wp-content\/uploads\/2015\/02\/Image6-300x169.jpg 300w, https:\/\/vangrimdecorpssecrets.com\/wp-content\/uploads\/2015\/02\/Image6-768x432.jpg 768w, https:\/\/vangrimdecorpssecrets.com\/wp-content\/uploads\/2015\/02\/Image6-1024x576.jpg 1024w, https:\/\/vangrimdecorpssecrets.com\/wp-content\/uploads\/2015\/02\/Image6.jpg 1920w\" sizes=\"auto, (max-width: 300px) 100vw, 300px\" \/><\/a>\n\t\t\t\t<\/dt><\/dl><dl class='gallery-item'>\n\t\t\t\t<dt class='gallery-icon landscape'>\n\t\t\t\t\t<a class=\"rollover\" href='https:\/\/vangrimdecorpssecrets.com\/en\/oeuvres\/le-corps-en-questions-the-body-in-questions\/photos\/image9\/'><img loading=\"lazy\" decoding=\"async\" width=\"300\" height=\"169\" src=\"https:\/\/vangrimdecorpssecrets.com\/wp-content\/uploads\/2015\/02\/Image9-300x169.jpg\" class=\"attachment-medium size-medium\" alt=\"\" srcset=\"https:\/\/vangrimdecorpssecrets.com\/wp-content\/uploads\/2015\/02\/Image9-300x169.jpg 300w, https:\/\/vangrimdecorpssecrets.com\/wp-content\/uploads\/2015\/02\/Image9-768x432.jpg 768w, https:\/\/vangrimdecorpssecrets.com\/wp-content\/uploads\/2015\/02\/Image9-1024x576.jpg 1024w, https:\/\/vangrimdecorpssecrets.com\/wp-content\/uploads\/2015\/02\/Image9.jpg 1920w\" sizes=\"auto, (max-width: 300px) 100vw, 300px\" \/><\/a>\n\t\t\t\t<\/dt><\/dl><dl class='gallery-item'>\n\t\t\t\t<dt class='gallery-icon landscape'>\n\t\t\t\t\t<a class=\"rollover\" href='https:\/\/vangrimdecorpssecrets.com\/en\/oeuvres\/le-corps-en-questions-the-body-in-questions\/photos\/image22\/'><img loading=\"lazy\" decoding=\"async\" width=\"300\" height=\"169\" src=\"https:\/\/vangrimdecorpssecrets.com\/wp-content\/uploads\/2015\/02\/Image22-300x169.jpg\" class=\"attachment-medium size-medium\" alt=\"\" srcset=\"https:\/\/vangrimdecorpssecrets.com\/wp-content\/uploads\/2015\/02\/Image22-300x169.jpg 300w, https:\/\/vangrimdecorpssecrets.com\/wp-content\/uploads\/2015\/02\/Image22-768x432.jpg 768w, https:\/\/vangrimdecorpssecrets.com\/wp-content\/uploads\/2015\/02\/Image22-1024x576.jpg 1024w, https:\/\/vangrimdecorpssecrets.com\/wp-content\/uploads\/2015\/02\/Image22.jpg 1920w\" sizes=\"auto, (max-width: 300px) 100vw, 300px\" \/><\/a>\n\t\t\t\t<\/dt><\/dl><br style=\"clear: both\" \/><dl class='gallery-item'>\n\t\t\t\t<dt class='gallery-icon landscape'>\n\t\t\t\t\t<a class=\"rollover\" href='https:\/\/vangrimdecorpssecrets.com\/en\/oeuvres\/le-corps-en-questions-the-body-in-questions\/photos\/image11\/'><img loading=\"lazy\" decoding=\"async\" width=\"300\" height=\"169\" src=\"https:\/\/vangrimdecorpssecrets.com\/wp-content\/uploads\/2015\/02\/Image11-300x169.jpg\" class=\"attachment-medium size-medium\" alt=\"\" srcset=\"https:\/\/vangrimdecorpssecrets.com\/wp-content\/uploads\/2015\/02\/Image11-300x169.jpg 300w, https:\/\/vangrimdecorpssecrets.com\/wp-content\/uploads\/2015\/02\/Image11-768x432.jpg 768w, https:\/\/vangrimdecorpssecrets.com\/wp-content\/uploads\/2015\/02\/Image11-1024x576.jpg 1024w, https:\/\/vangrimdecorpssecrets.com\/wp-content\/uploads\/2015\/02\/Image11.jpg 1920w\" sizes=\"auto, (max-width: 300px) 100vw, 300px\" \/><\/a>\n\t\t\t\t<\/dt><\/dl><dl class='gallery-item'>\n\t\t\t\t<dt class='gallery-icon landscape'>\n\t\t\t\t\t<a class=\"rollover\" href='https:\/\/vangrimdecorpssecrets.com\/en\/oeuvres\/le-corps-en-questions-the-body-in-questions\/photos\/image4\/'><img loading=\"lazy\" decoding=\"async\" width=\"300\" height=\"169\" src=\"https:\/\/vangrimdecorpssecrets.com\/wp-content\/uploads\/2015\/02\/Image4-300x169.jpg\" class=\"attachment-medium size-medium\" alt=\"\" srcset=\"https:\/\/vangrimdecorpssecrets.com\/wp-content\/uploads\/2015\/02\/Image4-300x169.jpg 300w, https:\/\/vangrimdecorpssecrets.com\/wp-content\/uploads\/2015\/02\/Image4-768x432.jpg 768w, https:\/\/vangrimdecorpssecrets.com\/wp-content\/uploads\/2015\/02\/Image4-1024x576.jpg 1024w, https:\/\/vangrimdecorpssecrets.com\/wp-content\/uploads\/2015\/02\/Image4.jpg 1920w\" sizes=\"auto, (max-width: 300px) 100vw, 300px\" \/><\/a>\n\t\t\t\t<\/dt><\/dl><dl class='gallery-item'>\n\t\t\t\t<dt class='gallery-icon landscape'>\n\t\t\t\t\t<a class=\"rollover\" href='https:\/\/vangrimdecorpssecrets.com\/en\/oeuvres\/le-corps-en-questions-the-body-in-questions\/photos\/image5\/'><img loading=\"lazy\" decoding=\"async\" width=\"300\" height=\"169\" src=\"https:\/\/vangrimdecorpssecrets.com\/wp-content\/uploads\/2015\/02\/Image5-300x169.jpg\" class=\"attachment-medium size-medium\" alt=\"\" srcset=\"https:\/\/vangrimdecorpssecrets.com\/wp-content\/uploads\/2015\/02\/Image5-300x169.jpg 300w, https:\/\/vangrimdecorpssecrets.com\/wp-content\/uploads\/2015\/02\/Image5-768x432.jpg 768w, https:\/\/vangrimdecorpssecrets.com\/wp-content\/uploads\/2015\/02\/Image5-1024x576.jpg 1024w, https:\/\/vangrimdecorpssecrets.com\/wp-content\/uploads\/2015\/02\/Image5.jpg 1920w\" sizes=\"auto, (max-width: 300px) 100vw, 300px\" \/><\/a>\n\t\t\t\t<\/dt><\/dl><dl class='gallery-item'>\n\t\t\t\t<dt class='gallery-icon landscape'>\n\t\t\t\t\t<a class=\"rollover\" href='https:\/\/vangrimdecorpssecrets.com\/en\/oeuvres\/le-corps-en-questions-the-body-in-questions\/photos\/image12\/'><img loading=\"lazy\" decoding=\"async\" width=\"300\" height=\"169\" src=\"https:\/\/vangrimdecorpssecrets.com\/wp-content\/uploads\/2015\/02\/Image12-300x169.jpg\" class=\"attachment-medium size-medium\" alt=\"\" srcset=\"https:\/\/vangrimdecorpssecrets.com\/wp-content\/uploads\/2015\/02\/Image12-300x169.jpg 300w, https:\/\/vangrimdecorpssecrets.com\/wp-content\/uploads\/2015\/02\/Image12-768x432.jpg 768w, https:\/\/vangrimdecorpssecrets.com\/wp-content\/uploads\/2015\/02\/Image12-1024x576.jpg 1024w, https:\/\/vangrimdecorpssecrets.com\/wp-content\/uploads\/2015\/02\/Image12.jpg 1920w\" sizes=\"auto, (max-width: 300px) 100vw, 300px\" \/><\/a>\n\t\t\t\t<\/dt><\/dl><br style=\"clear: both\" \/><dl class='gallery-item'>\n\t\t\t\t<dt class='gallery-icon landscape'>\n\t\t\t\t\t<a class=\"rollover\" href='https:\/\/vangrimdecorpssecrets.com\/en\/oeuvres\/le-corps-en-questions-the-body-in-questions\/photos\/image18\/'><img loading=\"lazy\" decoding=\"async\" width=\"300\" height=\"169\" src=\"https:\/\/vangrimdecorpssecrets.com\/wp-content\/uploads\/2015\/02\/Image18-300x169.jpg\" class=\"attachment-medium size-medium\" alt=\"\" srcset=\"https:\/\/vangrimdecorpssecrets.com\/wp-content\/uploads\/2015\/02\/Image18-300x169.jpg 300w, https:\/\/vangrimdecorpssecrets.com\/wp-content\/uploads\/2015\/02\/Image18-768x432.jpg 768w, https:\/\/vangrimdecorpssecrets.com\/wp-content\/uploads\/2015\/02\/Image18-1024x576.jpg 1024w, https:\/\/vangrimdecorpssecrets.com\/wp-content\/uploads\/2015\/02\/Image18.jpg 1920w\" sizes=\"auto, (max-width: 300px) 100vw, 300px\" \/><\/a>\n\t\t\t\t<\/dt><\/dl><dl class='gallery-item'>\n\t\t\t\t<dt class='gallery-icon landscape'>\n\t\t\t\t\t<a class=\"rollover\" href='https:\/\/vangrimdecorpssecrets.com\/en\/oeuvres\/le-corps-en-questions-the-body-in-questions\/photos\/image8\/'><img loading=\"lazy\" decoding=\"async\" width=\"300\" height=\"169\" src=\"https:\/\/vangrimdecorpssecrets.com\/wp-content\/uploads\/2015\/02\/Image8-300x169.jpg\" class=\"attachment-medium size-medium\" alt=\"\" srcset=\"https:\/\/vangrimdecorpssecrets.com\/wp-content\/uploads\/2015\/02\/Image8-300x169.jpg 300w, https:\/\/vangrimdecorpssecrets.com\/wp-content\/uploads\/2015\/02\/Image8-768x432.jpg 768w, https:\/\/vangrimdecorpssecrets.com\/wp-content\/uploads\/2015\/02\/Image8-1024x576.jpg 1024w, https:\/\/vangrimdecorpssecrets.com\/wp-content\/uploads\/2015\/02\/Image8.jpg 1920w\" sizes=\"auto, (max-width: 300px) 100vw, 300px\" \/><\/a>\n\t\t\t\t<\/dt><\/dl><dl class='gallery-item'>\n\t\t\t\t<dt class='gallery-icon landscape'>\n\t\t\t\t\t<a class=\"rollover\" href='https:\/\/vangrimdecorpssecrets.com\/en\/oeuvres\/le-corps-en-questions-the-body-in-questions\/photos\/image13\/'><img loading=\"lazy\" decoding=\"async\" width=\"300\" height=\"169\" src=\"https:\/\/vangrimdecorpssecrets.com\/wp-content\/uploads\/2015\/02\/Image13-300x169.jpg\" class=\"attachment-medium size-medium\" alt=\"\" srcset=\"https:\/\/vangrimdecorpssecrets.com\/wp-content\/uploads\/2015\/02\/Image13-300x169.jpg 300w, https:\/\/vangrimdecorpssecrets.com\/wp-content\/uploads\/2015\/02\/Image13-768x432.jpg 768w, https:\/\/vangrimdecorpssecrets.com\/wp-content\/uploads\/2015\/02\/Image13-1024x576.jpg 1024w, https:\/\/vangrimdecorpssecrets.com\/wp-content\/uploads\/2015\/02\/Image13.jpg 1920w\" sizes=\"auto, (max-width: 300px) 100vw, 300px\" \/><\/a>\n\t\t\t\t<\/dt><\/dl><dl class='gallery-item'>\n\t\t\t\t<dt class='gallery-icon landscape'>\n\t\t\t\t\t<a class=\"rollover\" href='https:\/\/vangrimdecorpssecrets.com\/en\/oeuvres\/le-corps-en-questions-the-body-in-questions\/photos\/image23\/'><img loading=\"lazy\" decoding=\"async\" width=\"300\" height=\"169\" src=\"https:\/\/vangrimdecorpssecrets.com\/wp-content\/uploads\/2015\/02\/Image23-300x169.jpg\" class=\"attachment-medium size-medium\" alt=\"\" srcset=\"https:\/\/vangrimdecorpssecrets.com\/wp-content\/uploads\/2015\/02\/Image23-300x169.jpg 300w, https:\/\/vangrimdecorpssecrets.com\/wp-content\/uploads\/2015\/02\/Image23-768x432.jpg 768w, https:\/\/vangrimdecorpssecrets.com\/wp-content\/uploads\/2015\/02\/Image23-1024x576.jpg 1024w, https:\/\/vangrimdecorpssecrets.com\/wp-content\/uploads\/2015\/02\/Image23.jpg 1920w\" sizes=\"auto, (max-width: 300px) 100vw, 300px\" \/><\/a>\n\t\t\t\t<\/dt><\/dl><br style=\"clear: both\" \/>\n\t\t\t<\/div>\n\n<h6>Photos : J\u00e9r\u00f4me Delapierre<br \/>\nCommissaire, directrice artistique et chor\u00e9graphe | Curator, Artistic Director and Choreographer Isabelle Van Grimde<br \/>\nArchitecture de l\u2019espace | Space Design \u00c9ric O. Lacroix<br \/>\nInterpr\u00e8tes | Performers<br \/>\nMarie Brassard, Sophie Breton, Marie-\u00c8ve Lafontaine, Robin Poitras, Georges-Nicolas Tremblay, Brian Webb<br \/>\nArtistes visuels | Visual Artists Derek Besant, Brennan\/Caulfied\/Mills, Kate Craig, Foumalade, Anick La Bissonni\u00e8re, \u00c9ric O. Lacroix, Nadia Myre, Maril\u00e8ne Olivier, Monique R\u00e9gimbald-Zeiber<\/h6>\n<p><\/p>","protected":false},"excerpt":{"rendered":"<p>&nbsp; Photos : J\u00e9r\u00f4me Delapierre Commissaire, directrice artistique et chor\u00e9graphe | Curator, Artistic Director and Choreographer Isabelle Van Grimde Architecture de l\u2019espace | Space Design \u00c9ric O. Lacroix Interpr\u00e8tes | Performers Marie Brassard, Sophie Breton, Marie-\u00c8ve Lafontaine, Robin Poitras, Georges-Nicolas Tremblay, Brian Webb Artistes visuels | Visual Artists Derek Besant, Brennan\/Caulfied\/Mills, Kate Craig, Foumalade, Anick&hellip;<\/p>\n","protected":false},"author":2,"featured_media":0,"parent":112,"menu_order":4,"comment_status":"closed","ping_status":"open","template":"","meta":{"footnotes":""},"class_list":["post-194","page","type-page","status-publish","hentry","description-off"],"_links":{"self":[{"href":"https:\/\/vangrimdecorpssecrets.com\/en\/wp-json\/wp\/v2\/pages\/194","targetHints":{"allow":["GET"]}}],"collection":[{"href":"https:\/\/vangrimdecorpssecrets.com\/en\/wp-json\/wp\/v2\/pages"}],"about":[{"href":"https:\/\/vangrimdecorpssecrets.com\/en\/wp-json\/wp\/v2\/types\/page"}],"author":[{"embeddable":true,"href":"https:\/\/vangrimdecorpssecrets.com\/en\/wp-json\/wp\/v2\/users\/2"}],"replies":[{"embeddable":true,"href":"https:\/\/vangrimdecorpssecrets.com\/en\/wp-json\/wp\/v2\/comments?post=194"}],"version-history":[{"count":1,"href":"https:\/\/vangrimdecorpssecrets.com\/en\/wp-json\/wp\/v2\/pages\/194\/revisions"}],"predecessor-version":[{"id":1447,"href":"https:\/\/vangrimdecorpssecrets.com\/en\/wp-json\/wp\/v2\/pages\/194\/revisions\/1447"}],"up":[{"embeddable":true,"href":"https:\/\/vangrimdecorpssecrets.com\/en\/wp-json\/wp\/v2\/pages\/112"}],"wp:attachment":[{"href":"https:\/\/vangrimdecorpssecrets.com\/en\/wp-json\/wp\/v2\/media?parent=194"}],"curies":[{"name":"wp","href":"https:\/\/api.w.org\/{rel}","templated":true}]}}