{"id":188,"date":"2015-02-04T16:11:35","date_gmt":"2015-02-04T21:11:35","guid":{"rendered":"http:\/\/vangrimdecorpssecrets.com\/?page_id=188"},"modified":"2022-09-15T12:46:11","modified_gmt":"2022-09-15T12:46:11","slug":"a-propos","status":"publish","type":"page","link":"https:\/\/vangrimdecorpssecrets.com\/en\/oeuvres\/corps-secret-corps-public\/a-propos\/","title":{"rendered":"About"},"content":{"rendered":"<p><strong>Step into the Looking Glass <\/strong><\/p>\n<p><strong><u>\u00a0<\/u><\/strong><\/p>\n<p>Slow down. Come in close, encounter yourself, fall into another dimension. With the interactive installation <em>Corps secret \/ Corps public<\/em>, the trio of Isabelle Van Grimde, Anick La Bissonni\u00e8re and Thom Gossage combine movement, architecture and sound to transform our everyday environment and to challenge how we use images and time.<\/p>\n<p>&nbsp;<\/p>\n<p>Three intriguing structures inhabit the Espace culturel Georges \u00c9mile Lapalme at Place des Arts. Flexible and translucent, their walls are a mirror skin where our reflection merges with the reflections of other strangers in transit\u2026 and with the reflections of the dancers during performances in an enticing hybridization of bodies, a parallel narrative that adjusts to changing rhythms. An impromptu dance takes shape in the instant of our interrupted journey; looks are exchanged. The wondrous visual fusion of our identities varies depending on the light. Captured by sensors, each of our movements modulates the soundtrack, recomposing the rustling and murmurs of an almost supernatural urban jungle. A portal opens up into reality and we are propelled into the space-time of an elsewhere that is in the here and now.<\/p>\n<p>&nbsp;<\/p>\n<p><img loading=\"lazy\" decoding=\"async\" class=\"alignnone wp-image-882 size-large\" src=\"http:\/\/vangrimdecorpssecrets.com\/wp-content\/uploads\/2015\/02\/CSCP_Banniere-FTA_01-1024x315.jpg\" alt=\"CSCP_Banniere FTA_01\" width=\"1024\" height=\"315\" srcset=\"https:\/\/vangrimdecorpssecrets.com\/wp-content\/uploads\/2015\/02\/CSCP_Banniere-FTA_01-1024x315.jpg 1024w, https:\/\/vangrimdecorpssecrets.com\/wp-content\/uploads\/2015\/02\/CSCP_Banniere-FTA_01-300x92.jpg 300w, https:\/\/vangrimdecorpssecrets.com\/wp-content\/uploads\/2015\/02\/CSCP_Banniere-FTA_01-768x236.jpg 768w\" sizes=\"auto, (max-width: 1024px) 100vw, 1024px\" \/><\/p>\n<p>&nbsp;<\/p>\n<p><strong>Production\u00a0:\u00a0<\/strong>Van Grimde Corps Secrets<\/p>\n<p><strong>In\u00a0coproduction with\u00a0<\/strong>: Festival TransAm\u00e9riques, Place des Arts, Anick La Bissonni\u00e8re, l\u2019\u00c9cole sup\u00e9rieure de ballet du Qu\u00e9bec<\/p>\n<p><strong>Creatives Residencies:<\/strong> Place des Arts, Agora de la danse<\/p>\n<p><strong>Artistic Director\u00a0<\/strong>: Isabelle Van Grimde<\/p>\n<p><strong>Architectural Installation\u00a0<em>Dystopie<\/em> : <\/strong>Anick La Bissonni\u00e8re<\/p>\n<p><strong>Sound Installation\u00a0<em>Per Tempus<\/em>\u00a0: <\/strong>Thom Gossage in\u00a0collaboration with\u00a0Fr\u00e9d\u00e9ric Filteau<\/p>\n<p><strong>Choreographic Installation\u00a0: <\/strong>Isabelle Van Grimde<\/p>\n<p><strong>Created with and performed by\u00a0<\/strong>: Sophie Breton, Marie-\u00c8ve Lafontaine, Sama\u00ebl Maurice, Maya Robitaille, Georges-Nicolas Tremblay.<\/p>\n<p><strong>Lighting design\u00a0<\/strong>: Bruno Rafie<\/p>\n<p><strong>Sensor\u00a0Engineering\u00a0:<\/strong> Fr\u00e9d\u00e9ric Filteau<\/p>\n<p><strong>Technical Director <\/strong>: \u00c9milie B\u00e9rub\u00e9-Dionne<\/p>\n<p><strong>Production Director\u00a0:<\/strong> Mika\u00ebl Vitali<\/p>\n<p><strong>Choreographer\u2019s assistants <\/strong>: Marie-\u00c8ve Lafontaine, Sophie Breton<\/p>\n<p>&nbsp;<\/p>\n<p><em>Van Grimde Corps Secrets is funded by the <strong>Canada Council for the Arts (CAC)<\/strong>, the <strong>Conseil des arts de Montr\u00e9al (CAM)<\/strong> and by the <strong>Conseil des arts et des lettres du Qu\u00e9bec (CALQ)<\/strong> for this production and through its program to aid in the deployment of digital infrastructure.<\/em><\/p>","protected":false},"excerpt":{"rendered":"<p>Step into the Looking Glass \u00a0 Slow down. Come in close, encounter yourself, fall into another dimension. With the interactive installation Corps secret \/ Corps public, the trio of Isabelle Van Grimde, Anick La Bissonni\u00e8re and Thom Gossage combine movement, architecture and sound to transform our everyday environment and to challenge how we use images&hellip;<\/p>\n","protected":false},"author":2,"featured_media":0,"parent":72,"menu_order":1,"comment_status":"closed","ping_status":"open","template":"","meta":{"footnotes":""},"class_list":["post-188","page","type-page","status-publish","hentry","description-off"],"_links":{"self":[{"href":"https:\/\/vangrimdecorpssecrets.com\/en\/wp-json\/wp\/v2\/pages\/188","targetHints":{"allow":["GET"]}}],"collection":[{"href":"https:\/\/vangrimdecorpssecrets.com\/en\/wp-json\/wp\/v2\/pages"}],"about":[{"href":"https:\/\/vangrimdecorpssecrets.com\/en\/wp-json\/wp\/v2\/types\/page"}],"author":[{"embeddable":true,"href":"https:\/\/vangrimdecorpssecrets.com\/en\/wp-json\/wp\/v2\/users\/2"}],"replies":[{"embeddable":true,"href":"https:\/\/vangrimdecorpssecrets.com\/en\/wp-json\/wp\/v2\/comments?post=188"}],"version-history":[{"count":1,"href":"https:\/\/vangrimdecorpssecrets.com\/en\/wp-json\/wp\/v2\/pages\/188\/revisions"}],"predecessor-version":[{"id":1439,"href":"https:\/\/vangrimdecorpssecrets.com\/en\/wp-json\/wp\/v2\/pages\/188\/revisions\/1439"}],"up":[{"embeddable":true,"href":"https:\/\/vangrimdecorpssecrets.com\/en\/wp-json\/wp\/v2\/pages\/72"}],"wp:attachment":[{"href":"https:\/\/vangrimdecorpssecrets.com\/en\/wp-json\/wp\/v2\/media?parent=188"}],"curies":[{"name":"wp","href":"https:\/\/api.w.org\/{rel}","templated":true}]}}