{"id":174,"date":"2015-02-04T16:03:06","date_gmt":"2015-02-04T16:03:06","guid":{"rendered":"http:\/\/vangrimdecorpssecrets.com\/?page_id=174"},"modified":"2022-11-01T14:59:00","modified_gmt":"2022-11-01T14:59:00","slug":"artistes-associes","status":"publish","type":"page","link":"https:\/\/vangrimdecorpssecrets.com\/en\/la-compagnie\/artistes-associes\/","title":{"rendered":"Researchers &#038; Creators Focused on the Body"},"content":{"rendered":"<p><strong><a href=\"mailto:sophie@vangrimdecorpssecrets.com\">Sophie Breton<\/a> |\u00a0Principal Dancer and Assistant to the Choreographer<img loading=\"lazy\" decoding=\"async\" class=\"alignleft wp-image-3155\" src=\"https:\/\/vangrimdecorpssecrets.com\/wp-content\/uploads\/2021\/10\/sophie-4004-200x300.jpg\" alt=\"\" width=\"150\" height=\"225\" srcset=\"https:\/\/vangrimdecorpssecrets.com\/wp-content\/uploads\/2021\/10\/sophie-4004-200x300.jpg 200w, https:\/\/vangrimdecorpssecrets.com\/wp-content\/uploads\/2021\/10\/sophie-4004-683x1024.jpg 683w, https:\/\/vangrimdecorpssecrets.com\/wp-content\/uploads\/2021\/10\/sophie-4004-768x1152.jpg 768w, https:\/\/vangrimdecorpssecrets.com\/wp-content\/uploads\/2021\/10\/sophie-4004-1024x1536.jpg 1024w, https:\/\/vangrimdecorpssecrets.com\/wp-content\/uploads\/2021\/10\/sophie-4004-1365x2048.jpg 1365w, https:\/\/vangrimdecorpssecrets.com\/wp-content\/uploads\/2021\/10\/sophie-4004-scaled.jpg 1707w\" sizes=\"auto, (max-width: 150px) 100vw, 150px\" \/><\/strong><\/p>\n<p>After several years of competitive gymnastics, Sophie Breton discovered dance at Regina Assumpta College. She will then follow her training at LADMMI.<\/p>\n<p>Upon graduation in 2008, she worked with Alan Lake for his piece <em>Chaudi\u00e8res<\/em>, d\u00e9placements et paysages. She then collaborated with Fr\u00e9d\u00e9ric Marier, Thierry Huard and Sasha Kleinplatz, and with Ginelle Chagnon in the staging of excerpts from the work of Jean-Pierre Perreault. She was a member of the O Vertigo company for three years.<\/p>\n<p>Today, Sophie works with Jacques-Poulain Denis, Virginie Brunelle (<em>Complexe des genres<\/em>, <em>\u00c0 la douleur que j&#8217;ai<\/em>) and Isabelle Van Grimde (<em>Les gestes<\/em>, <em>The Body in Question(s)<\/em>, <em>Corps Secret \/ Corps Public<\/em>, <em>Symphonie 5.1<\/em> and <em>Eve 2050<\/em>).<\/p>\n<p>&nbsp;<\/p>\n<p><strong><a href=\"https:\/\/www.mcgill.ca\/spot\/marie-helene-boudrias\">Marie-H\u00e9l\u00e8ne Boudrias<\/a><a href=\"https:\/\/www.mcgill.ca\/spot\/marie-helene-boudrias\"><img loading=\"lazy\" decoding=\"async\" class=\"alignright wp-image-3164\" src=\"https:\/\/vangrimdecorpssecrets.com\/wp-content\/uploads\/2021\/11\/140131-101100-8834-200x300.jpg\" alt=\"\" width=\"150\" height=\"225\" srcset=\"https:\/\/vangrimdecorpssecrets.com\/wp-content\/uploads\/2021\/11\/140131-101100-8834-200x300.jpg 200w, https:\/\/vangrimdecorpssecrets.com\/wp-content\/uploads\/2021\/11\/140131-101100-8834-682x1024.jpg 682w, https:\/\/vangrimdecorpssecrets.com\/wp-content\/uploads\/2021\/11\/140131-101100-8834-768x1154.jpg 768w, https:\/\/vangrimdecorpssecrets.com\/wp-content\/uploads\/2021\/11\/140131-101100-8834-1023x1536.jpg 1023w, https:\/\/vangrimdecorpssecrets.com\/wp-content\/uploads\/2021\/11\/140131-101100-8834-1363x2048.jpg 1363w, https:\/\/vangrimdecorpssecrets.com\/wp-content\/uploads\/2021\/11\/140131-101100-8834-scaled.jpg 1704w\" sizes=\"auto, (max-width: 150px) 100vw, 150px\" \/><\/a> |\u00a0Neuroscientist<\/strong><\/p>\n<p>Marie-H\u00e9l\u00e8ne Boudrias (Ph.D.) is an Associate Professor at the School of Physical and Occupational Therapy of McGill University. Her research is oriented towards a better understanding of therapeutic interventions used in rehabilitation, including cortical stimulation, exercise or music, in order to promote brain neuroplasticity and maximize the maintenance\/restoration of motor functions. To do so, she uses magnetic resonance imaging (MRI), magnetoencephalography (MEG) and electroencephalography (EEG) techniques, among others. Using these tools, she proposes a multimodal approach as well as the use of advanced signal processing techniques, such as artificial intelligence (AI), to quantify the reorganization of brain networks and evaluate their role in motor performance, with a particular focus on the motor network. Ultimately, his research aims to develop individualized treatments based on neuroimaging data and to select subpopulations more likely to benefit from a particular intervention in order to reduce the impact of aging, stroke or COVID19 on motor functions.<\/p>\n<p>&nbsp;<\/p>\n<p><strong><img loading=\"lazy\" decoding=\"async\" class=\"alignleft wp-image-3172\" src=\"https:\/\/vangrimdecorpssecrets.com\/wp-content\/uploads\/2021\/11\/isabelle-choiniere-300-dpi-249x300.jpg\" alt=\"\" width=\"187\" height=\"225\" srcset=\"https:\/\/vangrimdecorpssecrets.com\/wp-content\/uploads\/2021\/11\/isabelle-choiniere-300-dpi-249x300.jpg 249w, https:\/\/vangrimdecorpssecrets.com\/wp-content\/uploads\/2021\/11\/isabelle-choiniere-300-dpi-850x1024.jpg 850w, https:\/\/vangrimdecorpssecrets.com\/wp-content\/uploads\/2021\/11\/isabelle-choiniere-300-dpi-768x926.jpg 768w, https:\/\/vangrimdecorpssecrets.com\/wp-content\/uploads\/2021\/11\/isabelle-choiniere-300-dpi-1274x1536.jpg 1274w, https:\/\/vangrimdecorpssecrets.com\/wp-content\/uploads\/2021\/11\/isabelle-choiniere-300-dpi-1699x2048.jpg 1699w\" sizes=\"auto, (max-width: 187px) 100vw, 187px\" \/><\/strong><\/p>\n<p><strong><a href=\"https:\/\/fr.wikipedia.org\/wiki\/Isabelle_Choini%C3%A8re\">Isabelle Choini\u00e8re<\/a> | Digital Artist<\/strong><\/p>\n<p>Isabelle Choini\u00e8re explores, from the perspective of the sensate and somatic body, the physical and psychic limits of the body in relation to digital media, highlighting the ways in which new technologies affect this body in a state of constant evolution and reveal the contemporary status of the body in the technological context. Her work on the relationship of mediation and the performative body questions the conventions \u2013 and connections \u2013 of corporeality, corporeality, embodiment, cognition, and perception of spectators and performers. Her work incorporates reflections on ontology, the ontogenetic potential of the body, time and space, from which emerges an expanded and novel conception of the body.<\/p>\n<p>According to Andrea Davidson, theorist and former professor of Dance and New Media at the University of Chichester (UK), she is one of the few choreographers who has integrated technology into her practice from the beginning. <a href=\"http:\/\/www.isabellechoiniere.com\/\">Transdisciplinary artist<\/a>, she is an international specialist in research-creation and new hybrid contemporary scenes integrating technology. In addition to her performative works, her creativity is also expressed through her research projects, both practical and theoretical, as well as integrative teaching.<\/p>\n<p>&nbsp;<\/p>\n<p><a href=\"https:\/\/musearti.hypotheses.org\/6998\"><strong>Rapha\u00ebl Cuir<\/strong><\/a> <strong>|<\/strong><b>\u00a0Art Historian <img loading=\"lazy\" decoding=\"async\" class=\"wp-image-3152 alignright\" src=\"https:\/\/vangrimdecorpssecrets.com\/wp-content\/uploads\/2021\/10\/raphael-cuir-241x300.jpeg\" alt=\"\" width=\"181\" height=\"225\" srcset=\"https:\/\/vangrimdecorpssecrets.com\/wp-content\/uploads\/2021\/10\/raphael-cuir-241x300.jpeg 241w, https:\/\/vangrimdecorpssecrets.com\/wp-content\/uploads\/2021\/10\/raphael-cuir-823x1024.jpeg 823w, https:\/\/vangrimdecorpssecrets.com\/wp-content\/uploads\/2021\/10\/raphael-cuir-768x956.jpeg 768w, https:\/\/vangrimdecorpssecrets.com\/wp-content\/uploads\/2021\/10\/raphael-cuir-1235x1536.jpeg 1235w, https:\/\/vangrimdecorpssecrets.com\/wp-content\/uploads\/2021\/10\/raphael-cuir.jpeg 1286w\" sizes=\"auto, (max-width: 181px) 100vw, 181px\" \/><\/b><\/p>\n<p>Raphael Cuir has been Director of the \u00c9cole Sup\u00e9rieure d&#8217;Art et de Design de Reims since January 2018 and is currently President of the network of \u00c9coles Sup\u00e9rieures d&#8217;Art et de Design du Grand Est (France). From 2015 to 2017 he was project manager at ENSAD Paris for the Nespresso Eco-design Chair and the Bettencourt Schuller Innovation and Know-How Foundation Chair. He was also scientific project manager for the Chair of Research in Creation and Creativity (Paris Chamber of Commerce and Industry, Cit\u00e9 du Design of Saint-Etienne, Royal Academy of Fine Arts of Brussels) from 2008 to 2010.<\/p>\n<p>From 2012 to 2018 he was President of AICA France (International Association of Art Critics). Art critic and historian, PhD from the Ecole des Hautes Etudes en Sciences Sociales, he is specialized in the representation of the body and particularly in the relationship between art, science and anatomy. He is the author of <em>Anatomiquement v\u00f4tre, art contemporain et connaissance de soi<\/em> (Scala, 2018) and <em>Renaissance de l&#8217;Anatomie<\/em> (Hermann, 2016). He has also contributed to numerous collective works and edited several publications including the collection of answers to the question &#8220;Why is there art rather than nothing?&#8221; (Archibooks, 2014, 2009) and <em>Art Performance: vie de l&#8217;archive et actualit\u00e9<\/em> (Les Presses du r\u00e9el, 2013). In 2005-2006 he was awarded a fellowship in residence at the Getty Research Institute in Los Angeles where he taught at Otis College of Art and Design. He is a regular contributor to the journal Art Press for which he coordinated a special issue on the Cyborg in 2012.<\/p>\n<p>In 1999 he created the first television channel dedicated to art history on the Internet &#8220;<a href=\"http:\/\/memoiresactives.org\/\">M\u00e9moires Actives<\/a>&#8220;.<\/p>\n<p>&nbsp;<\/p>\n<p><strong><a href=\"mailto:thom@vangrimdecorpssecrets.com\"><img loading=\"lazy\" decoding=\"async\" class=\"size-medium wp-image-1755 alignleft\" src=\"https:\/\/vangrimdecorpssecrets.com\/wp-content\/uploads\/2018\/06\/DSC_6898-Thom-G.-RT_IVGr-FinalA1-300x212.jpeg\" alt=\"\" width=\"300\" height=\"212\" srcset=\"https:\/\/vangrimdecorpssecrets.com\/wp-content\/uploads\/2018\/06\/DSC_6898-Thom-G.-RT_IVGr-FinalA1-300x212.jpeg 300w, https:\/\/vangrimdecorpssecrets.com\/wp-content\/uploads\/2018\/06\/DSC_6898-Thom-G.-RT_IVGr-FinalA1-768x544.jpeg 768w, https:\/\/vangrimdecorpssecrets.com\/wp-content\/uploads\/2018\/06\/DSC_6898-Thom-G.-RT_IVGr-FinalA1-1024x725.jpeg 1024w, https:\/\/vangrimdecorpssecrets.com\/wp-content\/uploads\/2018\/06\/DSC_6898-Thom-G.-RT_IVGr-FinalA1.jpeg 1280w\" sizes=\"auto, (max-width: 300px) 100vw, 300px\" \/>Thom Gossage<\/a> |\u00a0Composer<\/strong><\/p>\n<p>Composer, drummer and percussionist, Thom Gossage leads the group Other Voices, which he founded in 2000 and with which he has already produced five albums. Simultaneously, his multiple collaborations with renowned musicians and his activities in the field of contemporary dance testify to his desire to always push the limits of his artistic practice.<\/p>\n<p>An early collaborator of Van Grimde Corps Secrets, he has participated in most of the company&#8217;s creations as a composer\/musical director, performer or artistic advisor. After his collaborations in <em>Secrets vestiges<\/em>, <em>Par la peau du c\u0153ur<\/em>, <em>Au sommet de tes c\u00f4tes<\/em>, <em>\u00c0 l&#8217;\u00e9chelle humaine<\/em> and <em>Pour quatre corps et mille parts ins\u00e9parables<\/em>, he decided to go for open works in <em>Les chemins de traverse I-V<\/em>, <em>Vortex I-III<\/em>, <em>Perspectives Montr\u00e9al<\/em> and <em>Bodies to Bodies &#8211; Les chemins de traverse Metz I-III<\/em>. He also designed the sound architecture of the physical and virtual works <em>The Body in Question(s)<\/em> and <em>The Body in Question(s)2<\/em>, and continued the adventure with <em>Symphonie 5.1<\/em> and <em>Eve 2050<\/em>.<\/p>\n<p>Thom Gossage is also involved in creative music projects with Rainer Wiens (Mella Mella), Chaosmos (Phillipe Lauzier), Steve Raegele (Last Century), The Frank Lozano Quartet, Miles Perkin with Benoit Delbecq and Tom Arthurs, and has participated in numerous improvisations with professionals such as Drew Gress, Fran\u00e7ois Houle, Dave Binney, Kurt Rosenwinkle, Ben Monder, Wolter Weirbos, Steve Swell and Christine Jensen.<\/p>\n<p>&nbsp;<\/p>\n<p><a href=\"https:\/\/www.bradnecyk.com\/\"><strong>Brad Necyk<\/strong><\/a> <strong>|<\/strong><b>\u00a0Media Artist<img loading=\"lazy\" decoding=\"async\" class=\"wp-image-3151 alignright\" src=\"https:\/\/vangrimdecorpssecrets.com\/wp-content\/uploads\/2021\/10\/brad-necyk-223x300.jpeg\" alt=\"\" width=\"167\" height=\"225\" srcset=\"https:\/\/vangrimdecorpssecrets.com\/wp-content\/uploads\/2021\/10\/brad-necyk-223x300.jpeg 223w, https:\/\/vangrimdecorpssecrets.com\/wp-content\/uploads\/2021\/10\/brad-necyk-761x1024.jpeg 761w, https:\/\/vangrimdecorpssecrets.com\/wp-content\/uploads\/2021\/10\/brad-necyk-768x1033.jpeg 768w, https:\/\/vangrimdecorpssecrets.com\/wp-content\/uploads\/2021\/10\/brad-necyk-1141x1536.jpeg 1141w, https:\/\/vangrimdecorpssecrets.com\/wp-content\/uploads\/2021\/10\/brad-necyk.jpeg 1189w\" sizes=\"auto, (max-width: 167px) 100vw, 167px\" \/><\/b><\/p>\n<p>Brad Necyk is a visual artist and writer on Vancouver Island, Canada whose practice focuses on mental illness, empathy, consciousness, and flourishing. He recently completed a research-creation Ph.D. in Psychiatry at the University of Alberta and his doctoral research was awarded the Governor General\u2019s Gold Medal.<\/p>\n<p>Currently, he is a Research Associate in <a href=\"https:\/\/film.ucsc.edu\/\">Film &amp; Digital Media<\/a> at the University of California Santa Cruz and a Postdoctoral Fellow at York University with <a href=\"https:\/\/vista.info.yorku.ca\/\">VISTA<\/a> (Vision: Science to Applications) and <a href=\"https:\/\/cma.ampd.yorku.ca\/\">Cinema &amp; Media Arts<\/a>, creating films on organ transplantation and medical assistance in dying.<\/p>\n<p>His artistic work engages with 3D-scanning and -rendering, experimental film, video installation, and music and dance collaborations.<\/p>\n<p>&nbsp;<\/p>\n<p><strong><a href=\"https:\/\/marileneoliver.com\/\">Maril\u00e8ne Oliver<\/a><a href=\"https:\/\/marileneoliver.com\/\"><img loading=\"lazy\" decoding=\"async\" class=\"wp-image-3177 alignleft\" src=\"https:\/\/vangrimdecorpssecrets.com\/wp-content\/uploads\/2021\/11\/capture-decran-le-2021-11-24-a-151130-226x300.png\" alt=\"\" width=\"170\" height=\"225\" srcset=\"https:\/\/vangrimdecorpssecrets.com\/wp-content\/uploads\/2021\/11\/capture-decran-le-2021-11-24-a-151130-226x300.png 226w, https:\/\/vangrimdecorpssecrets.com\/wp-content\/uploads\/2021\/11\/capture-decran-le-2021-11-24-a-151130.png 559w\" sizes=\"auto, (max-width: 170px) 100vw, 170px\" \/><\/a> | Sculptor and Media Artist<\/strong><\/p>\n<p>Maril\u00e8ne Oliver is an Assistant Professor of Printmaking and Media Art at the University of Alberta in Edmonton. Her work is at the crossroads of new digital technologies, traditional print, and sculpture. It focuses on producing objects that bridge the virtual and the real worlds. She uses medical scanning technologies such as MRI, CT, and PET in works that allow us to materially contemplate our digitized selves. Her current focus is on creating virtual reality artworks that make visible and manipulable our many bodies of data.<\/p>\n<p>She has exhibited internationally, at the Royal Academy in the UK, the MassMoCA in the US, and the Copernicus Museum in Poland. Her work is also held in a number of private and public collections around the world. She is the host of LASERAlberta, a series of Arts-Science public talks affiliated with Leonardo ISAST and currently leads the research projects <a href=\"https:\/\/www.knowthyself.ualberta.ca\/\">Know Thyself as a Virtual Reality<\/a> and <a href=\"https:\/\/www.dyscorpia.com\/\">Dyscorpia: Future Intersections of the Body and Technology<\/a>.<\/p>\n<p>&nbsp;<\/p>\n<p><strong><a href=\"https:\/\/www.assisesducorpstransforme.fr\/\">Jacques Mateu<\/a> | Plastic Surgeon<\/strong><\/p>\n<div><span style=\"font-family: Garamond; font-size: medium;\"><img loading=\"lazy\" decoding=\"async\" class=\"wp-image-3316 alignright\" style=\"font-family: 'normal Arial', Helvetica, sans-serif; font-size: 14px;\" src=\"https:\/\/vangrimdecorpssecrets.com\/wp-content\/uploads\/2022\/11\/photographie-conf-jm-copie-283x300.png\" alt=\"\" width=\"208\" height=\"220\" srcset=\"https:\/\/vangrimdecorpssecrets.com\/wp-content\/uploads\/2022\/11\/photographie-conf-jm-copie-283x300.png 283w, https:\/\/vangrimdecorpssecrets.com\/wp-content\/uploads\/2022\/11\/photographie-conf-jm-copie.png 324w\" sizes=\"auto, (max-width: 208px) 100vw, 208px\" \/><\/span>The \u201cAssises du corps transform\u00e9\u201c, created and organized every eighteen months by Jacques Mateu in Montpellier (France), aim exclusively to see members of communities as foreign to each other as doctors, lawyers, sociologists, philosophers, historians, theologians, writers, artists&#8230; exchange ideas on the subject of the body, and to open up these reflections to all those who are curious about this subject in a transdisciplinary approach. We want to get out of our respective niches, to cross our views, to nourish our reflection with the experience and knowledge of others, in the most absolute respect of all currents of thought&#8230; in order to consider all the \u201cpossibilities\u201d and so that each person, strengthened by this, can forge their own idea.<br \/>\nThis year, on November 25 and 26, 2022, we will consider \u201cThe body and its finery\u201d (Clothing, Jewelry, Perfume).<\/div>\n<p>&nbsp;<\/p>\n<p>&nbsp;<\/p>\n<p><a href=\"https:\/\/www.ubishops.ca\/academic-programs\/faculty-of-arts-and-science\/humanities\/history-global-studies\/faculty\/\">Cristian Berco<\/a>\u00a0| Historian specialized in the body<\/p>\n<p><a href=\"https:\/\/infrarouge.org\/marie-brassard\">Marie Brassard<\/a>\u00a0| Actress, author and director<\/p>\n<p><a href=\"http:\/\/www.timbrady.ca\">Tim Brady<\/a> | Composer and musician<\/p>\n<p><a href=\"http:\/\/www.seancaulfield.ca\">Sean Caulfield<\/a>\u00a0| Engraver artist<\/p>\n<p><a href=\"http:\/\/www.isabellechoiniere.com\">Isabelle Choini\u00e8re<\/a>\u00a0| Digital artist<\/p>\n<p><a href=\"https:\/\/musearti.hypotheses.org\/6998\">Raphael Cuir<\/a>\u00a0| Art historian<\/p>\n<p><a href=\"https:\/\/www.davai.tv\">DAVAI<\/a> |\u00a0Content creator and production company<\/p>\n<p><a href=\"http:\/\/www.jeromedelapierre.com\">J\u00e9r\u00f4me Delapierre<\/a> | Virtual and interactive designer<\/p>\n<p><a href=\"https:\/\/www.eltorostudio.com\">ELTORO STUDIO<\/a> | Video creator and production house<\/p>\n<p><a href=\"http:\/\/oic.uqam.ca\/fr\/profils\/huesca-roland\">Roland Huesca<\/a>\u00a0| Danse researcher<\/p>\n<p><a href=\"http:\/\/www.labi.ca\/atelierlabi\/Accueil.html\">Anick La Bissonni\u00e8re<\/a>\u00a0| Architect-scenographer<\/p>\n<p><a href=\"https:\/\/professeurs.uqam.ca\/professeur\/lalonde.joanne\/\">Joanne Lalonde<\/a>\u00a0| Media arts historian<\/p>\n<p><a href=\"https:\/\/recherche.umontreal.ca\/nos-chercheurs\/repertoire-des-professeurs\/chercheur\/is\/in14108\/\">Fran\u00e7ois Joseph Lapointe<\/a>\u00a0| Biologist and bioartist<\/p>\n<p><a href=\"https:\/\/religions.uqam.ca\/corps-professoral\/charges-de-cours\/isabelle-lemelin\/\">Isabelle Lemelin<\/a>\u00a0| Anthropologist<\/p>\n<p><a href=\"http:\/\/www.nadiamyre.net\">Nadia Myre<\/a>\u00a0| Visual and media artist<\/p>\n<p><a href=\"http:\/\/moniqueregimbaldzeiber.com\">Monique R\u00e9gimbald-Zeiber<\/a>\u00a0| Visual artist<\/p>\n<p><a href=\"https:\/\/mingles.academia.edu\/HelazaharPhD\">Hela Zahar<\/a> | Researcher in digital cultures<\/p>","protected":false},"excerpt":{"rendered":"<p>Sophie Breton |\u00a0Principal Dancer and Assistant to the Choreographer After several years of competitive gymnastics, Sophie Breton discovered dance at Regina Assumpta College. She will then follow her training at LADMMI. Upon graduation in 2008, she worked with Alan Lake for his piece Chaudi\u00e8res, d\u00e9placements et paysages. She then collaborated with Fr\u00e9d\u00e9ric Marier, Thierry Huard&hellip;<\/p>\n","protected":false},"author":2,"featured_media":0,"parent":92,"menu_order":5,"comment_status":"closed","ping_status":"closed","template":"","meta":{"footnotes":""},"class_list":["post-174","page","type-page","status-publish","hentry","description-off"],"_links":{"self":[{"href":"https:\/\/vangrimdecorpssecrets.com\/en\/wp-json\/wp\/v2\/pages\/174","targetHints":{"allow":["GET"]}}],"collection":[{"href":"https:\/\/vangrimdecorpssecrets.com\/en\/wp-json\/wp\/v2\/pages"}],"about":[{"href":"https:\/\/vangrimdecorpssecrets.com\/en\/wp-json\/wp\/v2\/types\/page"}],"author":[{"embeddable":true,"href":"https:\/\/vangrimdecorpssecrets.com\/en\/wp-json\/wp\/v2\/users\/2"}],"replies":[{"embeddable":true,"href":"https:\/\/vangrimdecorpssecrets.com\/en\/wp-json\/wp\/v2\/comments?post=174"}],"version-history":[{"count":58,"href":"https:\/\/vangrimdecorpssecrets.com\/en\/wp-json\/wp\/v2\/pages\/174\/revisions"}],"predecessor-version":[{"id":3182,"href":"https:\/\/vangrimdecorpssecrets.com\/en\/wp-json\/wp\/v2\/pages\/174\/revisions\/3182"}],"up":[{"embeddable":true,"href":"https:\/\/vangrimdecorpssecrets.com\/en\/wp-json\/wp\/v2\/pages\/92"}],"wp:attachment":[{"href":"https:\/\/vangrimdecorpssecrets.com\/en\/wp-json\/wp\/v2\/media?parent=174"}],"curies":[{"name":"wp","href":"https:\/\/api.w.org\/{rel}","templated":true}]}}