{"id":1406,"date":"2018-04-12T11:47:08","date_gmt":"2018-04-12T11:47:08","guid":{"rendered":"http:\/\/vangrimdecorpssecrets.com\/?page_id=1406"},"modified":"2022-11-03T13:46:10","modified_gmt":"2022-11-03T13:46:10","slug":"eve-2050-linstallation-interactive","status":"publish","type":"page","link":"https:\/\/vangrimdecorpssecrets.com\/en\/oeuvres\/eve-2050\/eve-2050-linstallation-interactive\/","title":{"rendered":"The Installation"},"content":{"rendered":"<p><\/p>\n<div class=\"page\" title=\"Page 5\">\n<div class=\"layoutArea\">\n<div class=\"column\">\n<p>Designed to exist autonomously or as part of a performance <em>Eve 2050: The Installation<\/em> features alternative scenarios to the web series on three interactive holographic panels and two sculptures. Set up in a gallery, the panels generate five digital environments that show five facets of Eve, inviting visitors to discover her world.<\/p>\n<p>Projected onto the transparent panels are images of Eve blended with images of the spectators and performers present. These images are filmed, processed and projected in real time, making visitors part of Eve\u2019s story as they play with their own reflections in the virtual mirrors. The interactive devices take visitors into a parallel world. As they explore the space, they trigger sounds emitted by invisible cones. No two people trigger the same sound. Visitors create their own narration through the paths they choose and the surfaces they touch. Each experience is unique. When the dancers are in the installation, the primal body and body of the future are brought together in a dance where living and virtual become entangled to the point of being indistinguishable. The space of the installation, enchanted by dance and technology, invites visitors to become actors in the story of <em>Eve 2050<\/em>, the narrative thread of an intimate, sensorial and poetic experience.<\/p>\n<\/div>\n<p>&nbsp;<\/p>\n<p><span lang=\"en\">For more information, download our presentation booklet: <\/span><a href=\"https:\/\/vangrimdecorpssecrets.com\/wp-content\/uploads\/2018\/11\/LIVRET-EVE2050-EN.pdf\">LIVRET-EVE2050-EN<\/a><\/p>\n<p>&nbsp;<\/p>\n<\/div>\n<p><strong>NEW VERSION 2022 &#8211; CREDITS\u00a0<\/strong><\/p>\n<\/div>\n<p>Artistic Director and Choreographer: <strong>Isabelle Van Grimde<\/strong><br \/>\nLive Performers: <strong>F\u00e9lix Cossette, Ch\u00e9line Lacroix, Cara Roy, Emmanuelle Martin, Citlali<\/strong><br \/>\n<strong>Germ\u00e9-Trevino, Evelynn Yan<\/strong><br \/>\nScenography: <strong>J\u00e9r\u00f4me Delapierre, Isabelle Van Grimde<\/strong><br \/>\nInteractive visual design: <strong>J\u00e9r\u00f4me Delapierre<\/strong><br \/>\nMusic and sound design: <strong>Thom Gossage<\/strong><br \/>\nInteractive sound design: <strong>Fr\u00e9d\u00e9ric Filteau<\/strong><br \/>\nAdditional Programming: <strong>Daniel Evans<\/strong><br \/>\nInteractive panel engineering: <strong>R\u00e9mi Vigneron<\/strong><br \/>\nSculptures \u00ab Family Portrait \u00bb on loan from the artist <strong>Marilene Oliver<\/strong><br \/>\nLight table from Dissections of <strong>Anick La Bissonni\u00e8re<\/strong> created for The Body in Question(s)<br \/>\nCostume design: <strong>Pascale Bassani, Isabelle Van Grimde<\/strong><br \/>\nCostume research: <strong>J\u00e9r\u00f4me Delapierre, Manon Desrues<\/strong><br \/>\nCostumes accessories: <strong>Marilene Oliver<\/strong><br \/>\nVideo production: <strong>DAVAI<\/strong><br \/>\nVideo performers : <strong>Alice Delapierre, Ang\u00e9lique Willkie, Bront\u00eb Poir\u00e9-Prest, Chi Long,<\/strong><br \/>\n<strong>Emmanuelle Martin, Erika Morin, Felix Cossette, Gabrielle Georges-Nicolas Tremblay, Justin De Luna, Kim Long, Marie Mougeolle, Marine Rixhon, Rh\u00e9a SkyWalsh, Sophie Breton, Soula Trougakos<\/strong><\/p>\n<p>Production Manager: <strong>Ilo\u00e9 Fran\u00e7on<\/strong><br \/>\nTechnical Director : <strong>Ganesh Baron Aloir<\/strong><br \/>\nProduction assistant: <strong>Grace McMorris<\/strong><br \/>\nTechnical assistant: <strong>Laura-Rose R. Grenier<\/strong><br \/>\nCreation and production: <strong>Van Grimde Corps Secrets<\/strong><br \/>\nCo-producers: <strong>Agora de la danse, National Creation Fund of the National Arts Center, <\/strong><strong>Brian Webb Dance Company<br \/>\n<\/strong>Tour planning:<strong> Plan B &#8211; Creative Agency for the Performing Arts<\/strong><\/p>\n<p>Public partners : <strong>Developed with the Plan num\u00e9rique du Qu\u00e9bec. Eve 2050 is one of the 200 exceptional projects funded through the Canada Council for the Arts\u2019 New Chapter Initiative.<\/strong><\/p>\n<p>Residencies: <strong>Agora de la danse, Espace Corps Secrets, Danse Danse, Arsenal Art contemporain<\/strong><\/p>\n<p>The artists and researchers who contributed to the reflections on EVE 2050: <strong>Dr. Cristian <\/strong><strong>Berco (historian), Dr. Marie-H\u00e9l\u00e8ne Boudrias (neuroscientist), Marie Brassard (author, <\/strong><strong>director and actress), Dr. Joanne Lalonde (art historian), Dr. Fran\u00e7ois-Joseph <\/strong><strong>Lapointe (biologist), Dr. Isabelle Lemelin (anthropologist), Dr. David Paquin (engineer <\/strong><strong>and designer in new media), Darian Goldin Stahl (artist and student in the <\/strong><strong>humanities), Dr. Monique R\u00e9gimbald-Zeiber (visual artist and researcher on the <\/strong><strong>relationship between the image, the written word and history), Rapha\u00ebl Cuir (art critic <\/strong><strong>and historian), Dr. Isabelle Choini\u00e8re (artist and researcher in new contemporary<\/strong><br \/>\n<strong>performance practices), Roland Huesca (author and researcher in aesthetics and <\/strong><strong>dance), Dr. Jacques Mateu (plastic surgeon), Dr Brad Necyk (visual and media artist), <\/strong><strong>Marilene Oliver (sculptor and multimedia artist), Harold Rh\u00e9aume (choreographer), <\/strong><strong>Dr. Hiba Zafran (occupational therapist)<\/strong><\/p>\n<hr \/>\n<div class=\"page\" title=\"Page 5\">\n<p><strong>CREDITS &#8211; 2018<\/strong><\/p>\n<div class=\"layoutArea\">\n<div class=\"column\">\n<p>Artistic Director and Choreographer: <strong>Isabelle Van Grimde<\/strong><\/p>\n<p>Assistant to the Choreographer: <strong>Sophie Breton <\/strong><\/p>\n<p>Performers: <strong>Sophie Breton, F\u00e9lix Cossette, Chi Long, Justin de Luna, Marine Rixhon, Gabrielle Roy<\/strong><\/p>\n<p>Interactive visual design and editing (Installation): <strong>J\u00e9r\u00f4me Delapierre<\/strong><\/p>\n<p>Video production: <strong>DAVAI<\/strong><\/p>\n<p>Music and sound design: <strong>Thom Gossage<\/strong><\/p>\n<p>Interactive sound design: <strong>Fr\u00e9d\u00e9ric Filteau<\/strong><\/p>\n<p>Scenography: <strong>J\u00e9r\u00f4me Delapierre, Isabelle Van Grimde<\/strong><\/p>\n<p>Interactive panel engineering: <strong>R\u00e9mi Vigneron<\/strong><\/p>\n<p>Sculptures \u00ab\u00a0Family Portrait\u00a0\u00bb on loan from the artist <strong>Marilene Oliver<\/strong><\/p>\n<p>Light table from <em>Dissections<\/em> <strong>of Anick La Bissonni\u00e8re<\/strong> created for <em>The <\/em><em>Body in Question(s) <\/em>of <strong>Isabelle Van Grimde<\/strong><\/p>\n<p>Costume design: <strong>Pascale Bassani, Isabelle Van Grimde<\/strong><\/p>\n<p>Costume research: <strong>J\u00e9r\u00f4me Delapierre, Manon Desrues<\/strong><\/p>\n<p>Costumes accessories: <strong>Marilene Oliver<\/strong><\/p>\n<p>Production and Technical Manager:\u00a0<strong>Emilie Voyer<\/strong><\/p>\n<p>Assistant to the Production and Technical Manager: <strong>Audr\u00e9e Juteau\u00a0<\/strong><\/p>\n<p>&nbsp;<\/p>\n<p>Creation and production:\u00a0<strong>Van Grimde Corps Secrets<\/strong><\/p>\n<p>Coproductions: <strong>Agora de la danse, National Creation Fund\u00a0of the National Arts Center, Brian Webb Dance cie<\/strong><\/p>\n<p>Public partners : Developed with the\u00a0<strong>Plan num\u00e9rique du Qu\u00e9bec<\/strong>. Eve 2050 is one of the 200 exceptional projects funded through the\u00a0<strong>Canada Council for the Arts\u2019 New Chapter Initiative<\/strong>.<\/p>\n<p>Residencies:<strong> Agora de la danse, Espace Corps Secrets, Danse Danse, Arsenal Art contemporain<\/strong><\/p>\n<p>The artists and researchers who contributed to the reflections on EVE 2050: <strong>Dr. Cristian Berco (historian), Dr. Marie-H\u00e9l\u00e8ne Boudrias (neuroscientist), Marie Brassard (author, director and actress), Dr. Joanne Lalonde (art historian), Dr. Fran\u00e7ois-Joseph Lapointe (biologist), Dr. Isabelle Lemelin (anthropologist), Dr. David Paquin (engineer and designer in new media), Darian Goldin Stahl (artist and student in the humanities), Dr. Monique R\u00e9gimbald-Zeiber (visual artist and researcher on the relationship between the image, the written word and history), Rapha\u00ebl Cuir (art critic and historian), Dr. Isabelle Choini\u00e8re (artist and researcher in new contemporary performance practices), Roland Huesca (author and researcher in aesthetics and dance), Dr. Jacques Mateu (plastic surgeon), Dr Brad Necyk (visual and media artist), Marilene Oliver (sculptor and multimedia artist), Harold Rh\u00e9aume (choreographer), Dr. Hiba Zafran (occupational therapist)<\/strong><\/p>\n<\/div>\n<\/div>\n<\/div>\n<div class=\"page\" title=\"Page 5\">\n<div class=\"layoutArea\">\n<div class=\"column\">\n<p><em>Original dissemination : <\/em><strong><em>19 \u2014 22 september 2018 &#8211; Montreal, Agora de la danse.<\/em><\/strong><\/p>\n<p>&nbsp;<\/p>\n<\/div>\n<p><img loading=\"lazy\" decoding=\"async\" class=\"alignnone wp-image-1898\" src=\"https:\/\/vangrimdecorpssecrets.com\/wp-content\/uploads\/2018\/10\/Bandeau-logos-partenaires-Eve-2050-installation-OFF-CINARS-Arsenal-v2018-10-09-11-04-300x150.png\" alt=\"\" width=\"824\" height=\"412\" srcset=\"https:\/\/vangrimdecorpssecrets.com\/wp-content\/uploads\/2018\/10\/Bandeau-logos-partenaires-Eve-2050-installation-OFF-CINARS-Arsenal-v2018-10-09-11-04-300x150.png 300w, https:\/\/vangrimdecorpssecrets.com\/wp-content\/uploads\/2018\/10\/Bandeau-logos-partenaires-Eve-2050-installation-OFF-CINARS-Arsenal-v2018-10-09-11-04-768x384.png 768w, https:\/\/vangrimdecorpssecrets.com\/wp-content\/uploads\/2018\/10\/Bandeau-logos-partenaires-Eve-2050-installation-OFF-CINARS-Arsenal-v2018-10-09-11-04-1024x512.png 1024w\" sizes=\"auto, (max-width: 824px) 100vw, 824px\" \/><\/p>\n<\/div>\n<\/div>\n<p><\/p>","protected":false},"excerpt":{"rendered":"<p>Designed to exist autonomously or as part of a performance Eve 2050: The Installation features alternative scenarios to the web series on three interactive holographic panels and two sculptures. Set up in a gallery, the panels generate five digital environments that show five facets of Eve, inviting visitors to discover her world. Projected onto the&hellip;<\/p>\n","protected":false},"author":2,"featured_media":0,"parent":1359,"menu_order":3,"comment_status":"closed","ping_status":"closed","template":"","meta":{"footnotes":""},"class_list":["post-1406","page","type-page","status-publish","hentry","description-off"],"_links":{"self":[{"href":"https:\/\/vangrimdecorpssecrets.com\/en\/wp-json\/wp\/v2\/pages\/1406","targetHints":{"allow":["GET"]}}],"collection":[{"href":"https:\/\/vangrimdecorpssecrets.com\/en\/wp-json\/wp\/v2\/pages"}],"about":[{"href":"https:\/\/vangrimdecorpssecrets.com\/en\/wp-json\/wp\/v2\/types\/page"}],"author":[{"embeddable":true,"href":"https:\/\/vangrimdecorpssecrets.com\/en\/wp-json\/wp\/v2\/users\/2"}],"replies":[{"embeddable":true,"href":"https:\/\/vangrimdecorpssecrets.com\/en\/wp-json\/wp\/v2\/comments?post=1406"}],"version-history":[{"count":36,"href":"https:\/\/vangrimdecorpssecrets.com\/en\/wp-json\/wp\/v2\/pages\/1406\/revisions"}],"predecessor-version":[{"id":3321,"href":"https:\/\/vangrimdecorpssecrets.com\/en\/wp-json\/wp\/v2\/pages\/1406\/revisions\/3321"}],"up":[{"embeddable":true,"href":"https:\/\/vangrimdecorpssecrets.com\/en\/wp-json\/wp\/v2\/pages\/1359"}],"wp:attachment":[{"href":"https:\/\/vangrimdecorpssecrets.com\/en\/wp-json\/wp\/v2\/media?parent=1406"}],"curies":[{"name":"wp","href":"https:\/\/api.w.org\/{rel}","templated":true}]}}