{"id":1380,"date":"2018-01-16T10:24:18","date_gmt":"2018-01-16T15:24:18","guid":{"rendered":"http:\/\/vangrimdecorpssecrets.com\/?page_id=1380"},"modified":"2025-07-30T17:30:56","modified_gmt":"2025-07-30T17:30:56","slug":"webseries","status":"publish","type":"page","link":"https:\/\/vangrimdecorpssecrets.com\/en\/oeuvres\/eve-2050\/webseries\/","title":{"rendered":"The webseries"},"content":{"rendered":"<p><strong><em>Eve 2050<\/em> | <\/strong>We are in 2050, in a world where being human no longer means what we&#8217;re used to. The technological and biomedical advances of the last 30 years have changed the status of the body and redefined identities. Some humans have embraced technological advances, augmenting their bodies with artificial devices. Others have preferred to hybridize with other species, making organic and living material their own technology. Still others cherish and honour the original body, refusing any modification or lacking the means for enhancement. The webseries Eve 2050 takes us to the heart of this amazing world through 5 episodes that follow Eve&#8217;s journey. A Symbolic character, of all cultural origins, both child and adult, male, female, transgender made of flesh or artificial, Eve 2050 offers a unique glimpse at humans of the future.<\/p>\n<p>&nbsp;<\/p>\n<h3 data-start=\"67\" data-end=\"102\"><strong data-start=\"74\" data-end=\"102\">International Screenings<\/strong><\/h3>\n<p data-start=\"104\" data-end=\"523\">Since its creation, the <em data-start=\"128\" data-end=\"138\">EVE 2050<\/em> webseries has stood out for its avant-garde character and international reach. In 2018, it was featured in several major festivals, including the <a href=\"https:\/\/www.giff.ch\/\" target=\"_blank\" rel=\"noopener\"><strong data-start=\"286\" data-end=\"324\">Geneva International Film Festival<\/strong><\/a>, the <strong data-start=\"330\" data-end=\"378\"><a href=\"https:\/\/nouveaucinema.ca\/\" target=\"_blank\" rel=\"noopener\">Festival du Nouveau Cin\u00e9ma de Montr\u00e9al<\/a> (FNC)<\/strong>, the <a href=\"https:\/\/www.fiav.ma\/\" target=\"_blank\" rel=\"noopener\"><strong data-start=\"384\" data-end=\"431\">Casablanca International Video Art Festival<\/strong><\/a>, the <a href=\"https:\/\/fcvq.ca\/\" target=\"_blank\" rel=\"noopener\"><strong data-start=\"437\" data-end=\"466\">Qu\u00e9bec City Film Festival<\/strong><\/a>, and the <a href=\"https:\/\/www.f-o-r-m.ca\/\" target=\"_blank\" rel=\"noopener\"><strong data-start=\"476\" data-end=\"509\">Festival of Recorded Movement<\/strong><\/a> in Vancouver.<\/p>\n<p data-start=\"525\" data-end=\"662\">In 2019, <em data-start=\"534\" data-end=\"544\">EVE 2050<\/em> was also at the heart of the\u00a0<span style=\"box-sizing: border-box; margin: 0px; padding: 0px;\"><a href=\"https:\/\/www.dyscorpia.com\/\" target=\"_blank\" rel=\"noopener\"><strong>Dyscorpia\u00a0<\/strong><\/a>exhibition<\/span>, where it was screened continuously for two months in Edmonton.<\/p>\n<p data-start=\"664\" data-end=\"820\">The webseries was also projected onto the fa\u00e7ades of Montr\u00e9al\u2019s <strong data-start=\"729\" data-end=\"756\">Quartier des spectacles<\/strong>, illuminating the walls of the Agora for five consecutive days.<\/p>\n<p>&nbsp;<\/p>\n<p class=\"tw-data-text tw-ta tw-text-small\" dir=\"ltr\" data-placeholder=\"Traduction\"><span lang=\"en\">For more information, take a look at our <a href=\"https:\/\/vangrimdecorpssecrets.com\/wp-content\/uploads\/2018\/11\/LIVRET-EVE2050-EN.pdf\" target=\"_blank\" rel=\"noopener\">presentation booklet<\/a><\/span><\/p>\n<div style=\"padding: 42.81% 0 0 0; position: relative;\"><iframe style=\"position: absolute; top: 0; left: 0; width: 100%; height: 100%;\" src=\"https:\/\/vimeo.com\/showcase\/9803490\/embed2\" frameborder=\"0\" allowfullscreen=\"allowfullscreen\"><\/iframe><\/div>\n<p>&nbsp;<\/p>\n<h4>CREDITS<\/h4>\n<p>Artistic director and choreographer: Isabelle Van Grimde<\/p>\n<p>Director: <a href=\"http:\/\/davai.ca\/fr\">DAVAI<\/a><\/p>\n<p>Assistant to the choreographer: Sophie Breton<\/p>\n<p>Performers: Sophie Breton, Justin De Luna, Chi Long, Marine Rixhon, Gabrielle Roy, Emmanuelle Martin, Felix Cossette, Georges-Nicolas Tremblay, Bront\u00eb Poir\u00e9-Prest, Erika Morin, Marie Mougeolle, Rh\u00e9a Sky Walsh, Soula Trougakos, Ang\u00e9lique Willkie, Kim Long, Alice Delapierre.<\/p>\n<p>Music composer: Thom Gossage<\/p>\n<p>Visual and interactive design: J\u00e9r\u00f4me Delapierre<\/p>\n<p>Costumes design: Pascale Bassani et Isabelle Van Grimde<\/p>\n<p>Preliminary research for the costumes: J\u00e9r\u00f4me Delapierre et Manon Desrues<\/p>\n<p>Sculptures <em>Family portrait\u00a0<\/em>and accessories for the costumes: Marilene Oliver<\/p>\n<p><em>Created by Van Grimde Corps Secrets in coproduction with <a href=\"http:\/\/davai.ca\/eng\" target=\"_blank\" rel=\"noopener noreferrer\" data-cke-saved-href=\"http:\/\/davai.ca\/fr\">DAVAI<\/a><\/em><\/p>\n<p>Inspired by ideas from : <strong>Dr. Cristian Berco, H<\/strong>istorian\u2028 &#8211; <strong>Dr. Marie-H\u00e9l\u00e8ne Boudrias, N<\/strong>euroscientist\u2028 &#8211; <strong>Marie Brassard, <\/strong>Playwright, Director and Actor\u2028 &#8211; <strong>Dr. Joanne Lalonde, <\/strong>Art Historian &#8211; <strong>Dr. Fran\u00e7ois-Joseph Lapointe, <\/strong>Biologist\u2028 &#8211; <strong>Dr. Isabelle Lemelin, <\/strong>Anthropologist\u2028 &#8211; <strong>David Paquin,<\/strong> Engineer and Designer in New Media Creation &#8211; <strong>Darian Goldin Stahl, <\/strong>Artist and PhD Humanities Student\u2028 &#8211; <strong>Dr. Monique R\u00e9gimbald-Zeiber,\u00a0<\/strong>Artist and Researcher on the construction of the gaze and history &#8211; \u2028<strong>Raphael Cuir,\u00a0<\/strong>Art critic and Art Historian &#8211; <strong>Dr. Isabelle Choini\u00e8re, <\/strong>Artist and researcher in new contemporary performative practices &#8211; \u2028<strong>Roland Huesca,\u00a0<\/strong>Author and Researcher in aesthetics and dance &#8211; <strong>Dr. Jacques Mateu, <\/strong>Plastic Surgeon\u2028 &#8211; <strong>Brad Necyck, <\/strong>PhD Student in Psychiatry\u2028 &#8211; <strong>Dr. Hiba Zafran, <\/strong>occupational therapist.<\/p>\n<p>&nbsp;<\/p>\n<p><img loading=\"lazy\" decoding=\"async\" class=\"alignnone wp-image-1875\" src=\"https:\/\/vangrimdecorpssecrets.com\/wp-content\/uploads\/2018\/10\/Bandeau-logos-partenaires-Eve-2050-1-300x150.png\" alt=\"\" width=\"786\" height=\"393\" srcset=\"https:\/\/vangrimdecorpssecrets.com\/wp-content\/uploads\/2018\/10\/Bandeau-logos-partenaires-Eve-2050-1-300x150.png 300w, https:\/\/vangrimdecorpssecrets.com\/wp-content\/uploads\/2018\/10\/Bandeau-logos-partenaires-Eve-2050-1-768x384.png 768w, https:\/\/vangrimdecorpssecrets.com\/wp-content\/uploads\/2018\/10\/Bandeau-logos-partenaires-Eve-2050-1-1024x512.png 1024w\" sizes=\"auto, (max-width: 786px) 100vw, 786px\" \/><\/p>","protected":false},"excerpt":{"rendered":"<p>Eve 2050 | We are in 2050, in a world where being human no longer means what we&#8217;re used to. The technological and biomedical advances of the last 30 years have changed the status of the body and redefined identities. Some humans have embraced technological advances, augmenting their bodies with artificial devices. Others have preferred&hellip;<\/p>\n","protected":false},"author":2,"featured_media":0,"parent":1359,"menu_order":1,"comment_status":"closed","ping_status":"closed","template":"","meta":{"footnotes":""},"class_list":["post-1380","page","type-page","status-publish","hentry","description-off"],"_links":{"self":[{"href":"https:\/\/vangrimdecorpssecrets.com\/en\/wp-json\/wp\/v2\/pages\/1380","targetHints":{"allow":["GET"]}}],"collection":[{"href":"https:\/\/vangrimdecorpssecrets.com\/en\/wp-json\/wp\/v2\/pages"}],"about":[{"href":"https:\/\/vangrimdecorpssecrets.com\/en\/wp-json\/wp\/v2\/types\/page"}],"author":[{"embeddable":true,"href":"https:\/\/vangrimdecorpssecrets.com\/en\/wp-json\/wp\/v2\/users\/2"}],"replies":[{"embeddable":true,"href":"https:\/\/vangrimdecorpssecrets.com\/en\/wp-json\/wp\/v2\/comments?post=1380"}],"version-history":[{"count":57,"href":"https:\/\/vangrimdecorpssecrets.com\/en\/wp-json\/wp\/v2\/pages\/1380\/revisions"}],"predecessor-version":[{"id":3770,"href":"https:\/\/vangrimdecorpssecrets.com\/en\/wp-json\/wp\/v2\/pages\/1380\/revisions\/3770"}],"up":[{"embeddable":true,"href":"https:\/\/vangrimdecorpssecrets.com\/en\/wp-json\/wp\/v2\/pages\/1359"}],"wp:attachment":[{"href":"https:\/\/vangrimdecorpssecrets.com\/en\/wp-json\/wp\/v2\/media?parent=1380"}],"curies":[{"name":"wp","href":"https:\/\/api.w.org\/{rel}","templated":true}]}}