{"id":1359,"date":"2018-01-15T16:24:58","date_gmt":"2018-01-15T16:24:58","guid":{"rendered":"http:\/\/vangrimdecorpssecrets.com\/?page_id=1359"},"modified":"2025-07-18T19:25:38","modified_gmt":"2025-07-18T19:25:38","slug":"eve-2050","status":"publish","type":"page","link":"https:\/\/vangrimdecorpssecrets.com\/en\/oeuvres\/eve-2050\/","title":{"rendered":"Eve 2050"},"content":{"rendered":"<p><\/p>\n<h1><strong><em>Eve 2050<\/em><\/strong><\/h1>\n<h2><strong>A<\/strong><strong>n interactive, evolving triptych<\/strong><\/h2>\n<h3><img loading=\"lazy\" decoding=\"async\" class=\"alignnone wp-image-1346\" src=\"http:\/\/vangrimdecorpssecrets.com\/wp-content\/uploads\/2018\/01\/PUB-EVE-1_Plan-de-travail-1-300x255.jpg\" alt=\"\" width=\"818\" height=\"695\" srcset=\"https:\/\/vangrimdecorpssecrets.com\/wp-content\/uploads\/2018\/01\/PUB-EVE-1_Plan-de-travail-1-300x255.jpg 300w, https:\/\/vangrimdecorpssecrets.com\/wp-content\/uploads\/2018\/01\/PUB-EVE-1_Plan-de-travail-1-768x653.jpg 768w, https:\/\/vangrimdecorpssecrets.com\/wp-content\/uploads\/2018\/01\/PUB-EVE-1_Plan-de-travail-1-1024x870.jpg 1024w\" sizes=\"auto, (max-width: 818px) 100vw, 818px\" \/><\/h3>\n<h6>\u00a9J\u00e9r\u00f4me Delapierre | Interpr\u00e8tes &#8211; performers : Rh\u00e9a Sky Walsh, Justin De Luna, Chi Long, Sophie Breton<\/h6>\n<p><em>How<\/em>, in the near future,\u00a0can the boundaries of the body and its identity be redefined? \u00a0<em>Eve 2050<\/em> invites audiences to engage in an artistic, aesthetic and ethical reflection on the future of human beings and the body in an age of digital technology, biomedical advances and artificial intelligence. Combining dance, video, music, visual and digital arts, the work takes on various forms to be presented in theatres, public spaces and online. The result is a fascinating integration of life and technology.<\/p>\n<p>&nbsp;<\/p>\n<h2>One work, three components<\/h2>\n<ul>\n<li><a href=\"https:\/\/vangrimdecorpssecrets.com\/en\/oeuvres\/eve-2050\/webseries\/\">A webseries<\/a> [May 2018]<\/li>\n<li><a href=\"https:\/\/vangrimdecorpssecrets.com\/oeuvres\/eve-2050\/eve-2050-linstallation-interactive\/\">An interactive installation with choreographic performances<\/a> [September 2018 at l&#8217;AGORA de la danse]<\/li>\n<li><a href=\"https:\/\/vangrimdecorpssecrets.com\/oeuvres\/eve-2050\/eve-2050web-serie\/\">A stage production<\/a> [2019]<\/li>\n<\/ul>\n<p>Through its three components, Eve 2050 combines the vibrant force of actual physical presence with the magical transformations and ubiquity made possible by technology. Nature and culture are reconciled in this meeting between the primal body\u2014its ancestral heritage expressed through a visceral gestural vocabulary\u2014and the body of the future, transformed by its connection with technology.<\/p>\n<p>&nbsp;<\/p>\n<h2>Technological innovation<\/h2>\n<p><em>Eve 2050<\/em> is a particularly innovative project in its artistic use of digital technologies. It is based on a novel association of different image analysis and processing applications, movement sensing systems, and the latest interactive technologies. Most of the visual effects that transform Eve in the webseries are generated in real time by interactive technology, not in post-production. This process makes it possible to reproduce the same effects on the bodies of spectators who are exploring the digital installation, and on the dancers performing the work on stage. Technology is used in the service of dance, creating a unique experience for each spectator.<\/p>\n<p>&nbsp;<\/p>\n<p id=\"tw-target-text\" class=\"tw-data-text tw-ta tw-text-small\" dir=\"ltr\" data-placeholder=\"Traduction\"><span lang=\"en\">For more information, download our presentation booklet : <\/span><a href=\"https:\/\/vangrimdecorpssecrets.com\/wp-content\/uploads\/2018\/11\/LIVRET-EVE2050-EN.pdf\">LIVRET-EVE2050-EN<\/a><\/p>\n<p>&nbsp;<\/p>\n<p>Eve 2050 is supported by :<\/p>\n<p><img loading=\"lazy\" decoding=\"async\" class=\"alignnone wp-image-2032\" src=\"https:\/\/vangrimdecorpssecrets.com\/wp-content\/uploads\/2019\/03\/bandeau-logos-partenaires-eve-2050-triptyque-300x179.png\" alt=\"\" width=\"836\" height=\"499\" srcset=\"https:\/\/vangrimdecorpssecrets.com\/wp-content\/uploads\/2019\/03\/bandeau-logos-partenaires-eve-2050-triptyque-300x179.png 300w, https:\/\/vangrimdecorpssecrets.com\/wp-content\/uploads\/2019\/03\/bandeau-logos-partenaires-eve-2050-triptyque-768x457.png 768w\" sizes=\"auto, (max-width: 836px) 100vw, 836px\" \/><\/p>\n<p>&nbsp;<\/p>\n<p>Discover our creation process<\/p>\n<p><a href=\"https:\/\/www.facebook.com\/VGCorpsSecrets\/\"><img loading=\"lazy\" decoding=\"async\" class=\"alignnone size-full wp-image-1307\" src=\"http:\/\/vangrimdecorpssecrets.com\/wp-content\/uploads\/2017\/10\/Logo-fb-signature-2.png\" alt=\"\" width=\"50\" height=\"50\" \/><\/a> <a href=\"https:\/\/www.instagram.com\/vangrimdecorpssecrets\/\"><img loading=\"lazy\" decoding=\"async\" class=\"alignnone size-full wp-image-1306\" src=\"http:\/\/vangrimdecorpssecrets.com\/wp-content\/uploads\/2017\/10\/Logo-instagram-signature-1.png\" alt=\"\" width=\"50\" height=\"50\" \/><\/a> <a href=\"https:\/\/vimeo.com\/vangrimdecorpssecrets\"><img loading=\"lazy\" decoding=\"async\" class=\"alignnone size-full wp-image-1305\" src=\"http:\/\/vangrimdecorpssecrets.com\/wp-content\/uploads\/2017\/10\/Logo-vimeo-signature-1.png\" alt=\"\" width=\"50\" height=\"50\" \/><\/a> <a href=\"https:\/\/www.youtube.com\/channel\/UCIWPiQGXOruiWLP8Gvq214g\"><img loading=\"lazy\" decoding=\"async\" class=\"alignnone size-full wp-image-1304\" src=\"http:\/\/vangrimdecorpssecrets.com\/wp-content\/uploads\/2017\/10\/Logo-YOUTUBE-signature-1.png\" alt=\"\" width=\"50\" height=\"50\" \/><\/a><\/p>","protected":false},"excerpt":{"rendered":"<p>Eve 2050 An interactive, evolving triptych \u00a9J\u00e9r\u00f4me Delapierre | Interpr\u00e8tes &#8211; performers : Rh\u00e9a Sky Walsh, Justin De Luna, Chi Long, Sophie Breton How, in the near future,\u00a0can the boundaries of the body and its identity be redefined? \u00a0Eve 2050 invites audiences to engage in an artistic, aesthetic and ethical reflection on the future of&hellip;<\/p>\n","protected":false},"author":2,"featured_media":1347,"parent":1575,"menu_order":-24,"comment_status":"closed","ping_status":"closed","template":"","meta":{"footnotes":""},"class_list":["post-1359","page","type-page","status-publish","has-post-thumbnail","hentry","description-off"],"_links":{"self":[{"href":"https:\/\/vangrimdecorpssecrets.com\/en\/wp-json\/wp\/v2\/pages\/1359","targetHints":{"allow":["GET"]}}],"collection":[{"href":"https:\/\/vangrimdecorpssecrets.com\/en\/wp-json\/wp\/v2\/pages"}],"about":[{"href":"https:\/\/vangrimdecorpssecrets.com\/en\/wp-json\/wp\/v2\/types\/page"}],"author":[{"embeddable":true,"href":"https:\/\/vangrimdecorpssecrets.com\/en\/wp-json\/wp\/v2\/users\/2"}],"replies":[{"embeddable":true,"href":"https:\/\/vangrimdecorpssecrets.com\/en\/wp-json\/wp\/v2\/comments?post=1359"}],"version-history":[{"count":20,"href":"https:\/\/vangrimdecorpssecrets.com\/en\/wp-json\/wp\/v2\/pages\/1359\/revisions"}],"predecessor-version":[{"id":3741,"href":"https:\/\/vangrimdecorpssecrets.com\/en\/wp-json\/wp\/v2\/pages\/1359\/revisions\/3741"}],"up":[{"embeddable":true,"href":"https:\/\/vangrimdecorpssecrets.com\/en\/wp-json\/wp\/v2\/pages\/1575"}],"wp:featuredmedia":[{"embeddable":true,"href":"https:\/\/vangrimdecorpssecrets.com\/en\/wp-json\/wp\/v2\/media\/1347"}],"wp:attachment":[{"href":"https:\/\/vangrimdecorpssecrets.com\/en\/wp-json\/wp\/v2\/media?parent=1359"}],"curies":[{"name":"wp","href":"https:\/\/api.w.org\/{rel}","templated":true}]}}