{"id":127,"date":"2014-08-05T09:29:59","date_gmt":"2014-08-05T09:29:59","guid":{"rendered":"http:\/\/vangrimdecorpssecrets.com\/?page_id=127"},"modified":"2022-09-15T12:46:55","modified_gmt":"2022-09-15T12:46:55","slug":"calendrier","status":"publish","type":"page","link":"https:\/\/vangrimdecorpssecrets.com\/en\/calendrier\/","title":{"rendered":"Calendar"},"content":{"rendered":"<p><table class=\"events_list\"><tr><th>Events<\/th><th>Locations<\/th><th>Dates<\/th><\/tr><tr><td><a href=\"https:\/\/vangrimdecorpssecrets.com\/en\/oeuvres\/intelligences-sauvages\/\" target=\"_blank\">Residency presentation<\/a><\/td><td>Sporobole 74 rue Albert, Sherbrooke<\/td><td>March 6, 2026<\/td><\/tr><tr><td><a href=\"https:\/\/vangrimdecorpssecrets.com\/en\/oeuvres\/intelligences-sauvages\/\" target=\"_blank\">Art Residency #2-Wild Intelligences<\/a><\/td><td>Sporobole<\/td><td>February 24, 2026 to March 6, 2026<\/td><\/tr><tr><td><a href=\"https:\/\/vangrimdecorpssecrets.com\/en\/oeuvres\/intelligences-sauvages\/\" target=\"_blank\">Art Residency-Wild Intelligences<\/a><\/td><td>Sporobole<\/td><td>December 1, 2025 to December 12, 2025<\/td><\/tr><tr><td><a href=\"https:\/\/vangrimdecorpssecrets.com\/en\/ccd-malvina\/#:~:text=Saturday%2C%20September%2027%20from%201%20to%205%20PM\" target=\"_blank\">Set carr\u00e9 with musicians Bill Gossage, Mike Bleho, and Glenn Roy, led by caller Robert Goulet<\/a><\/td><td>Malvina Creation and Exhibition Centre<\/td><td>September 27, 2025<\/td><\/tr><tr><td><a href=\"https:\/\/vangrimdecorpssecrets.com\/en\/ccd-malvina\/#:~:text=Saturday%2C%20September%2027%20from%201%20to%205%20PM\" target=\"_blank\">Conference The Abenaki Presence in the Eastern Townships, with Professor L\u00e9on Robichaud<\/a><\/td><td>Malvina Creation and Exhibition Centre<\/td><td>September 27, 2025<\/td><\/tr><tr><td><a href=\"https:\/\/vangrimdecorpssecrets.com\/en\/ccd-malvina\/#:~:text=Saturday%2C%20August%2023%20from%201%20to%205%20PM\" target=\"_blank\">Launch of the book La Coyota, by Domingo Cisneros, hosted by Jean-Fran\u00e7ois L\u00e9tourneau<\/a><\/td><td>Malvina Creation and Exhibition Centre<\/td><td>August 23, 2025<\/td><\/tr><tr><td><a href=\"https:\/\/vangrimdecorpssecrets.com\/en\/ccd-malvina\/#:~:text=Saturday%2C%20August%2023%20from%201%20to%205%20PM\" target=\"_blank\">Roundtable with Domingo Cisneros and fellow Art, Technology and Territory participants, hosted by Sylvain Dodier<\/a><\/td><td>Malvina Creation and Exhibition Centre<\/td><td>August 23, 2025<\/td><\/tr><tr><td><a href=\"https:\/\/vangrimdecorpssecrets.com\/en\/ccd-malvina\/#:~:text=Saturday%2C%20August%2023%20from%201%20to%205%20PM\" target=\"_blank\">Territory as a Concept, a talk by Domingo Cisneros<\/a><\/td><td>Malvina Creation and Exhibition Centre<\/td><td>August 23, 2025<\/td><\/tr><tr><td><a href=\"https:\/\/vangrimdecorpssecrets.com\/en\/ccd-malvina\/#:~:text=Saturday%2C%20August%2023%20from%201%20to%205%20PM\" target=\"_blank\">The new works of Sean Caulfield, Liz Ingram, and Bernd Hildebrandt, created during their residencies at Malvina<\/a><\/td><td>Malvina Creation and Exhibition Centre<\/td><td>August 23, 2025<\/td><\/tr><tr><td><a href=\"https:\/\/vangrimdecorpssecrets.com\/en\/ccd-malvina\/#:~:text=Saturday%2C%20August%2016%20from%201%20to%204%20PM\" target=\"_blank\">Discussion with artists Sean Caulfield, Thom Gossage, Emmanuelle Martin, and Isabelle Van Grimde, hosted by Sylvain Dodier.<\/a><\/td><td>Malvina Creation and Exhibition Centre<\/td><td>August 16, 2025<\/td><\/tr><tr><td><a href=\"https:\/\/vangrimdecorpssecrets.com\/en\/ccd-malvina\/#:~:text=Saturday%2C%20August%2016%20from%201%20to%204%20PM\" target=\"_blank\">Installation by Sean Caulfield, Thom Gossage, Emmanuelle Martin, and Isabelle Van Grimde - An immersive journey<\/a><\/td><td>Malvina Creation and Exhibition Centre<\/td><td>August 16, 2025<\/td><\/tr><tr><td><a href=\"https:\/\/vangrimdecorpssecrets.com\/en\/ccd-malvina\/#:~:text=Saturday%2C%20August%202%20from%201%20to%204%20PM\" target=\"_blank\">Meeting with the artist Marile\u0300ne Oliver and interactive workshop<\/a><\/td><td>Malvina Creation and Exhibition Centre<\/td><td>August 2, 2025<\/td><\/tr><tr><td><a href=\"https:\/\/vangrimdecorpssecrets.com\/en\/ccd-malvina\/#:~:text=Saturday%2C%20July%2012%20from%201%20to%204%20PM\" target=\"_blank\">Presentation of an installation by Ana Rewakowicz<\/a><\/td><td>Malvina Creation and Exhibition Centre<\/td><td>July 12, 2025<\/td><\/tr><tr><td><a href=\"https:\/\/vangrimdecorpssecrets.com\/en\/ccd-malvina\/#:~:text=Saturday%2C%20July%2012%20from%201%20to%204%20PM\" target=\"_blank\">Performance by Emmanuelle Martin, integrated into a sound installation by Thom Gossage<\/a><\/td><td>Malvina Creation and Exhibition Centre<\/td><td>July 12, 2025<\/td><\/tr><tr><td><a href=\"https:\/\/vangrimdecorpssecrets.com\/en\/ccd-malvina\/#:~:text=Saturday%2C%20July%2012%20from%201%20to%204%20PM\" target=\"_blank\">Family Workshop \/ Talk: How to Promote Biodiversity in Our Gardens<\/a><\/td><td>Malvina Creation and Exhibition Centre<\/td><td>July 12, 2025<\/td><\/tr><tr><td><a href=\"https:\/\/vangrimdecorpssecrets.com\/en\/ccd-malvina\/malvina-autrefois\/\" target=\"_blank\">Malvina in the Old Days exhibition - New Women from the 1900\\'s<\/a><\/td><td>Malvina Creation and Presentation Centre<\/td><td>July 5, 2025 to September 27, 2025<\/td><\/tr><tr><td><a href=\"https:\/\/vangrimdecorpssecrets.com\/en\/ccd-malvina\/corps-primal-corps-futur\/\" target=\"_blank\">Primal Body\/Future Body exhibition - Addition webseries EVE 2050<\/a><\/td><td>Malvina Creation and Presentation Centre<\/td><td>July 5, 2025 to September 27, 2025<\/td><\/tr><tr><td><a href=\"https:\/\/vangrimdecorpssecrets.com\/en\/ccd-malvina\/#:~:text=Saturday%2C%20July%205%20from%201%20to%204%20PM\" target=\"_blank\">Art, Technology and Territory<\/a><\/td><td>Malvina Creation and Exhibition Centre<\/td><td>July 5, 2025 to September 27, 2025<\/td><\/tr><tr><td><a href=\"https:\/\/vangrimdecorpssecrets.com\/en\/ccd-malvina\/#:~:text=Saturday%2C%20July%205%20from%201%20to%204%20PM\" target=\"_blank\">Opening Concert by the Malvina Jazz Trio<\/a><\/td><td>Malvina Creation and Exhibition Centre<\/td><td>July 5, 2025<\/td><\/tr><tr><td><a href=\"vangrimdecorpssecrets.com\/malvina\" target=\"_blank\">Presentation of a in-situ choreography by Isabelle Van Grimde<\/a><\/td><td>Malvina Creation and Exhibition Centre<\/td><td>August 24, 2024<\/td><\/tr><tr><td><a href=\"vangrimdecorpssecrets.com\/en\/malvina\" target=\"_blank\">Residency with Isabelle Van Grimde, performer Emmanuelle Martin and musician Thom Gossage<\/a><\/td><td>Malvina Creation and Exhibition Centre<\/td><td>August 19, 2024 to August 23, 2024<\/td><\/tr><tr><td><a href=\"vangrimdecorpssecrets.com\/en\/malvina\" target=\"_blank\">Public presentation of Sean Caulfield\\\\\\'s artwork as part of Essential Connections: The Body and the Environment<\/a><\/td><td>Malvina Creation and Exhibition Centre<\/td><td>August 17, 2024<\/td><\/tr><tr><td><a href=\"vangrimdecorpssecrets.com\/en\/malvina\" target=\"_blank\">Printmaking workshop with artist Sean Caulfield<\/a><\/td><td>Malvina Creation and Exhibition Centre<\/td><td>August 17, 2024<\/td><\/tr><tr><td><a href=\"vangrimdecorpssecrets.com\/en\/malvina\" target=\"_blank\">Residency with artists Scott Smallwood and Sean Caulfield as part of Essential Connections: The Body and the Environment<\/a><\/td><td>Malvina Creation and Exhibition Centre<\/td><td>August 5, 2024 to August 16, 2024<\/td><\/tr><tr><td>Residency for choreographer Emmanuelle Martin<\/td><td>Espace Corps Secrets<\/td><td>July 15, 2024 to July 26, 2024<\/td><\/tr><tr><td><a href=\"https:\/\/vangrimdecorpssecrets.com\/en\/malvina\/\" target=\"_blank\">Primal Body\/Future Body Exhibition<\/a><\/td><td>Malvina Creation and Exhibition Centre<\/td><td>July 6, 2024 to September 28, 2024<\/td><\/tr><tr><td><a href=\"https:\/\/agoradanse.com\/en\/event\/transes\/\" target=\"_blank\">Transes<\/a><\/td><td>Agora de la danse<\/td><td>April 24, 2024 to April 27, 2024<\/td><\/tr><tr><td><a href=\"https:\/\/vangrimdecorpssecrets.com\/en\/2023\/06\/programmation-malvina\/\" target=\"_blank\">Primal Body\/Future Body Exhibition<\/a><\/td><td>Malvina Creation and Exhibition Centre<\/td><td>August 19, 2023 to October 7, 2023<\/td><\/tr><tr><td><a href=\"https:\/\/dancemadeincanada.ca\/films\/messis\/\" target=\"_blank\">Messis: The Short Film<\/a><\/td><td>Dance: Made in Canada Festival<\/td><td>August 19, 2023<\/td><\/tr><tr><td><a href=\"https:\/\/harcourthouse.ab.ca\/brad-necyk-gary-james-joynes-van-grimde-corps-secrets\/\" target=\"_blank\">The Birth of the World<\/a><\/td><td>Harcourt House Artist Run Centre<\/td><td>March 3, 2023 to April 15, 2023<\/td><\/tr><tr><td><a href=\"https:\/\/rendez-vous.quebeccinema.ca\/la-une\/rvqc-2023-devoilement-de-la-programmation\" target=\"_blank\">Messis: The Short Film<\/a><\/td><td>Rendez-vous Qu\u00e9bec Cin\u00e9ma<\/td><td>March 1, 2023<\/td><\/tr><tr><td><a href=\"https:\/\/www.kulturzentrum-tempel.de\/index.php?id=1724\" target=\"_blank\">Eve 2050: The Installation<\/a><\/td><td>Tanz Karlsruhe au ZKM (Karlsruhe)<\/td><td>November 15, 2022 to November 17, 2022<\/td><\/tr><tr><td><a href=\"https:\/\/www.muffatwerk.de\/en\/events\/view\/6189\/van-grimde-corps-secrets-eve-2050\" target=\"_blank\">Eve 2050: The Installation<\/a><\/td><td>Muffatwerk (Munich)<\/td><td>November 11, 2022 to November 13, 2022<\/td><\/tr><tr><td><a href=\"messis.vangrimdecorpssecrets.com\" target=\"_blank\">Launch of the Messis webseries and immersive platform<\/a><\/td><td>Espace Corps Secrets<\/td><td>September 21, 2022<\/td><\/tr><tr><td><a href=\"https:\/\/2022.fcvq.ca\/programmations\/messis\" target=\"_blank\">Messis: The Short Film<\/a><\/td><td>Festival de cin\u00e9ma de la ville de Qu\u00e9bec<\/td><td>September 10, 2022<\/td><\/tr><tr><td><a href=\"https:\/\/veranstaltungen.meinestadt.de\/karlsruhe\/event-detail\/35697671\/99060408\" target=\"_blank\">EVE 2050: The Installation [postponed to Fall 2022]<\/a><\/td><td>Zentrum f\u00fcr Kunst und Medien (Karlsruhe)<\/td><td>November 12, 2020<\/td><\/tr><tr><td><a href=\"https:\/\/www.muffatwerk.de\/en\/events\/view\/5245\/van-grimde-corps-secrets-eve-2050\" target=\"_blank\">EVE 2050: The Installation [postponed to Fall 2022]<\/a><\/td><td>Muffathalle (Munich)<\/td><td>November 5, 2020 to November 8, 2020<\/td><\/tr><tr><td><a href=\"www.tixonthesquare.ca\/events\/2019\/van-grimde-corps-secrets-eve-2050\/\" target=\"_blank\">EVE 2050 : the stage production<\/a><\/td><td>Triffo Theatre, Edmonton<\/td><td>October 18, 2019 to October 19, 2019<\/td><\/tr><tr><td><a href=\"vangrimdecorpssecrets.com\/en\/oeuvres\/eve-2050\/eve-2050web-serie\/\" target=\"_blank\">Eve 2050: The stage production <\/a><\/td><td>Agora de la danse<\/td><td>October 8, 2019 to October 12, 2019<\/td><\/tr><tr><td><a href=\"https:\/\/vangrimdecorpssecrets.com\/en\/2019\/08\/les-pepinieres-danse-et-numerique-un-incubateur-pour-tous\/\" target=\"_blank\">Launch Digital Dance Lab<\/a><\/td><td>Espace Corps Secrets (Montreal)<\/td><td>September 20, 2019<\/td><\/tr><tr><td><a href=\"www.printempsnumerique.ca\/programmation\/evenement\/printemps-numerique-x-5-a-9-au-mccord-edition-2019\/\" target=\"_blank\">Excerpt of \u201cEve 2050: The Installation\u201d at the Printemps num\u00e9rique\u2019s Fashion Tech<\/a><\/td><td>690 Sherbrooke Street West Montreal<\/td><td>April 27, 2019 to June 30, 2019<\/td><\/tr><tr><td><a href=\"www.dyscorpia.com\/\" target=\"_blank\">Dyscorpia, exhibition<\/a><\/td><td>Edmonton<\/td><td>April 27, 2019 to June 30, 2019<\/td><\/tr><tr><td><a href=\"www.rocal-regroupement.org\/hub\/cat-hub\/atelier-v-la-donnee-comme-matiere-de-creation-et-nouvelles-formes-artistiques.html\" target=\"_blank\">Data as Creative Material and New Art Forms<\/a><\/td><td>Maison des arts de Laval, 1395, boulevard de la Concorde O, Laval Qu\u00e9bec H7N 5W1<\/td><td>March 29, 2019<\/td><\/tr><tr><td><a href=\"www.quebecdanse.org\/agenda\/details\/stage-pour-choregraphes-avec-des-technologies-interactives-rqd-et-espace-corps-secrets-12320\" target=\"_blank\">Workshop for choreographers with interactive technologie - RQD and Van Grimde Corps Secrets<\/a><\/td><td>Espace Corps Secrets - 1881, rue Saint-Andr\u00e9 - Suite 303<\/td><td>February 25, 2019 to March 1, 2019<\/td><\/tr><tr><td><a href=\"associationrideau.ca\/fr\" target=\"_blank\">Eve 2050 at Rideau 2019!<\/a><\/td><td>Montreal<\/td><td>February 17, 2019 to February 20, 2019<\/td><\/tr><tr><td><a href=\"www.quebecdanse.org\/agenda\/details\/stage-dinterpretation-avec-des-technologies-interactives-11634\" target=\"_blank\">Workshop for performers, with interactive technologie - RQD and Van Grimde Corps Secrets<\/a><\/td><td>Espace Corps Secrets (Montreal)<\/td><td>November 26, 2018 to November 30, 2018<\/td><\/tr><tr><td><a href=\"cinars.org\/en\/biennale\/events\/eve-2050-the-installation-2076\" target=\"_blank\">CINARS - Eve 2050: The Installation<\/a><\/td><td>Queen Elizabeth, booth 220<\/td><td>November 15, 2018 to November 17, 2018<\/td><\/tr><tr><td><a href=\"hubmontreal.com\/prog\/les-arts-de-la-scene-bonifies\/?wcs_timestamp=1542203100\" target=\"_blank\">Isabelle Van Grimde: Presentation at the Hub Montreal 2018<\/a><\/td><td>HUB Montr\u00e9al<\/td><td>November 14, 2018<\/td><\/tr><tr><td><a href=\"vangrimdecorpssecrets.com\/2018\/09\/van-grimde-corps-secrets-technologies-interactives-et-danse\/\" target=\"_blank\">Journ\u00e9es de la culture: Interactives Technologies & dance<\/a><\/td><td>Espace Corps Secrets - 1881, rue Saint-Andr\u00e9 - Suite 303<\/td><td>September 29, 2018<\/td><\/tr><tr><td><a href=\"vangrimdecorpssecrets.com\/2018\/09\/colloque-cybercorporeites-subjectivites-nomades-en-contexte-numerique\/\" target=\"_blank\">Cybercorpor\u00e9it\u00e9s: subjectivit\u00e9s nomades en contexte num\u00e9rique<\/a><\/td><td>Espace Corps Secrets - 1881, rue Saint-Andr\u00e9 - Suite 303<\/td><td>September 28, 2018<\/td><\/tr><tr><td><a href=\"vangrimdecorpssecrets.com\/en\/oeuvres\/eve-2050\/eve-2050-linstallation-interactive\/\" target=\"_blank\">Eve 2050: The Installation<\/a><\/td><td>Montr\u00e9al, Agora de la danse | Wilder<\/td><td>September 19, 2018 to September 22, 2018<\/td><\/tr><tr><td><a href=\"vangrimdecorpssecrets.com\/en\/oeuvres\/eve-2050\/webseries\/\" target=\"_blank\">Eve 2050: The Webseries<\/a><\/td><td>Espace Corps Secrets - 1881, rue Saint-Andr\u00e9 - Suite 303<\/td><td>May 16, 2018 to November 30, -0001<\/td><\/tr><\/table><\/p>\n","protected":false},"excerpt":{"rendered":"<p>EventsLocationsDatesResidency presentationSporobole 74 rue Albert, SherbrookeMarch 6, 2026Art Residency #2-Wild IntelligencesSporoboleFebruary 24, 2026 to March 6, 2026Art Residency-Wild IntelligencesSporoboleDecember 1, 2025 to December 12, 2025Set carr\u00e9 with musicians Bill Gossage, Mike Bleho, and Glenn Roy, led by caller Robert GouletMalvina Creation and Exhibition CentreSeptember 27, 2025Conference The Abenaki Presence in the Eastern Townships, with Professor&hellip;<\/p>\n","protected":false},"author":1,"featured_media":0,"parent":0,"menu_order":5,"comment_status":"closed","ping_status":"closed","template":"","meta":{"footnotes":""},"class_list":["post-127","page","type-page","status-publish","hentry","description-off"],"_links":{"self":[{"href":"https:\/\/vangrimdecorpssecrets.com\/en\/wp-json\/wp\/v2\/pages\/127","targetHints":{"allow":["GET"]}}],"collection":[{"href":"https:\/\/vangrimdecorpssecrets.com\/en\/wp-json\/wp\/v2\/pages"}],"about":[{"href":"https:\/\/vangrimdecorpssecrets.com\/en\/wp-json\/wp\/v2\/types\/page"}],"author":[{"embeddable":true,"href":"https:\/\/vangrimdecorpssecrets.com\/en\/wp-json\/wp\/v2\/users\/1"}],"replies":[{"embeddable":true,"href":"https:\/\/vangrimdecorpssecrets.com\/en\/wp-json\/wp\/v2\/comments?post=127"}],"version-history":[{"count":2,"href":"https:\/\/vangrimdecorpssecrets.com\/en\/wp-json\/wp\/v2\/pages\/127\/revisions"}],"predecessor-version":[{"id":1551,"href":"https:\/\/vangrimdecorpssecrets.com\/en\/wp-json\/wp\/v2\/pages\/127\/revisions\/1551"}],"wp:attachment":[{"href":"https:\/\/vangrimdecorpssecrets.com\/en\/wp-json\/wp\/v2\/media?parent=127"}],"curies":[{"name":"wp","href":"https:\/\/api.w.org\/{rel}","templated":true}]}}