{"id":112,"date":"2014-07-16T20:25:22","date_gmt":"2014-07-16T20:25:22","guid":{"rendered":"http:\/\/vangrimdecorpssecrets.com\/?page_id=112"},"modified":"2022-09-15T12:46:11","modified_gmt":"2022-09-15T12:46:11","slug":"le-corps-en-questions-the-body-in-questions","status":"publish","type":"page","link":"https:\/\/vangrimdecorpssecrets.com\/en\/oeuvres\/le-corps-en-questions-the-body-in-questions\/","title":{"rendered":"The Body in Question(s)\u00b2"},"content":{"rendered":"<p><iframe loading=\"lazy\" src=\"https:\/\/player.vimeo.com\/video\/141185558?dnt=1&#038;app_id=122963\" width=\"1200\" height=\"675\" frameborder=\"0\" title=\"Le corps en question(s)2 \/ The Body in Question(s)2\" allow=\"autoplay; fullscreen\" allowfullscreen><\/iframe><\/p>\n<p>Performers : Marie Brassard, Sophie Breton, Marie-\u00c8ve Lafontaine, Robin Poitras, Georges-Nicolas Tremblay, Brian Webb.<br \/>\nVideo credit : <a href=\"http:\/\/www.jeromedelapierre.com\/\">J\u00e9r\u00f4me Delapierre<\/a><\/p>\n<p>&nbsp;<\/p>\n<p>A cross between choreography, spatial and acoustic architecture, exhibition and interactive digital technology, Le corps en question(s)2\/The Body in Question(s)2 explores the ways in which the massive social, cultural and technological changes in modern societies are affecting how we conceptualize and interpret the body.<\/p>\n<p>Transforming the seven rooms of Enterprise Square Galleries in Edmonton, Isabelle Van Grimde has created an organic space that she invites us to inhabit rather than pass through. Within it, she sets up a dialogue between the living body and its genome, its digital conversion, its virtual image and oneiric dimension. She instils tension between the primitive body and the future body, pondering the status of the physical body in an increasingly virtual world, and the impact of computers on our mental and physical processes. This questioning becomes all the more poignant, since a digital platform allows visitors to get a live, behind-the-scenes view of the creation and to make a web recreation of the very work that surrounds them. From one room to the next, visitors discover works by nine visual and media artists, essays by two scientists, and the subtle movements of six dancers aged 23 to 60. Video installations relay their performances in the rooms they no longer occupy, maintaining a constant choreographic presence in the exhibition.<\/p>\n<p>Defying the notions of space and time, this intriguing work uses the viewer\u2019s body to reinvent itself. An intimate experience whose duration and nature is determined by each visitor. Intelligent, sensitive, monumental.<\/p>\n\n\t\t\t<style type='text\/css'>\n\t\t\t\t#gallery-2 {\n\t\t\t\t\tmargin: auto;\n\t\t\t\t}\n\t\t\t\t#gallery-2 .gallery-item {\n\t\t\t\t\tfloat: left;\n\t\t\t\t\tmargin-top: 10px;\n\t\t\t\t\ttext-align: center;\n\t\t\t\t\twidth: 25%;\n\t\t\t\t}\n\t\t\t\t#gallery-2 img {\n\t\t\t\t\tborder: 2px solid #cfcfcf;\n\t\t\t\t}\n\t\t\t\t#gallery-2 .gallery-caption {\n\t\t\t\t\tmargin-left: 0;\n\t\t\t\t}\n\t\t\t\t\/* see gallery_shortcode() in wp-includes\/media.php *\/\n\t\t\t<\/style>\n\t\t<div id='gallery-2' class='dt-gallery-container gallery galleryid-112 gallery-columns-4 gallery-size-medium'><dl class='gallery-item'>\n\t\t\t\t<dt class='gallery-icon landscape'>\n\t\t\t\t\t<a class=\"rollover\" href='https:\/\/vangrimdecorpssecrets.com\/en\/oeuvres\/le-corps-en-questions-the-body-in-questions\/photos\/image11\/'><img loading=\"lazy\" decoding=\"async\" width=\"300\" height=\"169\" src=\"https:\/\/vangrimdecorpssecrets.com\/wp-content\/uploads\/2015\/02\/Image11-300x169.jpg\" class=\"attachment-medium size-medium\" alt=\"\" srcset=\"https:\/\/vangrimdecorpssecrets.com\/wp-content\/uploads\/2015\/02\/Image11-300x169.jpg 300w, https:\/\/vangrimdecorpssecrets.com\/wp-content\/uploads\/2015\/02\/Image11-768x432.jpg 768w, https:\/\/vangrimdecorpssecrets.com\/wp-content\/uploads\/2015\/02\/Image11-1024x576.jpg 1024w, https:\/\/vangrimdecorpssecrets.com\/wp-content\/uploads\/2015\/02\/Image11.jpg 1920w\" sizes=\"auto, (max-width: 300px) 100vw, 300px\" \/><\/a>\n\t\t\t\t<\/dt><\/dl><dl class='gallery-item'>\n\t\t\t\t<dt class='gallery-icon landscape'>\n\t\t\t\t\t<a class=\"rollover\" href='https:\/\/vangrimdecorpssecrets.com\/en\/oeuvres\/le-corps-en-questions-the-body-in-questions\/photos\/image15\/'><img loading=\"lazy\" decoding=\"async\" width=\"300\" height=\"169\" src=\"https:\/\/vangrimdecorpssecrets.com\/wp-content\/uploads\/2015\/02\/Image15-300x169.jpg\" class=\"attachment-medium size-medium\" alt=\"\" srcset=\"https:\/\/vangrimdecorpssecrets.com\/wp-content\/uploads\/2015\/02\/Image15-300x169.jpg 300w, https:\/\/vangrimdecorpssecrets.com\/wp-content\/uploads\/2015\/02\/Image15-768x432.jpg 768w, https:\/\/vangrimdecorpssecrets.com\/wp-content\/uploads\/2015\/02\/Image15-1024x576.jpg 1024w, https:\/\/vangrimdecorpssecrets.com\/wp-content\/uploads\/2015\/02\/Image15.jpg 1920w\" sizes=\"auto, (max-width: 300px) 100vw, 300px\" \/><\/a>\n\t\t\t\t<\/dt><\/dl><dl class='gallery-item'>\n\t\t\t\t<dt class='gallery-icon landscape'>\n\t\t\t\t\t<a class=\"rollover\" href='https:\/\/vangrimdecorpssecrets.com\/en\/oeuvres\/le-corps-en-questions-the-body-in-questions\/photos\/image23\/'><img loading=\"lazy\" decoding=\"async\" width=\"300\" height=\"169\" src=\"https:\/\/vangrimdecorpssecrets.com\/wp-content\/uploads\/2015\/02\/Image23-300x169.jpg\" class=\"attachment-medium size-medium\" alt=\"\" srcset=\"https:\/\/vangrimdecorpssecrets.com\/wp-content\/uploads\/2015\/02\/Image23-300x169.jpg 300w, https:\/\/vangrimdecorpssecrets.com\/wp-content\/uploads\/2015\/02\/Image23-768x432.jpg 768w, https:\/\/vangrimdecorpssecrets.com\/wp-content\/uploads\/2015\/02\/Image23-1024x576.jpg 1024w, https:\/\/vangrimdecorpssecrets.com\/wp-content\/uploads\/2015\/02\/Image23.jpg 1920w\" sizes=\"auto, (max-width: 300px) 100vw, 300px\" \/><\/a>\n\t\t\t\t<\/dt><\/dl><dl class='gallery-item'>\n\t\t\t\t<dt class='gallery-icon landscape'>\n\t\t\t\t\t<a class=\"rollover\" href='https:\/\/vangrimdecorpssecrets.com\/en\/oeuvres\/le-corps-en-questions-the-body-in-questions\/photos\/image14\/'><img loading=\"lazy\" decoding=\"async\" width=\"300\" height=\"169\" src=\"https:\/\/vangrimdecorpssecrets.com\/wp-content\/uploads\/2015\/02\/Image14-300x169.jpg\" class=\"attachment-medium size-medium\" alt=\"\" srcset=\"https:\/\/vangrimdecorpssecrets.com\/wp-content\/uploads\/2015\/02\/Image14-300x169.jpg 300w, https:\/\/vangrimdecorpssecrets.com\/wp-content\/uploads\/2015\/02\/Image14-768x432.jpg 768w, https:\/\/vangrimdecorpssecrets.com\/wp-content\/uploads\/2015\/02\/Image14-1024x576.jpg 1024w, https:\/\/vangrimdecorpssecrets.com\/wp-content\/uploads\/2015\/02\/Image14.jpg 1920w\" sizes=\"auto, (max-width: 300px) 100vw, 300px\" \/><\/a>\n\t\t\t\t<\/dt><\/dl><br style=\"clear: both\" \/><dl class='gallery-item'>\n\t\t\t\t<dt class='gallery-icon landscape'>\n\t\t\t\t\t<a class=\"rollover\" href='https:\/\/vangrimdecorpssecrets.com\/en\/oeuvres\/le-corps-en-questions-the-body-in-questions\/photos\/image24\/'><img loading=\"lazy\" decoding=\"async\" width=\"300\" height=\"169\" src=\"https:\/\/vangrimdecorpssecrets.com\/wp-content\/uploads\/2015\/02\/Image24-300x169.jpg\" class=\"attachment-medium size-medium\" alt=\"\" srcset=\"https:\/\/vangrimdecorpssecrets.com\/wp-content\/uploads\/2015\/02\/Image24-300x169.jpg 300w, https:\/\/vangrimdecorpssecrets.com\/wp-content\/uploads\/2015\/02\/Image24-768x432.jpg 768w, https:\/\/vangrimdecorpssecrets.com\/wp-content\/uploads\/2015\/02\/Image24-1024x576.jpg 1024w, https:\/\/vangrimdecorpssecrets.com\/wp-content\/uploads\/2015\/02\/Image24.jpg 1920w\" sizes=\"auto, (max-width: 300px) 100vw, 300px\" \/><\/a>\n\t\t\t\t<\/dt><\/dl><dl class='gallery-item'>\n\t\t\t\t<dt class='gallery-icon landscape'>\n\t\t\t\t\t<a class=\"rollover\" href='https:\/\/vangrimdecorpssecrets.com\/en\/oeuvres\/le-corps-en-questions-the-body-in-questions\/photos\/image7\/'><img loading=\"lazy\" decoding=\"async\" width=\"300\" height=\"169\" src=\"https:\/\/vangrimdecorpssecrets.com\/wp-content\/uploads\/2015\/02\/Image7-300x169.jpg\" class=\"attachment-medium size-medium\" alt=\"\" srcset=\"https:\/\/vangrimdecorpssecrets.com\/wp-content\/uploads\/2015\/02\/Image7-300x169.jpg 300w, https:\/\/vangrimdecorpssecrets.com\/wp-content\/uploads\/2015\/02\/Image7-768x432.jpg 768w, https:\/\/vangrimdecorpssecrets.com\/wp-content\/uploads\/2015\/02\/Image7-1024x576.jpg 1024w, https:\/\/vangrimdecorpssecrets.com\/wp-content\/uploads\/2015\/02\/Image7.jpg 1920w\" sizes=\"auto, (max-width: 300px) 100vw, 300px\" \/><\/a>\n\t\t\t\t<\/dt><\/dl><dl class='gallery-item'>\n\t\t\t\t<dt class='gallery-icon landscape'>\n\t\t\t\t\t<a class=\"rollover\" href='https:\/\/vangrimdecorpssecrets.com\/en\/oeuvres\/le-corps-en-questions-the-body-in-questions\/photos\/image8\/'><img loading=\"lazy\" decoding=\"async\" width=\"300\" height=\"169\" src=\"https:\/\/vangrimdecorpssecrets.com\/wp-content\/uploads\/2015\/02\/Image8-300x169.jpg\" class=\"attachment-medium size-medium\" alt=\"\" srcset=\"https:\/\/vangrimdecorpssecrets.com\/wp-content\/uploads\/2015\/02\/Image8-300x169.jpg 300w, https:\/\/vangrimdecorpssecrets.com\/wp-content\/uploads\/2015\/02\/Image8-768x432.jpg 768w, https:\/\/vangrimdecorpssecrets.com\/wp-content\/uploads\/2015\/02\/Image8-1024x576.jpg 1024w, https:\/\/vangrimdecorpssecrets.com\/wp-content\/uploads\/2015\/02\/Image8.jpg 1920w\" sizes=\"auto, (max-width: 300px) 100vw, 300px\" \/><\/a>\n\t\t\t\t<\/dt><\/dl><dl class='gallery-item'>\n\t\t\t\t<dt class='gallery-icon landscape'>\n\t\t\t\t\t<a class=\"rollover\" href='https:\/\/vangrimdecorpssecrets.com\/en\/oeuvres\/le-corps-en-questions-the-body-in-questions\/photos\/image18\/'><img loading=\"lazy\" decoding=\"async\" width=\"300\" height=\"169\" src=\"https:\/\/vangrimdecorpssecrets.com\/wp-content\/uploads\/2015\/02\/Image18-300x169.jpg\" class=\"attachment-medium size-medium\" alt=\"\" srcset=\"https:\/\/vangrimdecorpssecrets.com\/wp-content\/uploads\/2015\/02\/Image18-300x169.jpg 300w, https:\/\/vangrimdecorpssecrets.com\/wp-content\/uploads\/2015\/02\/Image18-768x432.jpg 768w, https:\/\/vangrimdecorpssecrets.com\/wp-content\/uploads\/2015\/02\/Image18-1024x576.jpg 1024w, https:\/\/vangrimdecorpssecrets.com\/wp-content\/uploads\/2015\/02\/Image18.jpg 1920w\" sizes=\"auto, (max-width: 300px) 100vw, 300px\" \/><\/a>\n\t\t\t\t<\/dt><\/dl><br style=\"clear: both\" \/><dl class='gallery-item'>\n\t\t\t\t<dt class='gallery-icon landscape'>\n\t\t\t\t\t<a class=\"rollover\" href='https:\/\/vangrimdecorpssecrets.com\/en\/oeuvres\/le-corps-en-questions-the-body-in-questions\/photos\/image2\/'><img loading=\"lazy\" decoding=\"async\" width=\"300\" height=\"169\" src=\"https:\/\/vangrimdecorpssecrets.com\/wp-content\/uploads\/2015\/02\/Image2-300x169.jpg\" class=\"attachment-medium size-medium\" alt=\"\" srcset=\"https:\/\/vangrimdecorpssecrets.com\/wp-content\/uploads\/2015\/02\/Image2-300x169.jpg 300w, https:\/\/vangrimdecorpssecrets.com\/wp-content\/uploads\/2015\/02\/Image2-768x432.jpg 768w, https:\/\/vangrimdecorpssecrets.com\/wp-content\/uploads\/2015\/02\/Image2-1024x576.jpg 1024w, https:\/\/vangrimdecorpssecrets.com\/wp-content\/uploads\/2015\/02\/Image2.jpg 1920w\" sizes=\"auto, (max-width: 300px) 100vw, 300px\" \/><\/a>\n\t\t\t\t<\/dt><\/dl><dl class='gallery-item'>\n\t\t\t\t<dt class='gallery-icon landscape'>\n\t\t\t\t\t<a class=\"rollover\" href='https:\/\/vangrimdecorpssecrets.com\/en\/oeuvres\/le-corps-en-questions-the-body-in-questions\/photos\/image22\/'><img loading=\"lazy\" decoding=\"async\" width=\"300\" height=\"169\" src=\"https:\/\/vangrimdecorpssecrets.com\/wp-content\/uploads\/2015\/02\/Image22-300x169.jpg\" class=\"attachment-medium size-medium\" alt=\"\" srcset=\"https:\/\/vangrimdecorpssecrets.com\/wp-content\/uploads\/2015\/02\/Image22-300x169.jpg 300w, https:\/\/vangrimdecorpssecrets.com\/wp-content\/uploads\/2015\/02\/Image22-768x432.jpg 768w, https:\/\/vangrimdecorpssecrets.com\/wp-content\/uploads\/2015\/02\/Image22-1024x576.jpg 1024w, https:\/\/vangrimdecorpssecrets.com\/wp-content\/uploads\/2015\/02\/Image22.jpg 1920w\" sizes=\"auto, (max-width: 300px) 100vw, 300px\" \/><\/a>\n\t\t\t\t<\/dt><\/dl><dl class='gallery-item'>\n\t\t\t\t<dt class='gallery-icon landscape'>\n\t\t\t\t\t<a class=\"rollover\" href='https:\/\/vangrimdecorpssecrets.com\/en\/oeuvres\/le-corps-en-questions-the-body-in-questions\/photos\/image19\/'><img loading=\"lazy\" decoding=\"async\" width=\"300\" height=\"169\" src=\"https:\/\/vangrimdecorpssecrets.com\/wp-content\/uploads\/2015\/02\/Image19-300x169.jpg\" class=\"attachment-medium size-medium\" alt=\"\" srcset=\"https:\/\/vangrimdecorpssecrets.com\/wp-content\/uploads\/2015\/02\/Image19-300x169.jpg 300w, https:\/\/vangrimdecorpssecrets.com\/wp-content\/uploads\/2015\/02\/Image19-768x432.jpg 768w, https:\/\/vangrimdecorpssecrets.com\/wp-content\/uploads\/2015\/02\/Image19-1024x576.jpg 1024w, https:\/\/vangrimdecorpssecrets.com\/wp-content\/uploads\/2015\/02\/Image19.jpg 1920w\" sizes=\"auto, (max-width: 300px) 100vw, 300px\" \/><\/a>\n\t\t\t\t<\/dt><\/dl><dl class='gallery-item'>\n\t\t\t\t<dt class='gallery-icon landscape'>\n\t\t\t\t\t<a class=\"rollover\" href='https:\/\/vangrimdecorpssecrets.com\/en\/oeuvres\/le-corps-en-questions-the-body-in-questions\/photos\/image20\/'><img loading=\"lazy\" decoding=\"async\" width=\"300\" height=\"169\" src=\"https:\/\/vangrimdecorpssecrets.com\/wp-content\/uploads\/2015\/02\/Image20-300x169.jpg\" class=\"attachment-medium size-medium\" alt=\"\" srcset=\"https:\/\/vangrimdecorpssecrets.com\/wp-content\/uploads\/2015\/02\/Image20-300x169.jpg 300w, https:\/\/vangrimdecorpssecrets.com\/wp-content\/uploads\/2015\/02\/Image20-768x432.jpg 768w, https:\/\/vangrimdecorpssecrets.com\/wp-content\/uploads\/2015\/02\/Image20-1024x576.jpg 1024w, https:\/\/vangrimdecorpssecrets.com\/wp-content\/uploads\/2015\/02\/Image20.jpg 1920w\" sizes=\"auto, (max-width: 300px) 100vw, 300px\" \/><\/a>\n\t\t\t\t<\/dt><\/dl><br style=\"clear: both\" \/><dl class='gallery-item'>\n\t\t\t\t<dt class='gallery-icon landscape'>\n\t\t\t\t\t<a class=\"rollover\" href='https:\/\/vangrimdecorpssecrets.com\/en\/oeuvres\/le-corps-en-questions-the-body-in-questions\/photos\/image12\/'><img loading=\"lazy\" decoding=\"async\" width=\"300\" height=\"169\" src=\"https:\/\/vangrimdecorpssecrets.com\/wp-content\/uploads\/2015\/02\/Image12-300x169.jpg\" class=\"attachment-medium size-medium\" alt=\"\" srcset=\"https:\/\/vangrimdecorpssecrets.com\/wp-content\/uploads\/2015\/02\/Image12-300x169.jpg 300w, https:\/\/vangrimdecorpssecrets.com\/wp-content\/uploads\/2015\/02\/Image12-768x432.jpg 768w, https:\/\/vangrimdecorpssecrets.com\/wp-content\/uploads\/2015\/02\/Image12-1024x576.jpg 1024w, https:\/\/vangrimdecorpssecrets.com\/wp-content\/uploads\/2015\/02\/Image12.jpg 1920w\" sizes=\"auto, (max-width: 300px) 100vw, 300px\" \/><\/a>\n\t\t\t\t<\/dt><\/dl><dl class='gallery-item'>\n\t\t\t\t<dt class='gallery-icon landscape'>\n\t\t\t\t\t<a class=\"rollover\" href='https:\/\/vangrimdecorpssecrets.com\/en\/oeuvres\/le-corps-en-questions-the-body-in-questions\/photos\/image26\/'><img loading=\"lazy\" decoding=\"async\" width=\"300\" height=\"169\" src=\"https:\/\/vangrimdecorpssecrets.com\/wp-content\/uploads\/2015\/02\/Image26-300x169.jpg\" class=\"attachment-medium size-medium\" alt=\"\" srcset=\"https:\/\/vangrimdecorpssecrets.com\/wp-content\/uploads\/2015\/02\/Image26-300x169.jpg 300w, https:\/\/vangrimdecorpssecrets.com\/wp-content\/uploads\/2015\/02\/Image26-768x432.jpg 768w, https:\/\/vangrimdecorpssecrets.com\/wp-content\/uploads\/2015\/02\/Image26-1024x576.jpg 1024w, https:\/\/vangrimdecorpssecrets.com\/wp-content\/uploads\/2015\/02\/Image26.jpg 1920w\" sizes=\"auto, (max-width: 300px) 100vw, 300px\" \/><\/a>\n\t\t\t\t<\/dt><\/dl><dl class='gallery-item'>\n\t\t\t\t<dt class='gallery-icon landscape'>\n\t\t\t\t\t<a class=\"rollover\" href='https:\/\/vangrimdecorpssecrets.com\/en\/oeuvres\/le-corps-en-questions-the-body-in-questions\/photos\/image27\/'><img loading=\"lazy\" decoding=\"async\" width=\"300\" height=\"169\" src=\"https:\/\/vangrimdecorpssecrets.com\/wp-content\/uploads\/2015\/02\/Image27-300x169.jpg\" class=\"attachment-medium size-medium\" alt=\"\" srcset=\"https:\/\/vangrimdecorpssecrets.com\/wp-content\/uploads\/2015\/02\/Image27-300x169.jpg 300w, https:\/\/vangrimdecorpssecrets.com\/wp-content\/uploads\/2015\/02\/Image27-768x432.jpg 768w, https:\/\/vangrimdecorpssecrets.com\/wp-content\/uploads\/2015\/02\/Image27-1024x576.jpg 1024w, https:\/\/vangrimdecorpssecrets.com\/wp-content\/uploads\/2015\/02\/Image27.jpg 1920w\" sizes=\"auto, (max-width: 300px) 100vw, 300px\" \/><\/a>\n\t\t\t\t<\/dt><\/dl><dl class='gallery-item'>\n\t\t\t\t<dt class='gallery-icon landscape'>\n\t\t\t\t\t<a class=\"rollover\" href='https:\/\/vangrimdecorpssecrets.com\/en\/oeuvres\/le-corps-en-questions-the-body-in-questions\/photos\/image17\/'><img loading=\"lazy\" decoding=\"async\" width=\"300\" height=\"169\" src=\"https:\/\/vangrimdecorpssecrets.com\/wp-content\/uploads\/2015\/02\/Image17-300x169.jpg\" class=\"attachment-medium size-medium\" alt=\"\" srcset=\"https:\/\/vangrimdecorpssecrets.com\/wp-content\/uploads\/2015\/02\/Image17-300x169.jpg 300w, https:\/\/vangrimdecorpssecrets.com\/wp-content\/uploads\/2015\/02\/Image17-768x432.jpg 768w, https:\/\/vangrimdecorpssecrets.com\/wp-content\/uploads\/2015\/02\/Image17-1024x576.jpg 1024w, https:\/\/vangrimdecorpssecrets.com\/wp-content\/uploads\/2015\/02\/Image17.jpg 1920w\" sizes=\"auto, (max-width: 300px) 100vw, 300px\" \/><\/a>\n\t\t\t\t<\/dt><\/dl><br style=\"clear: both\" \/><dl class='gallery-item'>\n\t\t\t\t<dt class='gallery-icon landscape'>\n\t\t\t\t\t<a class=\"rollover\" href='https:\/\/vangrimdecorpssecrets.com\/en\/oeuvres\/le-corps-en-questions-the-body-in-questions\/photos\/image9\/'><img loading=\"lazy\" decoding=\"async\" width=\"300\" height=\"169\" src=\"https:\/\/vangrimdecorpssecrets.com\/wp-content\/uploads\/2015\/02\/Image9-300x169.jpg\" class=\"attachment-medium size-medium\" alt=\"\" srcset=\"https:\/\/vangrimdecorpssecrets.com\/wp-content\/uploads\/2015\/02\/Image9-300x169.jpg 300w, https:\/\/vangrimdecorpssecrets.com\/wp-content\/uploads\/2015\/02\/Image9-768x432.jpg 768w, https:\/\/vangrimdecorpssecrets.com\/wp-content\/uploads\/2015\/02\/Image9-1024x576.jpg 1024w, https:\/\/vangrimdecorpssecrets.com\/wp-content\/uploads\/2015\/02\/Image9.jpg 1920w\" sizes=\"auto, (max-width: 300px) 100vw, 300px\" \/><\/a>\n\t\t\t\t<\/dt><\/dl><dl class='gallery-item'>\n\t\t\t\t<dt class='gallery-icon landscape'>\n\t\t\t\t\t<a class=\"rollover\" href='https:\/\/vangrimdecorpssecrets.com\/en\/oeuvres\/le-corps-en-questions-the-body-in-questions\/photos\/image13\/'><img loading=\"lazy\" decoding=\"async\" width=\"300\" height=\"169\" src=\"https:\/\/vangrimdecorpssecrets.com\/wp-content\/uploads\/2015\/02\/Image13-300x169.jpg\" class=\"attachment-medium size-medium\" alt=\"\" srcset=\"https:\/\/vangrimdecorpssecrets.com\/wp-content\/uploads\/2015\/02\/Image13-300x169.jpg 300w, https:\/\/vangrimdecorpssecrets.com\/wp-content\/uploads\/2015\/02\/Image13-768x432.jpg 768w, https:\/\/vangrimdecorpssecrets.com\/wp-content\/uploads\/2015\/02\/Image13-1024x576.jpg 1024w, https:\/\/vangrimdecorpssecrets.com\/wp-content\/uploads\/2015\/02\/Image13.jpg 1920w\" sizes=\"auto, (max-width: 300px) 100vw, 300px\" \/><\/a>\n\t\t\t\t<\/dt><\/dl><dl class='gallery-item'>\n\t\t\t\t<dt class='gallery-icon landscape'>\n\t\t\t\t\t<a class=\"rollover\" href='https:\/\/vangrimdecorpssecrets.com\/en\/oeuvres\/le-corps-en-questions-the-body-in-questions\/photos\/image4\/'><img loading=\"lazy\" decoding=\"async\" width=\"300\" height=\"169\" src=\"https:\/\/vangrimdecorpssecrets.com\/wp-content\/uploads\/2015\/02\/Image4-300x169.jpg\" class=\"attachment-medium size-medium\" alt=\"\" srcset=\"https:\/\/vangrimdecorpssecrets.com\/wp-content\/uploads\/2015\/02\/Image4-300x169.jpg 300w, https:\/\/vangrimdecorpssecrets.com\/wp-content\/uploads\/2015\/02\/Image4-768x432.jpg 768w, https:\/\/vangrimdecorpssecrets.com\/wp-content\/uploads\/2015\/02\/Image4-1024x576.jpg 1024w, https:\/\/vangrimdecorpssecrets.com\/wp-content\/uploads\/2015\/02\/Image4.jpg 1920w\" sizes=\"auto, (max-width: 300px) 100vw, 300px\" \/><\/a>\n\t\t\t\t<\/dt><\/dl><dl class='gallery-item'>\n\t\t\t\t<dt class='gallery-icon landscape'>\n\t\t\t\t\t<a class=\"rollover\" href='https:\/\/vangrimdecorpssecrets.com\/en\/oeuvres\/le-corps-en-questions-the-body-in-questions\/photos\/image10\/'><img loading=\"lazy\" decoding=\"async\" width=\"300\" height=\"169\" src=\"https:\/\/vangrimdecorpssecrets.com\/wp-content\/uploads\/2015\/02\/Image10-300x169.jpg\" class=\"attachment-medium size-medium\" alt=\"\" srcset=\"https:\/\/vangrimdecorpssecrets.com\/wp-content\/uploads\/2015\/02\/Image10-300x169.jpg 300w, https:\/\/vangrimdecorpssecrets.com\/wp-content\/uploads\/2015\/02\/Image10-768x432.jpg 768w, https:\/\/vangrimdecorpssecrets.com\/wp-content\/uploads\/2015\/02\/Image10-1024x576.jpg 1024w, https:\/\/vangrimdecorpssecrets.com\/wp-content\/uploads\/2015\/02\/Image10.jpg 1920w\" sizes=\"auto, (max-width: 300px) 100vw, 300px\" \/><\/a>\n\t\t\t\t<\/dt><\/dl><br style=\"clear: both\" \/><dl class='gallery-item'>\n\t\t\t\t<dt class='gallery-icon landscape'>\n\t\t\t\t\t<a class=\"rollover\" href='https:\/\/vangrimdecorpssecrets.com\/en\/oeuvres\/le-corps-en-questions-the-body-in-questions\/photos\/image5\/'><img loading=\"lazy\" decoding=\"async\" width=\"300\" height=\"169\" src=\"https:\/\/vangrimdecorpssecrets.com\/wp-content\/uploads\/2015\/02\/Image5-300x169.jpg\" class=\"attachment-medium size-medium\" alt=\"\" srcset=\"https:\/\/vangrimdecorpssecrets.com\/wp-content\/uploads\/2015\/02\/Image5-300x169.jpg 300w, https:\/\/vangrimdecorpssecrets.com\/wp-content\/uploads\/2015\/02\/Image5-768x432.jpg 768w, https:\/\/vangrimdecorpssecrets.com\/wp-content\/uploads\/2015\/02\/Image5-1024x576.jpg 1024w, https:\/\/vangrimdecorpssecrets.com\/wp-content\/uploads\/2015\/02\/Image5.jpg 1920w\" sizes=\"auto, (max-width: 300px) 100vw, 300px\" \/><\/a>\n\t\t\t\t<\/dt><\/dl><dl class='gallery-item'>\n\t\t\t\t<dt class='gallery-icon landscape'>\n\t\t\t\t\t<a class=\"rollover\" href='https:\/\/vangrimdecorpssecrets.com\/en\/oeuvres\/le-corps-en-questions-the-body-in-questions\/photos\/image16\/'><img loading=\"lazy\" decoding=\"async\" width=\"300\" height=\"169\" src=\"https:\/\/vangrimdecorpssecrets.com\/wp-content\/uploads\/2015\/02\/Image16-300x169.jpg\" class=\"attachment-medium size-medium\" alt=\"\" srcset=\"https:\/\/vangrimdecorpssecrets.com\/wp-content\/uploads\/2015\/02\/Image16-300x169.jpg 300w, https:\/\/vangrimdecorpssecrets.com\/wp-content\/uploads\/2015\/02\/Image16-768x432.jpg 768w, https:\/\/vangrimdecorpssecrets.com\/wp-content\/uploads\/2015\/02\/Image16-1024x576.jpg 1024w, https:\/\/vangrimdecorpssecrets.com\/wp-content\/uploads\/2015\/02\/Image16.jpg 1920w\" sizes=\"auto, (max-width: 300px) 100vw, 300px\" \/><\/a>\n\t\t\t\t<\/dt><\/dl>\n\t\t\t\t<br style='clear: both' \/>\n\t\t\t<\/div>\n\n<h6>Photos : J\u00e9r\u00f4me Delapierre<br \/>\nCommissaire, directrice artistique et chor\u00e9graphe | Curator, Artistic Director and Choreographer Isabelle Van Grimde<br \/>\nArchitecture de l\u2019espace | Space Design \u00c9ric O. Lacroix<br \/>\nInterpr\u00e8tes | Performers<br \/>\nMarie Brassard, Sophie Breton, Marie-\u00c8ve Lafontaine, Robin Poitras, Georges-Nicolas Tremblay, Brian Webb<br \/>\nArtistes visuels | Visual Artists Derek Besant, Brennan\/Caulfied\/Mills, Kate Craig, Foumalade, Anick La Bissonni\u00e8re, \u00c9ric O. Lacroix, Nadia Myre, Maril\u00e8ne Olivier, Monique R\u00e9gimbald-Zeiber<\/h6>\n<p><a href=\"http:\/\/vangrimdecorpssecrets.com\/wp-content\/uploads\/2015\/02\/ceq2_edmonton_examiner_june_17_2015.pdf\" rel=\"\">Edmonton Examiner (June 17, 2015)<\/a><\/p>\n<p><a href=\"http:\/\/www.dinnertelevision.ca\/videos\/4306392398001\/\">Dinner TV (Edmonton &#8211; Alberta)<\/a><\/p>\n<p><a href=\"http:\/\/vangrimdecorpssecrets.com\/wp-content\/uploads\/2015\/02\/Revue-de-presse_version-compresse\u0301e_CEQ2-Edmonton.pdf\">Press review_ceq2-edmonton<\/a><\/p>\n<p><a href=\"http:\/\/vangrimdecorpssecrets.com\/wp-content\/uploads\/2014\/07\/VGCS_dp_ceq2_en.pdf\" rel=\"\">+ Press release<\/a><\/p>","protected":false},"excerpt":{"rendered":"<p>Performers : Marie Brassard, Sophie Breton, Marie-\u00c8ve Lafontaine, Robin Poitras, Georges-Nicolas Tremblay, Brian Webb. Video credit : J\u00e9r\u00f4me Delapierre &nbsp; A cross between choreography, spatial and acoustic architecture, exhibition and interactive digital technology, Le corps en question(s)2\/The Body in Question(s)2 explores the ways in which the massive social, cultural and technological changes in modern societies&hellip;<\/p>\n","protected":false},"author":1,"featured_media":499,"parent":1575,"menu_order":-21,"comment_status":"closed","ping_status":"closed","template":"","meta":{"footnotes":""},"class_list":["post-112","page","type-page","status-publish","has-post-thumbnail","hentry","description-off"],"_links":{"self":[{"href":"https:\/\/vangrimdecorpssecrets.com\/en\/wp-json\/wp\/v2\/pages\/112","targetHints":{"allow":["GET"]}}],"collection":[{"href":"https:\/\/vangrimdecorpssecrets.com\/en\/wp-json\/wp\/v2\/pages"}],"about":[{"href":"https:\/\/vangrimdecorpssecrets.com\/en\/wp-json\/wp\/v2\/types\/page"}],"author":[{"embeddable":true,"href":"https:\/\/vangrimdecorpssecrets.com\/en\/wp-json\/wp\/v2\/users\/1"}],"replies":[{"embeddable":true,"href":"https:\/\/vangrimdecorpssecrets.com\/en\/wp-json\/wp\/v2\/comments?post=112"}],"version-history":[{"count":4,"href":"https:\/\/vangrimdecorpssecrets.com\/en\/wp-json\/wp\/v2\/pages\/112\/revisions"}],"predecessor-version":[{"id":2026,"href":"https:\/\/vangrimdecorpssecrets.com\/en\/wp-json\/wp\/v2\/pages\/112\/revisions\/2026"}],"up":[{"embeddable":true,"href":"https:\/\/vangrimdecorpssecrets.com\/en\/wp-json\/wp\/v2\/pages\/1575"}],"wp:featuredmedia":[{"embeddable":true,"href":"https:\/\/vangrimdecorpssecrets.com\/en\/wp-json\/wp\/v2\/media\/499"}],"wp:attachment":[{"href":"https:\/\/vangrimdecorpssecrets.com\/en\/wp-json\/wp\/v2\/media?parent=112"}],"curies":[{"name":"wp","href":"https:\/\/api.w.org\/{rel}","templated":true}]}}